{"id":3808,"date":"2020-02-28T11:45:43","date_gmt":"2020-02-28T10:45:43","guid":{"rendered":"https:\/\/lcv-hotels.com\/?page_id=3808"},"modified":"2025-08-01T15:43:44","modified_gmt":"2025-08-01T13:43:44","slug":"agb","status":"publish","type":"page","link":"https:\/\/www.lcv-hotels.com\/de\/agb\/","title":{"rendered":"AGB"},"content":{"rendered":"<div class=\"wpb-content-wrapper\"><div class=\"vc_row wpb_row vc_row-fluid\"><div class=\"wpb_column vc_column_container vc_col-sm-12\"><div class=\"vc_column-inner\"><div class=\"wpb_wrapper\">\n\t<div class=\"wpb_text_column wpb_content_element\" >\n\t\t<div class=\"wpb_wrapper\">\n\t\t\t<h3>AGB<\/h3>\n<p><strong><b>\u00a0<\/b><\/strong><\/p>\n<p><strong><b>Artikel 1 \u2013 Geltungsbereich \u2013 Zweck<\/b><\/strong><\/p>\n<p>Diese allgemeinen Verkaufsbedingungen definieren die vertraglichen Beziehungen zwischen LOISIRS COTE VACANCES und den Kunden unserer Hotels und Residenzen, sofern keine besondere schriftliche Ausnahme vorliegt. Sie gelten auch f\u00fcr alle Reservierungen, die \u00fcber unser Reservierungszentrum, direkt bei unseren Hotels und Residenzen oder \u00fcber das Internet vorgenommen werden. Die Registrierung der Reservierung und die \u00dcbermittlung der Best\u00e4tigung sind ein Beweis f\u00fcr die Transaktion und die Annahme der durchgef\u00fchrten Operationen. Jede best\u00e4tigte Reservierung beinhaltet die ausdr\u00fcckliche und vollst\u00e4ndige Annahme unserer allgemeinen Verkaufsbedingungen, die Anerkennung der perfekten Kenntnis davon und den Verzicht auf die Inanspruchnahme ihrer eigenen Einkaufsbedingungen oder anderer Bedingungen.<\/p>\n<p><strong><b>Artikel 2 \u2013 Reservierungs- und Zahlungsmethoden<\/b><\/strong><\/p>\n<p>Die Reservierung einer Wohnung ist erst nach Annahme durch die Reservierungsabteilung oder des Direktors der Residenz g\u00fcltig und durch die Anzahlung von 30% des Gesamtbetrags des Aufenthalts (Residenzen) und die Bereitstellung einer Kreditkartennummer (Hotels). Im Falle einer Vorauszahlung muss der Restbetrag 30 Tage vor Ihrer Ankunft, ohne Mahnung von uns, bezahlt werden. Andernfalls behalten wir uns das Recht vor, Ihre Anmeldung als storniert zu betrachten und die angegebenen Stornierungsgeb\u00fchren zu erheben.<\/p>\n<p>Bei der Online-Buchung wird der Kunde vollst\u00e4ndig dar\u00fcber informiert, dass ein Monat vor Reiseantritt der Restbetrag des Aufenthaltspreises und gegebenenfalls der damit verbundenen Dienstleistungen automatisch und ohne vorherige Ank\u00fcndigung von der zum Zeitpunkt der Reservierung verwendeten Kreditkarte abgebucht wird.<\/p>\n<p>Bei Reservierungen, die weniger als 1 Monat vor Beginn des Aufenthalts erfolgen, muss die vollst\u00e4ndige Zahlung zum Zeitpunkt der Buchung erfolgen.<\/p>\n<p>F\u00fcr vorbeikommende Kunden und monatliche Aufenthalte erfolgt die Zahlung gegen Vorlage der Rechnung bei der Ankunft.<\/p>\n<p>Die Rechnungen werden im Namen des Bewohners oder der f\u00fcr den Aufenthalt verantwortlichen juristischen Person erstellt. Der Bewohner muss die Annahme seiner Lebenshaltungskosten durch die juristische Person begr\u00fcnden, andernfalls wird die Rechnung in seinem Namen erstellt.<\/p>\n<p><strong><b>Artikel 3 \u2013 Stornierung<\/b><\/strong><\/p>\n<p>Jede Stornierung des Aufenthalts muss per Einschreiben mit Empfangsbest\u00e4tigung an unsere Reservierungsabteilung mitgeteilt werden und wird am Tag des Eingangs ber\u00fccksichtigt.<\/p>\n<p><strong><b>LCV-Residenzen :<\/b><\/strong><\/p>\n<p>Stornierungsentsch\u00e4digungen werden in den folgenden F\u00e4llen und Bedingungen von Rechts wegen und ohne Formalit\u00e4ten erhalten:<\/p>\n<ul>\n<li>Bei einer Stornierung mehr als 7 Tage vor Ihrer Ankunft werden die Buchungsgeb\u00fchren einbehalten.<\/li>\n<li>Bei Stornierung zwischen dem 7. und 3. Tag vor Ihrer Ankunft werden 50% des Gesamtbetrags des Aufenthalts und die Buchungsgeb\u00fchren einbehalten.<\/li>\n<li>Bei Stornierung 3 Tage oder weniger vor Ihrer Ankunft oder bei Nichterscheinen werden 100% der Aufenthalts- und Buchungsgeb\u00fchren einbehalten.<\/li>\n<\/ul>\n<p><strong><b>LCV Hotels und Hotelresidenzen :<\/b><\/strong><\/p>\n<p>Stornierungsentsch\u00e4digungen werden in den folgenden F\u00e4llen und Bedingungen von Rechts wegen und ohne Formalit\u00e4ten erhalten:<\/p>\n<ul>\n<li>Bei Stornierung 2 Tage oder weniger vor Ihrem Ankunftsdatum oder bei Nichterscheinen wird die erste Nacht des Aufenthalts von Ihrer Kreditkarte abgebucht. Um eine m\u00f6gliche R\u00fcckerstattung zu erhalten, empfehlen wir Ihnen, eine Stornierungsversicherung abzuschliessen.<\/li>\n<\/ul>\n<p><strong><b>Artikel 4 \u2013 Aufenthaltsdauer<\/b><\/strong><\/p>\n<p>Mit Ausnahme spezifischer Vertr\u00e4ge mit unseren Partnern (\u201eAllotment\u201c) darf f\u00fcr einen Zeitraum von mehr als 1 Monat kein Mietvertrag unterzeichnet werden.<\/p>\n<p><strong><b>Erweiterung<\/b><\/strong><\/p>\n<p>Je nach Verf\u00fcgbarkeit und nach Ermessen des Direktors der Residenz kann die Aufenthaltsdauer verl\u00e4ngert werden. Im Falle einer Verl\u00e4ngerung wird ein neuer Mietvertrag unterzeichnet. Jede Verl\u00e4ngerung setzt voraus, dass alle vom Kunden f\u00fcr seinen vorherigen Aufenthalt geschuldeten Betr\u00e4ge im Voraus beglichen werden.<\/p>\n<p><strong><b>Vorzeitige Abreise<\/b><\/strong><\/p>\n<p>Der Aufenthalt kann vor Ablauf der vertraglich vereinbarten Frist unterbrochen werden, indem der Residenzverwalter innerhalb der folgenden Fristen informiert wird:<\/p>\n<ul>\n<li>Bei einem Aufenthalt von weniger als 7 N\u00e4chten mehr als 48 Stunden im Voraus.<\/li>\n<li>Mehr als 7 Tage im Voraus f\u00fcr einen Aufenthalt von 7 bis 29 N\u00e4chten.<\/li>\n<\/ul>\n<p>Bei vorzeitiger Abreise gilt der Preis, der der so verk\u00fcrzten Dauer entspricht. Jede mit einer Abreise verbundene Preis\u00e4nderung wird r\u00fcckwirkend ab dem Datum ihrer Ankunft auf das Konto des Kunden \u00fcberwiesen.<\/p>\n<p><strong><b>Artikel 5 \u2013 Ankunft \/ Abreise<\/b><\/strong><\/p>\n<p>LCV-Residenzen :<br \/>\nIn der Hochsaison betr\u00e4gt der Mindestaufenthalt, sofern nicht ausdr\u00fccklich von der Reservierungsabteilung oder dem Manager der Residenz vereinbart, 7 N\u00e4chte. Die Ankunft ist am Samstag zwischen 17.00 und 20.00 Uhr und die Abreise am folgenden Samstag vor 10.00 Uhr geplant.<\/p>\n<p>In der Nebensaison sind die Anreisetage frei, der Mindestaufenthalt betr\u00e4gt 2 N\u00e4chte, die Ankunft ab 17.00 Uhr und die Abreise vor 10.00 Uhr.<\/p>\n<p><strong><b>Artikle 6 \u2013 Preis<\/b><\/strong><\/p>\n<p>Unsere Preise verstehen sich inklusive aller Steuern und beinhalten, sofern im Mietvertrag nichts anderes bestimmt ist, die Bereitstellung von Unterkunft und Geb\u00fchren (Strom extra f\u00fcr monatliche Anmietungen). Die Kurtaxe ist pro Person und Tag ab 18 Jahren und vor Ort bezahlbar.<\/p>\n\n\t\t<\/div>\n\t<\/div>\n<\/div><\/div><\/div><\/div>\n<\/div>","protected":false},"excerpt":{"rendered":"Conditions G\u00e9n\u00e9rales de Vente \u00a0 Article 1 - Champ d\u2019application \u2013 Objet Les pr\u00e9sentes conditions g\u00e9n\u00e9rales de vente d\u00e9finissent les [...]","protected":false},"author":2,"featured_media":0,"parent":0,"menu_order":0,"comment_status":"closed","ping_status":"closed","template":"template-default.php","meta":{"_acf_changed":false,"om_disable_all_campaigns":false,"footnotes":""},"class_list":["post-3808","page","type-page","status-publish","hentry"],"acf":[],"yoast_head":"<!-- This site is optimized with the Yoast SEO plugin v26.8 - https:\/\/yoast.com\/product\/yoast-seo-wordpress\/ -->\n<title>Conditions G\u00e9n\u00e9rales de Vente - LCV<\/title>\n<meta name=\"robots\" content=\"index, nofollow, max-snippet:-1, max-image-preview:large, max-video-preview:-1\" \/>\n<link rel=\"canonical\" href=\"https:\/\/www.lcv-hotels.com\/de\/agb\/\" \/>\n<meta property=\"og:locale\" content=\"de_DE\" \/>\n<meta property=\"og:type\" content=\"article\" \/>\n<meta property=\"og:title\" content=\"Conditions G\u00e9n\u00e9rales de Vente - LCV\" \/>\n<meta property=\"og:url\" content=\"https:\/\/www.lcv-hotels.com\/de\/agb\/\" \/>\n<meta property=\"og:site_name\" content=\"LCV\" \/>\n<meta property=\"article:modified_time\" content=\"2025-08-01T13:43:44+00:00\" \/>\n<meta name=\"twitter:card\" content=\"summary_large_image\" \/>\n<meta name=\"twitter:label1\" content=\"Gesch\u00e4tzte Lesezeit\" \/>\n\t<meta name=\"twitter:data1\" content=\"5\u00a0Minuten\" \/>\n<script type=\"application\/ld+json\" class=\"yoast-schema-graph\">{\"@context\":\"https:\/\/schema.org\",\"@graph\":[{\"@type\":\"WebPage\",\"@id\":\"https:\/\/www.lcv-hotels.com\/conditions-generales-de-vente\/\",\"url\":\"https:\/\/www.lcv-hotels.com\/conditions-generales-de-vente\/\",\"name\":\"Conditions G\u00e9n\u00e9rales de Vente - LCV\",\"isPartOf\":{\"@id\":\"https:\/\/www.lcv-hotels.com\/#website\"},\"datePublished\":\"2020-02-28T10:45:43+00:00\",\"dateModified\":\"2025-08-01T13:43:44+00:00\",\"breadcrumb\":{\"@id\":\"https:\/\/www.lcv-hotels.com\/conditions-generales-de-vente\/#breadcrumb\"},\"inLanguage\":\"de\",\"potentialAction\":[{\"@type\":\"ReadAction\",\"target\":[\"https:\/\/www.lcv-hotels.com\/conditions-generales-de-vente\/\"]}]},{\"@type\":\"BreadcrumbList\",\"@id\":\"https:\/\/www.lcv-hotels.com\/conditions-generales-de-vente\/#breadcrumb\",\"itemListElement\":[{\"@type\":\"ListItem\",\"position\":1,\"name\":\"Accueil\",\"item\":\"https:\/\/www.lcv-hotels.com\/\"},{\"@type\":\"ListItem\",\"position\":2,\"name\":\"Conditions G\u00e9n\u00e9rales de Vente\"}]},{\"@type\":\"WebSite\",\"@id\":\"https:\/\/www.lcv-hotels.com\/#website\",\"url\":\"https:\/\/www.lcv-hotels.com\/\",\"name\":\"LCV\",\"description\":\"Vos vacances en France et en Suisse \u00e0 petit prix\",\"publisher\":{\"@id\":\"https:\/\/www.lcv-hotels.com\/#organization\"},\"potentialAction\":[{\"@type\":\"SearchAction\",\"target\":{\"@type\":\"EntryPoint\",\"urlTemplate\":\"https:\/\/www.lcv-hotels.com\/?s={search_term_string}\"},\"query-input\":{\"@type\":\"PropertyValueSpecification\",\"valueRequired\":true,\"valueName\":\"search_term_string\"}}],\"inLanguage\":\"de\"},{\"@type\":\"Organization\",\"@id\":\"https:\/\/www.lcv-hotels.com\/#organization\",\"name\":\"LCV\",\"url\":\"https:\/\/www.lcv-hotels.com\/\",\"logo\":{\"@type\":\"ImageObject\",\"inLanguage\":\"de\",\"@id\":\"https:\/\/www.lcv-hotels.com\/#\/schema\/logo\/image\/\",\"url\":\"https:\/\/www.lcv-hotels.com\/wp-content\/uploads\/2025\/08\/logo_LCV.svg\",\"contentUrl\":\"https:\/\/www.lcv-hotels.com\/wp-content\/uploads\/2025\/08\/logo_LCV.svg\",\"caption\":\"LCV\"},\"image\":{\"@id\":\"https:\/\/www.lcv-hotels.com\/#\/schema\/logo\/image\/\"}}]}<\/script>\n<!-- \/ Yoast SEO plugin. -->","yoast_head_json":{"title":"Conditions G\u00e9n\u00e9rales de Vente - LCV","robots":{"index":"index","follow":"nofollow","max-snippet":"max-snippet:-1","max-image-preview":"max-image-preview:large","max-video-preview":"max-video-preview:-1"},"canonical":"https:\/\/www.lcv-hotels.com\/de\/agb\/","og_locale":"de_DE","og_type":"article","og_title":"Conditions G\u00e9n\u00e9rales de Vente - LCV","og_url":"https:\/\/www.lcv-hotels.com\/de\/agb\/","og_site_name":"LCV","article_modified_time":"2025-08-01T13:43:44+00:00","twitter_card":"summary_large_image","twitter_misc":{"Gesch\u00e4tzte Lesezeit":"5\u00a0Minuten"},"schema":{"@context":"https:\/\/schema.org","@graph":[{"@type":"WebPage","@id":"https:\/\/www.lcv-hotels.com\/conditions-generales-de-vente\/","url":"https:\/\/www.lcv-hotels.com\/conditions-generales-de-vente\/","name":"Conditions G\u00e9n\u00e9rales de Vente - LCV","isPartOf":{"@id":"https:\/\/www.lcv-hotels.com\/#website"},"datePublished":"2020-02-28T10:45:43+00:00","dateModified":"2025-08-01T13:43:44+00:00","breadcrumb":{"@id":"https:\/\/www.lcv-hotels.com\/conditions-generales-de-vente\/#breadcrumb"},"inLanguage":"de","potentialAction":[{"@type":"ReadAction","target":["https:\/\/www.lcv-hotels.com\/conditions-generales-de-vente\/"]}]},{"@type":"BreadcrumbList","@id":"https:\/\/www.lcv-hotels.com\/conditions-generales-de-vente\/#breadcrumb","itemListElement":[{"@type":"ListItem","position":1,"name":"Accueil","item":"https:\/\/www.lcv-hotels.com\/"},{"@type":"ListItem","position":2,"name":"Conditions G\u00e9n\u00e9rales de Vente"}]},{"@type":"WebSite","@id":"https:\/\/www.lcv-hotels.com\/#website","url":"https:\/\/www.lcv-hotels.com\/","name":"LCV","description":"Ihr Urlaub in Frankreich und der Schweiz zum kleinen Preis","publisher":{"@id":"https:\/\/www.lcv-hotels.com\/#organization"},"potentialAction":[{"@type":"SearchAction","target":{"@type":"EntryPoint","urlTemplate":"https:\/\/www.lcv-hotels.com\/?s={search_term_string}"},"query-input":{"@type":"PropertyValueSpecification","valueRequired":true,"valueName":"search_term_string"}}],"inLanguage":"de"},{"@type":"Organization","@id":"https:\/\/www.lcv-hotels.com\/#organization","name":"LCV","url":"https:\/\/www.lcv-hotels.com\/","logo":{"@type":"ImageObject","inLanguage":"de","@id":"https:\/\/www.lcv-hotels.com\/#\/schema\/logo\/image\/","url":"https:\/\/www.lcv-hotels.com\/wp-content\/uploads\/2025\/08\/logo_LCV.svg","contentUrl":"https:\/\/www.lcv-hotels.com\/wp-content\/uploads\/2025\/08\/logo_LCV.svg","caption":"LCV"},"image":{"@id":"https:\/\/www.lcv-hotels.com\/#\/schema\/logo\/image\/"}}]}},"post_mailing_queue_ids":[],"_links":{"self":[{"href":"https:\/\/www.lcv-hotels.com\/de\/wp-json\/wp\/v2\/pages\/3808","targetHints":{"allow":["GET"]}}],"collection":[{"href":"https:\/\/www.lcv-hotels.com\/de\/wp-json\/wp\/v2\/pages"}],"about":[{"href":"https:\/\/www.lcv-hotels.com\/de\/wp-json\/wp\/v2\/types\/page"}],"author":[{"embeddable":true,"href":"https:\/\/www.lcv-hotels.com\/de\/wp-json\/wp\/v2\/users\/2"}],"replies":[{"embeddable":true,"href":"https:\/\/www.lcv-hotels.com\/de\/wp-json\/wp\/v2\/comments?post=3808"}],"version-history":[{"count":3,"href":"https:\/\/www.lcv-hotels.com\/de\/wp-json\/wp\/v2\/pages\/3808\/revisions"}],"predecessor-version":[{"id":5110,"href":"https:\/\/www.lcv-hotels.com\/de\/wp-json\/wp\/v2\/pages\/3808\/revisions\/5110"}],"wp:attachment":[{"href":"https:\/\/www.lcv-hotels.com\/de\/wp-json\/wp\/v2\/media?parent=3808"}],"curies":[{"name":"wp","href":"https:\/\/api.w.org\/{rel}","templated":true}]}}