{"id":41340,"date":"2023-03-30T10:20:55","date_gmt":"2023-03-30T08:20:55","guid":{"rendered":"https:\/\/lcv-hotels.com\/?page_id=41340"},"modified":"2025-08-01T15:43:44","modified_gmt":"2025-08-01T13:43:44","slug":"on-dirait-le-sud","status":"publish","type":"page","link":"https:\/\/www.lcv-hotels.com\/de\/on-dirait-le-sud\/","title":{"rendered":"Sieht aus wie der S\u00fcden"},"content":{"rendered":"<figure class=\"wp-block-image size-full\"><img loading=\"lazy\" decoding=\"async\" width=\"756\" height=\"504\" src=\"https:\/\/lcv-hotels.com\/wp-content\/uploads\/2023\/02\/mimosa.jpg\" alt=\"Roquebrune\" class=\"wp-image-40659\" srcset=\"https:\/\/www.lcv-hotels.com\/wp-content\/uploads\/2023\/02\/mimosa.jpg 756w, https:\/\/www.lcv-hotels.com\/wp-content\/uploads\/2023\/02\/mimosa-330x220.jpg 330w\" sizes=\"auto, (max-width: 756px) 100vw, 756px\" \/><\/figure>\n\n\n\n<p>C\u2019est l\u2019hiver en<strong> Provence<\/strong>, c\u2019est le moment pour les mimosas de faire leur apparition dans les jardins et sentiers.<\/p>\n\n\n\n<p>Petites boules jaune vif, ces fleurs au parfum subtile de miel et de paille, sont le symbole de l\u2019hiver sur la <strong>c\u00f4te d\u2019Azur<\/strong>.<\/p>\n\n\n\n<p>De Pierre Bonnard, \u00e0 Mila Kocheva, cette fleur typique du <strong>sud de la France<\/strong> continue d\u2019inspirer les artistes peintres \u00e0 travers les si\u00e8cles.<\/p>\n\n\n\n<p>La floraison des mimosas est de janvier \u00e0 mars et vous pouvez les retrouver en quantit\u00e9 \u00e0\u00a0<a href=\"https:\/\/www.les-parasols-dargens.com\/\">Roquebrune-sur-Argens <\/a>\u00a0tout au long des sentiers. Vous pouvez m\u00eame faire des randonn\u00e9es d\u00e9di\u00e9es \u00e0 ces magnifiques petits soleils en cette p\u00e9riode de l\u2019ann\u00e9e.<\/p>\n\n\n\n<p><\/p>","protected":false},"excerpt":{"rendered":"<p>C\u2019est l\u2019hiver en Provence, c\u2019est le moment pour les mimosas de faire leur apparition dans les jardins et sentiers. Petites [&hellip;]<\/p>","protected":false},"author":8,"featured_media":0,"parent":0,"menu_order":0,"comment_status":"closed","ping_status":"closed","template":"","meta":{"_acf_changed":false,"om_disable_all_campaigns":false,"footnotes":""},"class_list":["post-41340","page","type-page","status-publish","hentry"],"acf":[],"yoast_head":"<!-- This site is optimized with the Yoast SEO plugin v26.8 - https:\/\/yoast.com\/product\/yoast-seo-wordpress\/ -->\n<title>On dirait le Sud - LCV<\/title>\n<meta name=\"robots\" content=\"index, follow, max-snippet:-1, max-image-preview:large, max-video-preview:-1\" \/>\n<link rel=\"canonical\" href=\"https:\/\/www.lcv-hotels.com\/de\/on-dirait-le-sud\/\" \/>\n<meta property=\"og:locale\" content=\"de_DE\" \/>\n<meta property=\"og:type\" content=\"article\" \/>\n<meta property=\"og:title\" content=\"On dirait le Sud - LCV\" \/>\n<meta property=\"og:description\" content=\"C\u2019est l\u2019hiver en Provence, c\u2019est le moment pour les mimosas de faire leur apparition dans les jardins et sentiers. Petites [&hellip;]\" \/>\n<meta property=\"og:url\" content=\"https:\/\/www.lcv-hotels.com\/de\/on-dirait-le-sud\/\" \/>\n<meta property=\"og:site_name\" content=\"LCV\" \/>\n<meta property=\"article:modified_time\" content=\"2025-08-01T13:43:44+00:00\" \/>\n<meta property=\"og:image\" content=\"https:\/\/lcv-hotels.com\/wp-content\/uploads\/2023\/02\/mimosa.jpg\" \/>\n<meta name=\"twitter:card\" content=\"summary_large_image\" \/>\n<meta name=\"twitter:label1\" content=\"Gesch\u00e4tzte Lesezeit\" \/>\n\t<meta name=\"twitter:data1\" content=\"1\u00a0Minute\" \/>\n<script type=\"application\/ld+json\" class=\"yoast-schema-graph\">{\"@context\":\"https:\/\/schema.org\",\"@graph\":[{\"@type\":\"WebPage\",\"@id\":\"https:\/\/www.lcv-hotels.com\/on-dirait-le-sud\/\",\"url\":\"https:\/\/www.lcv-hotels.com\/on-dirait-le-sud\/\",\"name\":\"On dirait le Sud - LCV\",\"isPartOf\":{\"@id\":\"https:\/\/www.lcv-hotels.com\/#website\"},\"primaryImageOfPage\":{\"@id\":\"https:\/\/www.lcv-hotels.com\/on-dirait-le-sud\/#primaryimage\"},\"image\":{\"@id\":\"https:\/\/www.lcv-hotels.com\/on-dirait-le-sud\/#primaryimage\"},\"thumbnailUrl\":\"https:\/\/lcv-hotels.com\/wp-content\/uploads\/2023\/02\/mimosa.jpg\",\"datePublished\":\"2023-03-30T08:20:55+00:00\",\"dateModified\":\"2025-08-01T13:43:44+00:00\",\"breadcrumb\":{\"@id\":\"https:\/\/www.lcv-hotels.com\/on-dirait-le-sud\/#breadcrumb\"},\"inLanguage\":\"de\",\"potentialAction\":[{\"@type\":\"ReadAction\",\"target\":[\"https:\/\/www.lcv-hotels.com\/on-dirait-le-sud\/\"]}]},{\"@type\":\"ImageObject\",\"inLanguage\":\"de\",\"@id\":\"https:\/\/www.lcv-hotels.com\/on-dirait-le-sud\/#primaryimage\",\"url\":\"https:\/\/lcv-hotels.com\/wp-content\/uploads\/2023\/02\/mimosa.jpg\",\"contentUrl\":\"https:\/\/lcv-hotels.com\/wp-content\/uploads\/2023\/02\/mimosa.jpg\"},{\"@type\":\"BreadcrumbList\",\"@id\":\"https:\/\/www.lcv-hotels.com\/on-dirait-le-sud\/#breadcrumb\",\"itemListElement\":[{\"@type\":\"ListItem\",\"position\":1,\"name\":\"Accueil\",\"item\":\"https:\/\/www.lcv-hotels.com\/\"},{\"@type\":\"ListItem\",\"position\":2,\"name\":\"On dirait le Sud\"}]},{\"@type\":\"WebSite\",\"@id\":\"https:\/\/www.lcv-hotels.com\/#website\",\"url\":\"https:\/\/www.lcv-hotels.com\/\",\"name\":\"LCV\",\"description\":\"Vos vacances en France et en Suisse \u00e0 petit prix\",\"publisher\":{\"@id\":\"https:\/\/www.lcv-hotels.com\/#organization\"},\"potentialAction\":[{\"@type\":\"SearchAction\",\"target\":{\"@type\":\"EntryPoint\",\"urlTemplate\":\"https:\/\/www.lcv-hotels.com\/?s={search_term_string}\"},\"query-input\":{\"@type\":\"PropertyValueSpecification\",\"valueRequired\":true,\"valueName\":\"search_term_string\"}}],\"inLanguage\":\"de\"},{\"@type\":\"Organization\",\"@id\":\"https:\/\/www.lcv-hotels.com\/#organization\",\"name\":\"LCV\",\"url\":\"https:\/\/www.lcv-hotels.com\/\",\"logo\":{\"@type\":\"ImageObject\",\"inLanguage\":\"de\",\"@id\":\"https:\/\/www.lcv-hotels.com\/#\/schema\/logo\/image\/\",\"url\":\"https:\/\/www.lcv-hotels.com\/wp-content\/uploads\/2025\/08\/logo_LCV.svg\",\"contentUrl\":\"https:\/\/www.lcv-hotels.com\/wp-content\/uploads\/2025\/08\/logo_LCV.svg\",\"caption\":\"LCV\"},\"image\":{\"@id\":\"https:\/\/www.lcv-hotels.com\/#\/schema\/logo\/image\/\"}}]}<\/script>\n<!-- \/ Yoast SEO plugin. -->","yoast_head_json":{"title":"On dirait le Sud - LCV","robots":{"index":"index","follow":"follow","max-snippet":"max-snippet:-1","max-image-preview":"max-image-preview:large","max-video-preview":"max-video-preview:-1"},"canonical":"https:\/\/www.lcv-hotels.com\/de\/on-dirait-le-sud\/","og_locale":"de_DE","og_type":"article","og_title":"On dirait le Sud - LCV","og_description":"C\u2019est l\u2019hiver en Provence, c\u2019est le moment pour les mimosas de faire leur apparition dans les jardins et sentiers. Petites [&hellip;]","og_url":"https:\/\/www.lcv-hotels.com\/de\/on-dirait-le-sud\/","og_site_name":"LCV","article_modified_time":"2025-08-01T13:43:44+00:00","og_image":[{"url":"https:\/\/lcv-hotels.com\/wp-content\/uploads\/2023\/02\/mimosa.jpg","type":"","width":"","height":""}],"twitter_card":"summary_large_image","twitter_misc":{"Gesch\u00e4tzte Lesezeit":"1\u00a0Minute"},"schema":{"@context":"https:\/\/schema.org","@graph":[{"@type":"WebPage","@id":"https:\/\/www.lcv-hotels.com\/on-dirait-le-sud\/","url":"https:\/\/www.lcv-hotels.com\/on-dirait-le-sud\/","name":"On dirait le Sud - LCV","isPartOf":{"@id":"https:\/\/www.lcv-hotels.com\/#website"},"primaryImageOfPage":{"@id":"https:\/\/www.lcv-hotels.com\/on-dirait-le-sud\/#primaryimage"},"image":{"@id":"https:\/\/www.lcv-hotels.com\/on-dirait-le-sud\/#primaryimage"},"thumbnailUrl":"https:\/\/lcv-hotels.com\/wp-content\/uploads\/2023\/02\/mimosa.jpg","datePublished":"2023-03-30T08:20:55+00:00","dateModified":"2025-08-01T13:43:44+00:00","breadcrumb":{"@id":"https:\/\/www.lcv-hotels.com\/on-dirait-le-sud\/#breadcrumb"},"inLanguage":"de","potentialAction":[{"@type":"ReadAction","target":["https:\/\/www.lcv-hotels.com\/on-dirait-le-sud\/"]}]},{"@type":"ImageObject","inLanguage":"de","@id":"https:\/\/www.lcv-hotels.com\/on-dirait-le-sud\/#primaryimage","url":"https:\/\/lcv-hotels.com\/wp-content\/uploads\/2023\/02\/mimosa.jpg","contentUrl":"https:\/\/lcv-hotels.com\/wp-content\/uploads\/2023\/02\/mimosa.jpg"},{"@type":"BreadcrumbList","@id":"https:\/\/www.lcv-hotels.com\/on-dirait-le-sud\/#breadcrumb","itemListElement":[{"@type":"ListItem","position":1,"name":"Accueil","item":"https:\/\/www.lcv-hotels.com\/"},{"@type":"ListItem","position":2,"name":"On dirait le Sud"}]},{"@type":"WebSite","@id":"https:\/\/www.lcv-hotels.com\/#website","url":"https:\/\/www.lcv-hotels.com\/","name":"LCV","description":"Ihr Urlaub in Frankreich und der Schweiz zum kleinen Preis","publisher":{"@id":"https:\/\/www.lcv-hotels.com\/#organization"},"potentialAction":[{"@type":"SearchAction","target":{"@type":"EntryPoint","urlTemplate":"https:\/\/www.lcv-hotels.com\/?s={search_term_string}"},"query-input":{"@type":"PropertyValueSpecification","valueRequired":true,"valueName":"search_term_string"}}],"inLanguage":"de"},{"@type":"Organization","@id":"https:\/\/www.lcv-hotels.com\/#organization","name":"LCV","url":"https:\/\/www.lcv-hotels.com\/","logo":{"@type":"ImageObject","inLanguage":"de","@id":"https:\/\/www.lcv-hotels.com\/#\/schema\/logo\/image\/","url":"https:\/\/www.lcv-hotels.com\/wp-content\/uploads\/2025\/08\/logo_LCV.svg","contentUrl":"https:\/\/www.lcv-hotels.com\/wp-content\/uploads\/2025\/08\/logo_LCV.svg","caption":"LCV"},"image":{"@id":"https:\/\/www.lcv-hotels.com\/#\/schema\/logo\/image\/"}}]}},"post_mailing_queue_ids":[],"_links":{"self":[{"href":"https:\/\/www.lcv-hotels.com\/de\/wp-json\/wp\/v2\/pages\/41340","targetHints":{"allow":["GET"]}}],"collection":[{"href":"https:\/\/www.lcv-hotels.com\/de\/wp-json\/wp\/v2\/pages"}],"about":[{"href":"https:\/\/www.lcv-hotels.com\/de\/wp-json\/wp\/v2\/types\/page"}],"author":[{"embeddable":true,"href":"https:\/\/www.lcv-hotels.com\/de\/wp-json\/wp\/v2\/users\/8"}],"replies":[{"embeddable":true,"href":"https:\/\/www.lcv-hotels.com\/de\/wp-json\/wp\/v2\/comments?post=41340"}],"version-history":[{"count":1,"href":"https:\/\/www.lcv-hotels.com\/de\/wp-json\/wp\/v2\/pages\/41340\/revisions"}],"predecessor-version":[{"id":41341,"href":"https:\/\/www.lcv-hotels.com\/de\/wp-json\/wp\/v2\/pages\/41340\/revisions\/41341"}],"wp:attachment":[{"href":"https:\/\/www.lcv-hotels.com\/de\/wp-json\/wp\/v2\/media?parent=41340"}],"curies":[{"name":"wp","href":"https:\/\/api.w.org\/{rel}","templated":true}]}}