{"id":41917,"date":"2023-05-31T12:14:37","date_gmt":"2023-05-31T10:14:37","guid":{"rendered":"https:\/\/lcv-hotels.com\/?page_id=41917"},"modified":"2025-09-16T14:30:35","modified_gmt":"2025-09-16T12:30:35","slug":"nouvelle-saison-nouvelle-invitation-2","status":"publish","type":"page","link":"https:\/\/www.lcv-hotels.com\/de\/nouvelle-saison-nouvelle-invitation-2\/","title":{"rendered":"Genie\u00dfen Sie einen Sommer am Pool"},"content":{"rendered":"<div class=\"wp-block-image\">\n<figure class=\"aligncenter size-full\"><img loading=\"lazy\" decoding=\"async\" width=\"600\" height=\"600\" src=\"https:\/\/lcv-hotels.com\/wp-content\/uploads\/2020\/01\/features_parasol_d_argens.jpg\" alt=\"\" class=\"wp-image-779\" srcset=\"https:\/\/www.lcv-hotels.com\/wp-content\/uploads\/2020\/01\/features_parasol_d_argens.jpg 600w, https:\/\/www.lcv-hotels.com\/wp-content\/uploads\/2020\/01\/features_parasol_d_argens-280x280.jpg 280w, https:\/\/www.lcv-hotels.com\/wp-content\/uploads\/2020\/01\/features_parasol_d_argens-150x150.jpg 150w, https:\/\/www.lcv-hotels.com\/wp-content\/uploads\/2020\/01\/features_parasol_d_argens-300x300.jpg 300w\" sizes=\"auto, (max-width: 600px) 100vw, 600px\" \/><\/figure><\/div>\n\n\n<p><strong>Der Pool der Silberschirme ist ge\u00f6ffnet!<\/strong><\/p>\n\n\n\n<p class=\"has-text-align-left\">Mit der Ankunft des Fr\u00fchlings und dem Glanz des nahenden Sommers freuen wir uns, die Er\u00f6ffnung unseres Swimmingpools in Les Parasols d'Argens anzuk\u00fcndigen, Ihrem bevorzugten Urlaubsziel in <strong>Roquebrune-sur-Argens<\/strong>.<\/p>\n\n\n\n<p class=\"has-text-align-left\">Unsere Wasseroase ist von Mai bis Oktober von 9:00 bis 20:30 Uhr bereit, unsere Bewohner zu empfangen.<\/p>\n\n\n\n<p class=\"has-text-align-left\">Die <strong>Aussenschwimmbad<\/strong> ist w\u00e4hrend des Sommers das Herzst\u00fcck unserer Einrichtung, ein Ort, an dem Familien zusammenkommen, um sich zu entspannen, zu schwimmen und viele sch\u00f6ne Momente zu erleben.<\/p>\n\n\n\n<p class=\"has-text-align-left\">Unser Pool ist von einem beruhigenden Blau und l\u00e4dt zum Entspannen und Genie\u00dfen unter der milden Sonne der C\u00f4te d'Azur ein.<\/p>\n\n\n\n<p class=\"has-text-align-left\">F\u00fcr Kinder haben wir ein besonderes Augenmerk. Vergesst eure Schwimmfl\u00fcgel nicht, kleine Schwimmer! Wir m\u00f6chten, dass das Schwimmbad ein Ort des Gl\u00fccks und der Sicherheit f\u00fcr alle ist. Au\u00dferdem wird die Verwendung von Sonnencreme dringend empfohlen, um Sie beim Faulenzen oder Schwimmen vor den Sonnenstrahlen zu sch\u00fctzen.<\/p>\n\n\n\n<p class=\"has-text-align-left\">Wir ermutigen alle unsere Bewohner, sich an die Sicherheitsvorschriften zu halten und anderen gegen\u00fcber h\u00f6flich zu sein. Die Einhaltung der Regeln garantiert eine angenehme und sorgenfreie Erfahrung f\u00fcr alle.<\/p>\n\n\n\n<p class=\"has-text-align-left\">Also packen Sie Ihre Badeanz\u00fcge und Strandt\u00fccher ein und machen Sie sich auf den Weg zum Pool! Les Parasols d'Argens ist bereit, Sie f\u00fcr einen unvergesslichen Urlaub zu empfangen in<strong> Roquebrune-sur-Argens<\/strong>.<\/p>\n\n\n\n<p class=\"has-text-align-left\">Wir freuen uns darauf, dass Sie unseren sch\u00f6nen Pool und alles, was unsere Einrichtung zu bieten hat, genie\u00dfen.<\/p>\n\n\n\n<p class=\"has-text-align-left\">Erleben Sie unvergessliche Momente unter<strong> die Sonnenschirme von Argens<\/strong>. Der Pool ist ge\u00f6ffnet, das Wasser ist k\u00f6stlich und wir freuen uns darauf, Sie zu begr\u00fc\u00dfen!<\/p>","protected":false},"excerpt":{"rendered":"<p>La piscine des Parasols d&rsquo;argent est ouverte\u202f! Avec l&rsquo;arriv\u00e9e du printemps et l&rsquo;\u00e9clat de l&rsquo;\u00e9t\u00e9 qui approche, nous avons le [&hellip;]<\/p>","protected":false},"author":8,"featured_media":0,"parent":0,"menu_order":0,"comment_status":"closed","ping_status":"closed","template":"","meta":{"_acf_changed":false,"om_disable_all_campaigns":false,"footnotes":""},"class_list":["post-41917","page","type-page","status-publish","hentry"],"acf":[],"yoast_head":"<!-- This site is optimized with the Yoast SEO plugin v26.8 - https:\/\/yoast.com\/product\/yoast-seo-wordpress\/ -->\n<title>Profitez d&#039;un \u00e9t\u00e9 au bord de la piscine - LCV<\/title>\n<meta name=\"robots\" content=\"index, follow, max-snippet:-1, max-image-preview:large, max-video-preview:-1\" \/>\n<link rel=\"canonical\" href=\"https:\/\/www.lcv-hotels.com\/de\/nouvelle-saison-nouvelle-invitation-2\/\" \/>\n<meta property=\"og:locale\" content=\"de_DE\" \/>\n<meta property=\"og:type\" content=\"article\" \/>\n<meta property=\"og:title\" content=\"Profitez d&#039;un \u00e9t\u00e9 au bord de la piscine - LCV\" \/>\n<meta property=\"og:description\" content=\"La piscine des Parasols d&rsquo;argent est ouverte\u202f! Avec l&rsquo;arriv\u00e9e du printemps et l&rsquo;\u00e9clat de l&rsquo;\u00e9t\u00e9 qui approche, nous avons le [&hellip;]\" \/>\n<meta property=\"og:url\" content=\"https:\/\/www.lcv-hotels.com\/de\/nouvelle-saison-nouvelle-invitation-2\/\" \/>\n<meta property=\"og:site_name\" content=\"LCV\" \/>\n<meta property=\"article:modified_time\" content=\"2025-09-16T12:30:35+00:00\" \/>\n<meta property=\"og:image\" content=\"https:\/\/lcv-hotels.com\/wp-content\/uploads\/2020\/01\/features_parasol_d_argens.jpg\" \/>\n<meta name=\"twitter:card\" content=\"summary_large_image\" \/>\n<meta name=\"twitter:label1\" content=\"Gesch\u00e4tzte Lesezeit\" \/>\n\t<meta name=\"twitter:data1\" content=\"2\u00a0Minuten\" \/>\n<script type=\"application\/ld+json\" class=\"yoast-schema-graph\">{\"@context\":\"https:\/\/schema.org\",\"@graph\":[{\"@type\":\"WebPage\",\"@id\":\"https:\/\/www.lcv-hotels.com\/nouvelle-saison-nouvelle-invitation-2\/\",\"url\":\"https:\/\/www.lcv-hotels.com\/nouvelle-saison-nouvelle-invitation-2\/\",\"name\":\"Profitez d'un \u00e9t\u00e9 au bord de la piscine - LCV\",\"isPartOf\":{\"@id\":\"https:\/\/www.lcv-hotels.com\/#website\"},\"primaryImageOfPage\":{\"@id\":\"https:\/\/www.lcv-hotels.com\/nouvelle-saison-nouvelle-invitation-2\/#primaryimage\"},\"image\":{\"@id\":\"https:\/\/www.lcv-hotels.com\/nouvelle-saison-nouvelle-invitation-2\/#primaryimage\"},\"thumbnailUrl\":\"https:\/\/lcv-hotels.com\/wp-content\/uploads\/2020\/01\/features_parasol_d_argens.jpg\",\"datePublished\":\"2023-05-31T10:14:37+00:00\",\"dateModified\":\"2025-09-16T12:30:35+00:00\",\"breadcrumb\":{\"@id\":\"https:\/\/www.lcv-hotels.com\/nouvelle-saison-nouvelle-invitation-2\/#breadcrumb\"},\"inLanguage\":\"de\",\"potentialAction\":[{\"@type\":\"ReadAction\",\"target\":[\"https:\/\/www.lcv-hotels.com\/nouvelle-saison-nouvelle-invitation-2\/\"]}]},{\"@type\":\"ImageObject\",\"inLanguage\":\"de\",\"@id\":\"https:\/\/www.lcv-hotels.com\/nouvelle-saison-nouvelle-invitation-2\/#primaryimage\",\"url\":\"https:\/\/lcv-hotels.com\/wp-content\/uploads\/2020\/01\/features_parasol_d_argens.jpg\",\"contentUrl\":\"https:\/\/lcv-hotels.com\/wp-content\/uploads\/2020\/01\/features_parasol_d_argens.jpg\"},{\"@type\":\"BreadcrumbList\",\"@id\":\"https:\/\/www.lcv-hotels.com\/nouvelle-saison-nouvelle-invitation-2\/#breadcrumb\",\"itemListElement\":[{\"@type\":\"ListItem\",\"position\":1,\"name\":\"Accueil\",\"item\":\"https:\/\/www.lcv-hotels.com\/\"},{\"@type\":\"ListItem\",\"position\":2,\"name\":\"Profitez d&rsquo;un \u00e9t\u00e9 au bord de la piscine\"}]},{\"@type\":\"WebSite\",\"@id\":\"https:\/\/www.lcv-hotels.com\/#website\",\"url\":\"https:\/\/www.lcv-hotels.com\/\",\"name\":\"LCV\",\"description\":\"Vos vacances en France et en Suisse \u00e0 petit prix\",\"publisher\":{\"@id\":\"https:\/\/www.lcv-hotels.com\/#organization\"},\"potentialAction\":[{\"@type\":\"SearchAction\",\"target\":{\"@type\":\"EntryPoint\",\"urlTemplate\":\"https:\/\/www.lcv-hotels.com\/?s={search_term_string}\"},\"query-input\":{\"@type\":\"PropertyValueSpecification\",\"valueRequired\":true,\"valueName\":\"search_term_string\"}}],\"inLanguage\":\"de\"},{\"@type\":\"Organization\",\"@id\":\"https:\/\/www.lcv-hotels.com\/#organization\",\"name\":\"LCV\",\"url\":\"https:\/\/www.lcv-hotels.com\/\",\"logo\":{\"@type\":\"ImageObject\",\"inLanguage\":\"de\",\"@id\":\"https:\/\/www.lcv-hotels.com\/#\/schema\/logo\/image\/\",\"url\":\"https:\/\/www.lcv-hotels.com\/wp-content\/uploads\/2025\/08\/logo_LCV.svg\",\"contentUrl\":\"https:\/\/www.lcv-hotels.com\/wp-content\/uploads\/2025\/08\/logo_LCV.svg\",\"caption\":\"LCV\"},\"image\":{\"@id\":\"https:\/\/www.lcv-hotels.com\/#\/schema\/logo\/image\/\"}}]}<\/script>\n<!-- \/ Yoast SEO plugin. -->","yoast_head_json":{"title":"Genie\u00dfen Sie einen Sommer am Pool - LCV","robots":{"index":"index","follow":"follow","max-snippet":"max-snippet:-1","max-image-preview":"max-image-preview:large","max-video-preview":"max-video-preview:-1"},"canonical":"https:\/\/www.lcv-hotels.com\/de\/nouvelle-saison-nouvelle-invitation-2\/","og_locale":"de_DE","og_type":"article","og_title":"Profitez d'un \u00e9t\u00e9 au bord de la piscine - LCV","og_description":"La piscine des Parasols d&rsquo;argent est ouverte\u202f! Avec l&rsquo;arriv\u00e9e du printemps et l&rsquo;\u00e9clat de l&rsquo;\u00e9t\u00e9 qui approche, nous avons le [&hellip;]","og_url":"https:\/\/www.lcv-hotels.com\/de\/nouvelle-saison-nouvelle-invitation-2\/","og_site_name":"LCV","article_modified_time":"2025-09-16T12:30:35+00:00","og_image":[{"url":"https:\/\/lcv-hotels.com\/wp-content\/uploads\/2020\/01\/features_parasol_d_argens.jpg","type":"","width":"","height":""}],"twitter_card":"summary_large_image","twitter_misc":{"Gesch\u00e4tzte Lesezeit":"2\u00a0Minuten"},"schema":{"@context":"https:\/\/schema.org","@graph":[{"@type":"WebPage","@id":"https:\/\/www.lcv-hotels.com\/nouvelle-saison-nouvelle-invitation-2\/","url":"https:\/\/www.lcv-hotels.com\/nouvelle-saison-nouvelle-invitation-2\/","name":"Genie\u00dfen Sie einen Sommer am Pool - LCV","isPartOf":{"@id":"https:\/\/www.lcv-hotels.com\/#website"},"primaryImageOfPage":{"@id":"https:\/\/www.lcv-hotels.com\/nouvelle-saison-nouvelle-invitation-2\/#primaryimage"},"image":{"@id":"https:\/\/www.lcv-hotels.com\/nouvelle-saison-nouvelle-invitation-2\/#primaryimage"},"thumbnailUrl":"https:\/\/lcv-hotels.com\/wp-content\/uploads\/2020\/01\/features_parasol_d_argens.jpg","datePublished":"2023-05-31T10:14:37+00:00","dateModified":"2025-09-16T12:30:35+00:00","breadcrumb":{"@id":"https:\/\/www.lcv-hotels.com\/nouvelle-saison-nouvelle-invitation-2\/#breadcrumb"},"inLanguage":"de","potentialAction":[{"@type":"ReadAction","target":["https:\/\/www.lcv-hotels.com\/nouvelle-saison-nouvelle-invitation-2\/"]}]},{"@type":"ImageObject","inLanguage":"de","@id":"https:\/\/www.lcv-hotels.com\/nouvelle-saison-nouvelle-invitation-2\/#primaryimage","url":"https:\/\/lcv-hotels.com\/wp-content\/uploads\/2020\/01\/features_parasol_d_argens.jpg","contentUrl":"https:\/\/lcv-hotels.com\/wp-content\/uploads\/2020\/01\/features_parasol_d_argens.jpg"},{"@type":"BreadcrumbList","@id":"https:\/\/www.lcv-hotels.com\/nouvelle-saison-nouvelle-invitation-2\/#breadcrumb","itemListElement":[{"@type":"ListItem","position":1,"name":"Accueil","item":"https:\/\/www.lcv-hotels.com\/"},{"@type":"ListItem","position":2,"name":"Profitez d&rsquo;un \u00e9t\u00e9 au bord de la piscine"}]},{"@type":"WebSite","@id":"https:\/\/www.lcv-hotels.com\/#website","url":"https:\/\/www.lcv-hotels.com\/","name":"LCV","description":"Ihr Urlaub in Frankreich und der Schweiz zum kleinen Preis","publisher":{"@id":"https:\/\/www.lcv-hotels.com\/#organization"},"potentialAction":[{"@type":"SearchAction","target":{"@type":"EntryPoint","urlTemplate":"https:\/\/www.lcv-hotels.com\/?s={search_term_string}"},"query-input":{"@type":"PropertyValueSpecification","valueRequired":true,"valueName":"search_term_string"}}],"inLanguage":"de"},{"@type":"Organization","@id":"https:\/\/www.lcv-hotels.com\/#organization","name":"LCV","url":"https:\/\/www.lcv-hotels.com\/","logo":{"@type":"ImageObject","inLanguage":"de","@id":"https:\/\/www.lcv-hotels.com\/#\/schema\/logo\/image\/","url":"https:\/\/www.lcv-hotels.com\/wp-content\/uploads\/2025\/08\/logo_LCV.svg","contentUrl":"https:\/\/www.lcv-hotels.com\/wp-content\/uploads\/2025\/08\/logo_LCV.svg","caption":"LCV"},"image":{"@id":"https:\/\/www.lcv-hotels.com\/#\/schema\/logo\/image\/"}}]}},"post_mailing_queue_ids":[],"_links":{"self":[{"href":"https:\/\/www.lcv-hotels.com\/de\/wp-json\/wp\/v2\/pages\/41917","targetHints":{"allow":["GET"]}}],"collection":[{"href":"https:\/\/www.lcv-hotels.com\/de\/wp-json\/wp\/v2\/pages"}],"about":[{"href":"https:\/\/www.lcv-hotels.com\/de\/wp-json\/wp\/v2\/types\/page"}],"author":[{"embeddable":true,"href":"https:\/\/www.lcv-hotels.com\/de\/wp-json\/wp\/v2\/users\/8"}],"replies":[{"embeddable":true,"href":"https:\/\/www.lcv-hotels.com\/de\/wp-json\/wp\/v2\/comments?post=41917"}],"version-history":[{"count":8,"href":"https:\/\/www.lcv-hotels.com\/de\/wp-json\/wp\/v2\/pages\/41917\/revisions"}],"predecessor-version":[{"id":70557,"href":"https:\/\/www.lcv-hotels.com\/de\/wp-json\/wp\/v2\/pages\/41917\/revisions\/70557"}],"wp:attachment":[{"href":"https:\/\/www.lcv-hotels.com\/de\/wp-json\/wp\/v2\/media?parent=41917"}],"curies":[{"name":"wp","href":"https:\/\/api.w.org\/{rel}","templated":true}]}}