{"id":42476,"date":"2023-08-11T11:14:02","date_gmt":"2023-08-11T09:14:02","guid":{"rendered":"https:\/\/lcv-hotels.com\/?page_id=42476"},"modified":"2025-08-22T11:06:53","modified_gmt":"2025-08-22T09:06:53","slug":"chateau-doex-decouvrez-les-alpes-suisse","status":"publish","type":"page","link":"https:\/\/www.lcv-hotels.com\/de\/chateau-doex-decouvrez-les-alpes-suisse\/","title":{"rendered":"Ch\u00e2teau d'Oex, entdecken Sie die Schweizer Alpen"},"content":{"rendered":"<div class=\"wpb-content-wrapper\"><div class=\"vc_row wpb_row vc_row-fluid\"><div class=\"wpb_column vc_column_container vc_col-sm-12\"><div class=\"vc_column-inner\"><div class=\"wpb_wrapper\">\n\t<div class=\"wpb_text_column wpb_content_element\" >\n\t\t<div class=\"wpb_wrapper\">\n\t\t\t<p>Quoi de mieux apr\u00e8s une randonn\u00e9e que de se poser en terrasse ?<\/p>\n<p>\u00a0<\/p>\n<figure class=\"wp-block-gallery has-nested-images columns-default is-cropped wp-block-gallery-1 is-layout-flex wp-block-gallery-is-layout-flex\">\n<figure class=\"wp-block-image size-large\"><img loading=\"lazy\" decoding=\"async\" data-id=\"41387\" class=\"alignnone wp-image-69613 size-medium\" src=\"https:\/\/lcv-hotels.com\/wp-content\/uploads\/2023\/05\/Design-sans-titre-330x277.png\" alt=\"\" width=\"330\" height=\"277\" srcset=\"https:\/\/www.lcv-hotels.com\/wp-content\/uploads\/2023\/05\/Design-sans-titre-330x277.png 330w, https:\/\/www.lcv-hotels.com\/wp-content\/uploads\/2023\/05\/Design-sans-titre-768x644.png 768w, https:\/\/www.lcv-hotels.com\/wp-content\/uploads\/2023\/05\/Design-sans-titre.png 940w\" sizes=\"auto, (max-width: 330px) 100vw, 330px\" \/><\/figure>\n<\/figure>\n<p>Paradis des marcheurs et trailers, les alpes Vaudoises vous offrent un go\u00fbt d&rsquo;aventure et de libert\u00e9.<\/p>\n<p>Voici quelques conseils pour organiser une <strong>randonn\u00e9e<\/strong> en toute s\u00e9curit\u00e9 pour un plaisir maximal :<\/p>\n<p>Planification m\u00e9ticuleuse : Pr\u00e9parez votre itin\u00e9raire \u00e0 l&rsquo;avance. \u00c9tudiez les cartes, les conditions m\u00e9t\u00e9orologiques, les niveaux de difficult\u00e9 et les points d&rsquo;int\u00e9r\u00eat. Informez vous sur les r\u00e9glementations locales.<\/p>\n<p>Choisissez un sentier adapt\u00e9 : S\u00e9lectionnez un sentier qui correspond \u00e0 votre niveau de forme physique, \u00e0 votre exp\u00e9rience en randonn\u00e9e et \u00e0 la dur\u00e9e pr\u00e9vue de votre excursion. Ne sous-estimez pas les d\u00e9fis des sentiers alpins.<\/p>\n<p>\u00c9quipez vous convenablement : Portez des v\u00eatements adapt\u00e9s aux conditions alpines. Incluez des couches pour faire face aux changements de temp\u00e9rature, des chaussures de randonn\u00e9e robustes et des chaussettes de qualit\u00e9 et ne n\u00e9gligez pas la protection solaire!<\/p>\n<p>Apportez de l&rsquo;eau et de la nourriture : Emportez suffisamment d&rsquo;eau pour rester hydrat\u00e9, ainsi que des collations \u00e9nerg\u00e9tiques pour maintenir votre niveau de sucre sanguin pendant la randonn\u00e9e, pour se faire, vous pouvez profiter des plats et sandwichs \u00e0 emporter au Buffet de la gare!<\/p>\n<p>Respectez la faune et la flore : Restez sur les sentiers pour minimiser votre impact sur l&rsquo;environnement. \u00c9vitez de d\u00e9ranger la faune sauvage et respectez les r\u00e9glementations locales.<\/p>\n<p>En suivant ces conseils, vous pourrez profiter en toute s\u00e9curit\u00e9 de la splendeur des Alpes.<\/p>\n<p>&nbsp;<\/p>\n<p>&nbsp;<\/p>\n<p>\u00a0<\/p>\n\n\t\t<\/div>\n\t<\/div>\n<\/div><\/div><\/div><\/div><div class=\"vc_row wpb_row vc_row-fluid\"><div class=\"wpb_column vc_column_container vc_col-sm-12\"><div class=\"vc_column-inner\"><div class=\"wpb_wrapper\">\n\t<div  class=\"wpb_single_image wpb_content_element vc_align_left wpb_content_element\">\n\t\t\n\t\t<figure class=\"wpb_wrapper vc_figure\">\n\t\t\t<div class=\"vc_single_image-wrapper   vc_box_border_grey\"><img loading=\"lazy\" decoding=\"async\" width=\"150\" height=\"150\" src=\"https:\/\/www.lcv-hotels.com\/wp-content\/uploads\/2023\/05\/Design-sans-titre-150x150.png\" class=\"vc_single_image-img attachment-thumbnail\" alt=\"\" title=\"Design sans titre\" \/><\/div>\n\t\t<\/figure>\n\t<\/div>\n<\/div><\/div><\/div><\/div><\/div>","protected":false},"excerpt":{"rendered":"Quoi de mieux apr\u00e8s une randonn\u00e9e que de se poser en terrasse ? \u00a0 Paradis des marcheurs et trailers, les [...]","protected":false},"author":8,"featured_media":0,"parent":0,"menu_order":0,"comment_status":"closed","ping_status":"closed","template":"","meta":{"_acf_changed":false,"om_disable_all_campaigns":false,"footnotes":""},"class_list":["post-42476","page","type-page","status-publish","hentry"],"acf":[],"yoast_head":"<!-- This site is optimized with the Yoast SEO plugin v26.8 - https:\/\/yoast.com\/product\/yoast-seo-wordpress\/ -->\n<title>Ch\u00e2teau d\u2019Oex, d\u00e9couvrez les Alpes Suisse - LCV<\/title>\n<meta name=\"description\" content=\"Entre Gruy\u00e8re et Gstaad, la commune vous offre des activit\u00e9s vari\u00e9es en toutes saisons. R\u00e9servez votre chambre au Buffet de la Gare\" \/>\n<meta name=\"robots\" content=\"index, follow, max-snippet:-1, max-image-preview:large, max-video-preview:-1\" \/>\n<link rel=\"canonical\" href=\"https:\/\/www.lcv-hotels.com\/de\/chateau-doex-decouvrez-les-alpes-suisse\/\" \/>\n<meta property=\"og:locale\" content=\"de_DE\" \/>\n<meta property=\"og:type\" content=\"article\" \/>\n<meta property=\"og:title\" content=\"Ch\u00e2teau d\u2019Oex, d\u00e9couvrez les Alpes Suisse - LCV\" \/>\n<meta property=\"og:description\" content=\"Entre Gruy\u00e8re et Gstaad, la commune vous offre des activit\u00e9s vari\u00e9es en toutes saisons. R\u00e9servez votre chambre au Buffet de la Gare\" \/>\n<meta property=\"og:url\" content=\"https:\/\/www.lcv-hotels.com\/de\/chateau-doex-decouvrez-les-alpes-suisse\/\" \/>\n<meta property=\"og:site_name\" content=\"LCV\" \/>\n<meta property=\"article:modified_time\" content=\"2025-08-22T09:06:53+00:00\" \/>\n<meta property=\"og:image\" content=\"https:\/\/lcv-hotels.com\/wp-content\/uploads\/2023\/05\/Design-sans-titre-330x277.png\" \/>\n<meta name=\"twitter:card\" content=\"summary_large_image\" \/>\n<meta name=\"twitter:label1\" content=\"Gesch\u00e4tzte Lesezeit\" \/>\n\t<meta name=\"twitter:data1\" content=\"2\u00a0Minuten\" \/>\n<script type=\"application\/ld+json\" class=\"yoast-schema-graph\">{\"@context\":\"https:\/\/schema.org\",\"@graph\":[{\"@type\":\"WebPage\",\"@id\":\"https:\/\/www.lcv-hotels.com\/chateau-doex-decouvrez-les-alpes-suisse\/\",\"url\":\"https:\/\/www.lcv-hotels.com\/chateau-doex-decouvrez-les-alpes-suisse\/\",\"name\":\"Ch\u00e2teau d\u2019Oex, d\u00e9couvrez les Alpes Suisse - LCV\",\"isPartOf\":{\"@id\":\"https:\/\/www.lcv-hotels.com\/#website\"},\"primaryImageOfPage\":{\"@id\":\"https:\/\/www.lcv-hotels.com\/chateau-doex-decouvrez-les-alpes-suisse\/#primaryimage\"},\"image\":{\"@id\":\"https:\/\/www.lcv-hotels.com\/chateau-doex-decouvrez-les-alpes-suisse\/#primaryimage\"},\"thumbnailUrl\":\"https:\/\/lcv-hotels.com\/wp-content\/uploads\/2023\/05\/Design-sans-titre-330x277.png\",\"datePublished\":\"2023-08-11T09:14:02+00:00\",\"dateModified\":\"2025-08-22T09:06:53+00:00\",\"description\":\"Entre Gruy\u00e8re et Gstaad, la commune vous offre des activit\u00e9s vari\u00e9es en toutes saisons. R\u00e9servez votre chambre au Buffet de la Gare\",\"breadcrumb\":{\"@id\":\"https:\/\/www.lcv-hotels.com\/chateau-doex-decouvrez-les-alpes-suisse\/#breadcrumb\"},\"inLanguage\":\"de\",\"potentialAction\":[{\"@type\":\"ReadAction\",\"target\":[\"https:\/\/www.lcv-hotels.com\/chateau-doex-decouvrez-les-alpes-suisse\/\"]}]},{\"@type\":\"ImageObject\",\"inLanguage\":\"de\",\"@id\":\"https:\/\/www.lcv-hotels.com\/chateau-doex-decouvrez-les-alpes-suisse\/#primaryimage\",\"url\":\"https:\/\/lcv-hotels.com\/wp-content\/uploads\/2023\/05\/Design-sans-titre-330x277.png\",\"contentUrl\":\"https:\/\/lcv-hotels.com\/wp-content\/uploads\/2023\/05\/Design-sans-titre-330x277.png\"},{\"@type\":\"BreadcrumbList\",\"@id\":\"https:\/\/www.lcv-hotels.com\/chateau-doex-decouvrez-les-alpes-suisse\/#breadcrumb\",\"itemListElement\":[{\"@type\":\"ListItem\",\"position\":1,\"name\":\"Accueil\",\"item\":\"https:\/\/www.lcv-hotels.com\/\"},{\"@type\":\"ListItem\",\"position\":2,\"name\":\"Ch\u00e2teau d\u2019Oex, d\u00e9couvrez les Alpes Suisse\"}]},{\"@type\":\"WebSite\",\"@id\":\"https:\/\/www.lcv-hotels.com\/#website\",\"url\":\"https:\/\/www.lcv-hotels.com\/\",\"name\":\"LCV\",\"description\":\"Vos vacances en France et en Suisse \u00e0 petit prix\",\"publisher\":{\"@id\":\"https:\/\/www.lcv-hotels.com\/#organization\"},\"potentialAction\":[{\"@type\":\"SearchAction\",\"target\":{\"@type\":\"EntryPoint\",\"urlTemplate\":\"https:\/\/www.lcv-hotels.com\/?s={search_term_string}\"},\"query-input\":{\"@type\":\"PropertyValueSpecification\",\"valueRequired\":true,\"valueName\":\"search_term_string\"}}],\"inLanguage\":\"de\"},{\"@type\":\"Organization\",\"@id\":\"https:\/\/www.lcv-hotels.com\/#organization\",\"name\":\"LCV\",\"url\":\"https:\/\/www.lcv-hotels.com\/\",\"logo\":{\"@type\":\"ImageObject\",\"inLanguage\":\"de\",\"@id\":\"https:\/\/www.lcv-hotels.com\/#\/schema\/logo\/image\/\",\"url\":\"https:\/\/www.lcv-hotels.com\/wp-content\/uploads\/2025\/08\/logo_LCV.svg\",\"contentUrl\":\"https:\/\/www.lcv-hotels.com\/wp-content\/uploads\/2025\/08\/logo_LCV.svg\",\"caption\":\"LCV\"},\"image\":{\"@id\":\"https:\/\/www.lcv-hotels.com\/#\/schema\/logo\/image\/\"}}]}<\/script>\n<!-- \/ Yoast SEO plugin. -->","yoast_head_json":{"title":"Ch\u00e2teau d\u2019Oex, d\u00e9couvrez les Alpes Suisse - LCV","description":"Entre Gruy\u00e8re et Gstaad, la commune vous offre des activit\u00e9s vari\u00e9es en toutes saisons. R\u00e9servez votre chambre au Buffet de la Gare","robots":{"index":"index","follow":"follow","max-snippet":"max-snippet:-1","max-image-preview":"max-image-preview:large","max-video-preview":"max-video-preview:-1"},"canonical":"https:\/\/www.lcv-hotels.com\/de\/chateau-doex-decouvrez-les-alpes-suisse\/","og_locale":"de_DE","og_type":"article","og_title":"Ch\u00e2teau d\u2019Oex, d\u00e9couvrez les Alpes Suisse - LCV","og_description":"Entre Gruy\u00e8re et Gstaad, la commune vous offre des activit\u00e9s vari\u00e9es en toutes saisons. R\u00e9servez votre chambre au Buffet de la Gare","og_url":"https:\/\/www.lcv-hotels.com\/de\/chateau-doex-decouvrez-les-alpes-suisse\/","og_site_name":"LCV","article_modified_time":"2025-08-22T09:06:53+00:00","og_image":[{"url":"https:\/\/lcv-hotels.com\/wp-content\/uploads\/2023\/05\/Design-sans-titre-330x277.png","type":"","width":"","height":""}],"twitter_card":"summary_large_image","twitter_misc":{"Gesch\u00e4tzte Lesezeit":"2\u00a0Minuten"},"schema":{"@context":"https:\/\/schema.org","@graph":[{"@type":"WebPage","@id":"https:\/\/www.lcv-hotels.com\/chateau-doex-decouvrez-les-alpes-suisse\/","url":"https:\/\/www.lcv-hotels.com\/chateau-doex-decouvrez-les-alpes-suisse\/","name":"Ch\u00e2teau d\u2019Oex, d\u00e9couvrez les Alpes Suisse - LCV","isPartOf":{"@id":"https:\/\/www.lcv-hotels.com\/#website"},"primaryImageOfPage":{"@id":"https:\/\/www.lcv-hotels.com\/chateau-doex-decouvrez-les-alpes-suisse\/#primaryimage"},"image":{"@id":"https:\/\/www.lcv-hotels.com\/chateau-doex-decouvrez-les-alpes-suisse\/#primaryimage"},"thumbnailUrl":"https:\/\/lcv-hotels.com\/wp-content\/uploads\/2023\/05\/Design-sans-titre-330x277.png","datePublished":"2023-08-11T09:14:02+00:00","dateModified":"2025-08-22T09:06:53+00:00","description":"Entre Gruy\u00e8re et Gstaad, la commune vous offre des activit\u00e9s vari\u00e9es en toutes saisons. R\u00e9servez votre chambre au Buffet de la Gare","breadcrumb":{"@id":"https:\/\/www.lcv-hotels.com\/chateau-doex-decouvrez-les-alpes-suisse\/#breadcrumb"},"inLanguage":"de","potentialAction":[{"@type":"ReadAction","target":["https:\/\/www.lcv-hotels.com\/chateau-doex-decouvrez-les-alpes-suisse\/"]}]},{"@type":"ImageObject","inLanguage":"de","@id":"https:\/\/www.lcv-hotels.com\/chateau-doex-decouvrez-les-alpes-suisse\/#primaryimage","url":"https:\/\/lcv-hotels.com\/wp-content\/uploads\/2023\/05\/Design-sans-titre-330x277.png","contentUrl":"https:\/\/lcv-hotels.com\/wp-content\/uploads\/2023\/05\/Design-sans-titre-330x277.png"},{"@type":"BreadcrumbList","@id":"https:\/\/www.lcv-hotels.com\/chateau-doex-decouvrez-les-alpes-suisse\/#breadcrumb","itemListElement":[{"@type":"ListItem","position":1,"name":"Accueil","item":"https:\/\/www.lcv-hotels.com\/"},{"@type":"ListItem","position":2,"name":"Ch\u00e2teau d\u2019Oex, d\u00e9couvrez les Alpes Suisse"}]},{"@type":"WebSite","@id":"https:\/\/www.lcv-hotels.com\/#website","url":"https:\/\/www.lcv-hotels.com\/","name":"LCV","description":"Ihr Urlaub in Frankreich und der Schweiz zum kleinen Preis","publisher":{"@id":"https:\/\/www.lcv-hotels.com\/#organization"},"potentialAction":[{"@type":"SearchAction","target":{"@type":"EntryPoint","urlTemplate":"https:\/\/www.lcv-hotels.com\/?s={search_term_string}"},"query-input":{"@type":"PropertyValueSpecification","valueRequired":true,"valueName":"search_term_string"}}],"inLanguage":"de"},{"@type":"Organization","@id":"https:\/\/www.lcv-hotels.com\/#organization","name":"LCV","url":"https:\/\/www.lcv-hotels.com\/","logo":{"@type":"ImageObject","inLanguage":"de","@id":"https:\/\/www.lcv-hotels.com\/#\/schema\/logo\/image\/","url":"https:\/\/www.lcv-hotels.com\/wp-content\/uploads\/2025\/08\/logo_LCV.svg","contentUrl":"https:\/\/www.lcv-hotels.com\/wp-content\/uploads\/2025\/08\/logo_LCV.svg","caption":"LCV"},"image":{"@id":"https:\/\/www.lcv-hotels.com\/#\/schema\/logo\/image\/"}}]}},"post_mailing_queue_ids":[],"_links":{"self":[{"href":"https:\/\/www.lcv-hotels.com\/de\/wp-json\/wp\/v2\/pages\/42476","targetHints":{"allow":["GET"]}}],"collection":[{"href":"https:\/\/www.lcv-hotels.com\/de\/wp-json\/wp\/v2\/pages"}],"about":[{"href":"https:\/\/www.lcv-hotels.com\/de\/wp-json\/wp\/v2\/types\/page"}],"author":[{"embeddable":true,"href":"https:\/\/www.lcv-hotels.com\/de\/wp-json\/wp\/v2\/users\/8"}],"replies":[{"embeddable":true,"href":"https:\/\/www.lcv-hotels.com\/de\/wp-json\/wp\/v2\/comments?post=42476"}],"version-history":[{"count":6,"href":"https:\/\/www.lcv-hotels.com\/de\/wp-json\/wp\/v2\/pages\/42476\/revisions"}],"predecessor-version":[{"id":71022,"href":"https:\/\/www.lcv-hotels.com\/de\/wp-json\/wp\/v2\/pages\/42476\/revisions\/71022"}],"wp:attachment":[{"href":"https:\/\/www.lcv-hotels.com\/de\/wp-json\/wp\/v2\/media?parent=42476"}],"curies":[{"name":"wp","href":"https:\/\/api.w.org\/{rel}","templated":true}]}}