{"id":9,"date":"2020-01-16T12:19:59","date_gmt":"2020-01-16T11:19:59","guid":{"rendered":"https:\/\/lcv-hotels.com\/?page_id=9"},"modified":"2025-09-09T16:54:23","modified_gmt":"2025-09-09T14:54:23","slug":"accueil-2","status":"publish","type":"page","link":"https:\/\/www.lcv-hotels.com\/de\/","title":{"rendered":"Home"},"content":{"rendered":"<div class=\"wpb-content-wrapper\"><div id=\"intro\" data-vc-full-width=\"true\" data-vc-full-width-temp=\"true\" data-vc-full-width-init=\"false\" class=\"vc_row wpb_row vc_row-fluid vc_custom_1601627772687 vc_row-has-fill vc_row-o-content-top vc_row-flex\"><div class=\"wpb_column vc_column_container vc_col-sm-12\"><div class=\"vc_column-inner vc_custom_1579772873739\"><div class=\"wpb_wrapper\"><div class=\"vc_empty_space\"   style=\"height: 60px\"><span class=\"vc_empty_space_inner\"><\/span><\/div>\n\t<div class=\"wpb_text_column wpb_content_element letter-spacing\" >\n\t\t<div class=\"wpb_wrapper\">\n\t\t\t<h1 style=\"text-align: center;\"><span style=\"color: #0976aa;\">Vermietung von Hotelzimmern und Ferienwohnungen<\/span><\/h1>\n\n\t\t<\/div>\n\t<\/div>\n    <div class=\"lcv-title header text-center\">\n                <h2>Reservieren Sie Ihren n\u00e4chsten Aufenthalt <span class=\"underscore\"><\/span><\/h2>\n\n    <\/div>\n    <div class=\"vc_empty_space\"   style=\"height: 32px\"><span class=\"vc_empty_space_inner\"><\/span><\/div><div class=\"vc_row wpb_row vc_inner vc_row-fluid\"><div class=\"wpb_column vc_column_container vc_col-sm-3\"><div class=\"vc_column-inner\"><div class=\"wpb_wrapper\"><\/div><\/div><\/div><div class=\"wpb_column vc_column_container vc_col-sm-6\"><div class=\"vc_column-inner\"><div class=\"wpb_wrapper\">    <div class=\"lcv-book dropdown\">\n    \n\t<button class=\"btn btn-default dropdown-toggle\" type=\"button\" id=\"dropdownMenu1\" data-toggle=\"dropdown\" aria-haspopup=\"true\" aria-expanded=\"true\">Destination <span class=\"caret\"><\/span>\n\t<\/button>\n    <ul class=\"dropdown-menu\" aria-labelledby=\"dropdownMenu1\">\n    \n          <li class=\"dropdown-header\">Land <\/li>\n      <li role=\"separator\" class=\"divider\"><\/li>\n\n                  <li> <a href=\"https:\/\/www.lcv-hotels.com\/de\/contact\/\" target=\"_blank\" alt=\"\">Residenz Cap Florival (68)<\/a><\/li>\n    \t      \n  \n\n          <li class=\"dropdown-header\">Meer <\/li>\n      <li role=\"separator\" class=\"divider\"><\/li>\n\n                  <li> <a href=\"https:\/\/www.lcv-hotels.com\/de\/contact\/\" target=\"_blank\" alt=\"\">Residenzen les Parasols d'Argens (83)<\/a><\/li>\n    \t      \n  \n\n          <li class=\"dropdown-header\">Berge <\/li>\n      <li role=\"separator\" class=\"divider\"><\/li>\n\n                  <li> <a href=\"https:\/\/www.buffet-doex.com\/\" target=\"_blank\" alt=\"\">Buffet de la Gare in Ch\u00e2teau d'Oex (Schweiz)<\/a><\/li>\n    \t           <li> <a href=\"https:\/\/www.lcv-hotels.com\/de\/contact\/\" target=\"_blank\" alt=\"\">Residenz Le Soleil (65)<\/a><\/li>\n    \t      \n  \n\n          <li class=\"dropdown-header\">stadt <\/li>\n      <li role=\"separator\" class=\"divider\"><\/li>\n\n                  <li> <a href=\"https:\/\/app.thebookingbutton.com\/properties\/AppartHotelSaintJeandirect\" target=\"_blank\" alt=\"\">Aparthotel Saint-Jean (65)<\/a><\/li>\n    \t           <li> <a href=\"https:\/\/www.lcv-hotels.com\/de\/contact\/\" target=\"_blank\" alt=\"\">Residenz Les Acad\u00e9mies Aixoises (13)<\/a><\/li>\n    \t      \n  \n    \n<\/ul>\n  \n\n    \n    <\/div>\n    <\/div><\/div><\/div><div class=\"wpb_column vc_column_container vc_col-sm-3\"><div class=\"vc_column-inner\"><div class=\"wpb_wrapper\"><\/div><\/div><\/div><\/div><div class=\"vc_empty_space\"   style=\"height: 32px\"><span class=\"vc_empty_space_inner\"><\/span><\/div><div class=\"vc_row wpb_row vc_inner vc_row-fluid\"><div class=\"mer wpb_column vc_column_container vc_col-sm-2\"><div class=\"vc_column-inner\"><div class=\"wpb_wrapper\"><\/div><\/div><\/div><div class=\"wpb_column vc_column_container vc_col-sm-2\"><div class=\"vc_column-inner\"><div class=\"wpb_wrapper\"><div class=\"vc_empty_space\"   style=\"height: 32px\"><span class=\"vc_empty_space_inner\"><\/span><\/div><\/div><\/div><\/div><div class=\"wpb_column vc_column_container vc_col-sm-2\"><div class=\"vc_column-inner\"><div class=\"wpb_wrapper\"><div class=\"vc_empty_space\"   style=\"height: 32px\"><span class=\"vc_empty_space_inner\"><\/span><\/div><\/div><\/div><\/div><div class=\"wpb_column vc_column_container vc_col-sm-2\"><div class=\"vc_column-inner\"><div class=\"wpb_wrapper\"><div class=\"vc_empty_space\"   style=\"height: 32px\"><span class=\"vc_empty_space_inner\"><\/span><\/div><\/div><\/div><\/div><div class=\"wpb_column vc_column_container vc_col-sm-2\"><div class=\"vc_column-inner\"><div class=\"wpb_wrapper\"><div class=\"vc_empty_space\"   style=\"height: 32px\"><span class=\"vc_empty_space_inner\"><\/span><\/div><\/div><\/div><\/div><div class=\"wpb_column vc_column_container vc_col-sm-2\"><div class=\"vc_column-inner\"><div class=\"wpb_wrapper\"><\/div><\/div><\/div><\/div><\/div><\/div><\/div><\/div><div class=\"vc_row-full-width vc_clearfix\"><\/div><div class=\"vc_row wpb_row vc_row-fluid\"><div class=\"wpb_column vc_column_container vc_col-sm-12\"><div class=\"vc_column-inner\"><div class=\"wpb_wrapper\">    <div class=\"lcv-title text-center\">\n                    <div class=\"lcv-subtitle\">Reisen<\/div>\n                <h2>Unsere <span class=\"underscore\">Reiseziele<\/span><\/h2>\n\n    <\/div>\n    <div class=\"vc_empty_space\"   style=\"height: 32px\"><span class=\"vc_empty_space_inner\"><\/span><\/div><div id=\"hover\" class=\"vc_row wpb_row vc_inner vc_row-fluid\"><div class=\"wpb_column vc_column_container vc_col-sm-3\"><div class=\"vc_column-inner\"><div class=\"wpb_wrapper\">\n    \n  \n  <div class=\"content bleu\">\n     <a  href=\"\/de\/destination\/maar\"   >\n      <div class=\"content-overlay\"><\/div>\n      \t<img decoding=\"async\" src=\"https:\/\/www.lcv-hotels.com\/wp-content\/uploads\/2020\/02\/Meer.png\" class=\"content-image\"\/>\n      <div class=\"content-details fadeIn-bottom\">\n        <h3 class=\"content-title\"> + <\/h3>\n      <\/div>\n    <\/a>\n  <\/div>\n\n\n\n    <div class=\"vc_empty_space\"   style=\"height: 32px\"><span class=\"vc_empty_space_inner\"><\/span><\/div><\/div><\/div><\/div><div class=\"wpb_column vc_column_container vc_col-sm-3\"><div class=\"vc_column-inner\"><div class=\"wpb_wrapper\"><div class=\"vc_empty_space\"   style=\"height: 32px\"><span class=\"vc_empty_space_inner\"><\/span><\/div>\n    \n  \n  <div class=\"content rouge\">\n     <a  href=\"\/de\/ziel\/berge\/\"   >\n      <div class=\"content-overlay\"><\/div>\n      \t<img decoding=\"async\" src=\"https:\/\/www.lcv-hotels.com\/wp-content\/uploads\/2020\/03\/berge.png\" class=\"content-image\"\/>\n      <div class=\"content-details fadeIn-bottom\">\n        <h3 class=\"content-title\"> + <\/h3>\n      <\/div>\n    <\/a>\n  <\/div>\n\n\n\n    <div class=\"vc_empty_space\"   style=\"height: 32px\"><span class=\"vc_empty_space_inner\"><\/span><\/div><\/div><\/div><\/div><div class=\"wpb_column vc_column_container vc_col-sm-3\"><div class=\"vc_column-inner\"><div class=\"wpb_wrapper\">\n    \n  \n  <div class=\"content vert\">\n     <a  href=\"\/de\/ziel\/land\/\"   >\n      <div class=\"content-overlay\"><\/div>\n      \t<img decoding=\"async\" src=\"https:\/\/www.lcv-hotels.com\/wp-content\/uploads\/2020\/03\/land.png\" class=\"content-image\"\/>\n      <div class=\"content-details fadeIn-bottom\">\n        <h3 class=\"content-title\"> + <\/h3>\n      <\/div>\n    <\/a>\n  <\/div>\n\n\n\n    <div class=\"vc_empty_space\"   style=\"height: 32px\"><span class=\"vc_empty_space_inner\"><\/span><\/div><\/div><\/div><\/div><div class=\"wpb_column vc_column_container vc_col-sm-3\"><div class=\"vc_column-inner\"><div class=\"wpb_wrapper\"><div class=\"vc_empty_space\"   style=\"height: 32px\"><span class=\"vc_empty_space_inner\"><\/span><\/div>\n    \n  \n  <div class=\"content orange\">\n     <a  href=\"\/de\/ziel\/stadt\/\"   >\n      <div class=\"content-overlay\"><\/div>\n      \t<img decoding=\"async\" src=\"https:\/\/www.lcv-hotels.com\/wp-content\/uploads\/2020\/04\/visuels_destinations-Al.png\" class=\"content-image\"\/>\n      <div class=\"content-details fadeIn-bottom\">\n        <h3 class=\"content-title\"> + <\/h3>\n      <\/div>\n    <\/a>\n  <\/div>\n\n\n\n    <div class=\"vc_empty_space\"   style=\"height: 32px\"><span class=\"vc_empty_space_inner\"><\/span><\/div><\/div><\/div><\/div><\/div><\/div><\/div><\/div><\/div><div data-vc-full-width=\"true\" data-vc-full-width-temp=\"true\" data-vc-full-width-init=\"false\" class=\"vc_row wpb_row vc_row-fluid vc_custom_1755605980892 vc_row-has-fill\"><div class=\"wpb_column vc_column_container vc_col-sm-12\"><div class=\"vc_column-inner\"><div class=\"wpb_wrapper\">    <div class=\"lcv-title text-center\">\n                <h2>Das <span class=\"underscore\">Freizeit Blog<\/span><\/h2>\n\n    <\/div>\n    <div class=\"vc_empty_space\"   style=\"height: 32px\"><span class=\"vc_empty_space_inner\"><\/span><\/div><\/div><\/div><\/div><div class=\"wpb_column vc_column_container vc_col-sm-4\"><div class=\"vc_column-inner\"><div class=\"wpb_wrapper\">\n\t<div  class=\"wpb_single_image wpb_content_element vc_align_center wpb_content_element\">\n\t\t\n\t\t<figure class=\"wpb_wrapper vc_figure\">\n\t\t\t<a href=\"https:\/\/www.lcv-hotels.com\/de\/chateau-doex-decouvrez-les-alpes-suisse\/\" target=\"_self\" class=\"vc_single_image-wrapper   vc_box_border_grey\"><img loading=\"lazy\" decoding=\"async\" width=\"330\" height=\"234\" src=\"https:\/\/www.lcv-hotels.com\/wp-content\/uploads\/2025\/07\/3-330x234.png\" class=\"vc_single_image-img attachment-medium\" alt=\"\" title=\"3\" srcset=\"https:\/\/www.lcv-hotels.com\/wp-content\/uploads\/2025\/07\/3-330x234.png 330w, https:\/\/www.lcv-hotels.com\/wp-content\/uploads\/2025\/07\/3.png 768w\" sizes=\"auto, (max-width: 330px) 100vw, 330px\" \/><\/a>\n\t\t<\/figure>\n\t<\/div>\n\n\t<div  class=\"wpb_single_image wpb_content_element vc_align_center wpb_content_element\">\n\t\t\n\t\t<figure class=\"wpb_wrapper vc_figure\">\n\t\t\t<a href=\"https:\/\/www.lcv-hotels.com\/de\/chateau-doex-decouvrez-les-alpes-suisse\/\" target=\"_self\" class=\"vc_single_image-wrapper   vc_box_border_grey\"><img loading=\"lazy\" decoding=\"async\" width=\"330\" height=\"234\" src=\"https:\/\/www.lcv-hotels.com\/wp-content\/uploads\/2025\/07\/4-330x234.png\" class=\"vc_single_image-img attachment-medium\" alt=\"\" title=\"4\" srcset=\"https:\/\/www.lcv-hotels.com\/wp-content\/uploads\/2025\/07\/4-330x234.png 330w, https:\/\/www.lcv-hotels.com\/wp-content\/uploads\/2025\/07\/4.png 768w\" sizes=\"auto, (max-width: 330px) 100vw, 330px\" \/><\/a>\n\t\t<\/figure>\n\t<\/div>\n\n\t<div class=\"wpb_text_column wpb_content_element\" >\n\t\t<div class=\"wpb_wrapper\">\n\t\t\t\n\t\t<\/div>\n\t<\/div>\n<\/div><\/div><\/div><div class=\"wpb_column vc_column_container vc_col-sm-4\"><div class=\"vc_column-inner\"><div class=\"wpb_wrapper\">\n\t<div  class=\"wpb_single_image wpb_content_element vc_align_center wpb_content_element\">\n\t\t\n\t\t<figure class=\"wpb_wrapper vc_figure\">\n\t\t\t<a href=\"https:\/\/www.lcv-hotels.com\/de\/chateau-doex-des-activites-au-grand-air\/\" target=\"_self\" class=\"vc_single_image-wrapper   vc_box_border_grey\"><img loading=\"lazy\" decoding=\"async\" width=\"330\" height=\"234\" src=\"https:\/\/www.lcv-hotels.com\/wp-content\/uploads\/2025\/07\/1-330x234.png\" class=\"vc_single_image-img attachment-medium\" alt=\"\" title=\"1\" srcset=\"https:\/\/www.lcv-hotels.com\/wp-content\/uploads\/2025\/07\/1-330x234.png 330w, https:\/\/www.lcv-hotels.com\/wp-content\/uploads\/2025\/07\/1.png 768w\" sizes=\"auto, (max-width: 330px) 100vw, 330px\" \/><\/a>\n\t\t<\/figure>\n\t<\/div>\n\n\t<div  class=\"wpb_single_image wpb_content_element vc_align_center wpb_content_element\">\n\t\t\n\t\t<figure class=\"wpb_wrapper vc_figure\">\n\t\t\t<a href=\"https:\/\/www.lcv-hotels.com\/de\/lourdes-la-cite-mariale\/\" target=\"_self\" class=\"vc_single_image-wrapper   vc_box_border_grey\"><img loading=\"lazy\" decoding=\"async\" width=\"330\" height=\"234\" src=\"https:\/\/www.lcv-hotels.com\/wp-content\/uploads\/2025\/07\/2-330x234.png\" class=\"vc_single_image-img attachment-medium\" alt=\"\" title=\"2\" srcset=\"https:\/\/www.lcv-hotels.com\/wp-content\/uploads\/2025\/07\/2-330x234.png 330w, https:\/\/www.lcv-hotels.com\/wp-content\/uploads\/2025\/07\/2.png 768w\" sizes=\"auto, (max-width: 330px) 100vw, 330px\" \/><\/a>\n\t\t<\/figure>\n\t<\/div>\n<\/div><\/div><\/div><div class=\"wpb_column vc_column_container vc_col-sm-4\"><div class=\"vc_column-inner\"><div class=\"wpb_wrapper\">\n\t<div  class=\"wpb_single_image wpb_content_element vc_align_center wpb_content_element\">\n\t\t\n\t\t<figure class=\"wpb_wrapper vc_figure\">\n\t\t\t<a href=\"https:\/\/www.lcv-hotels.com\/de\/aix-en-provence-ville-dart-et-de-culture\/\" target=\"_self\" class=\"vc_single_image-wrapper   vc_box_border_grey\"><img loading=\"lazy\" decoding=\"async\" width=\"330\" height=\"234\" src=\"https:\/\/www.lcv-hotels.com\/wp-content\/uploads\/2023\/02\/aix-en-provence-330x234.png\" class=\"vc_single_image-img attachment-medium\" alt=\"\" title=\"aix en provence\" srcset=\"https:\/\/www.lcv-hotels.com\/wp-content\/uploads\/2023\/02\/aix-en-provence-330x234.png 330w, https:\/\/www.lcv-hotels.com\/wp-content\/uploads\/2023\/02\/aix-en-provence-1024x726.png 1024w, https:\/\/www.lcv-hotels.com\/wp-content\/uploads\/2023\/02\/aix-en-provence-768x545.png 768w, https:\/\/www.lcv-hotels.com\/wp-content\/uploads\/2023\/02\/aix-en-provence-1536x1090.png 1536w, https:\/\/www.lcv-hotels.com\/wp-content\/uploads\/2023\/02\/aix-en-provence.png 1748w\" sizes=\"auto, (max-width: 330px) 100vw, 330px\" \/><\/a>\n\t\t<\/figure>\n\t<\/div>\n\n\t<div  class=\"wpb_single_image wpb_content_element vc_align_center wpb_content_element\">\n\t\t\n\t\t<figure class=\"wpb_wrapper vc_figure\">\n\t\t\t<a href=\"https:\/\/www.lcv-hotels.com\/de\/neuchatel-ville-medievale\/\" target=\"_self\" class=\"vc_single_image-wrapper   vc_box_border_grey\"><img loading=\"lazy\" decoding=\"async\" width=\"330\" height=\"234\" src=\"https:\/\/www.lcv-hotels.com\/wp-content\/uploads\/2023\/02\/neuchatel-ville-medievale-330x234.png\" class=\"vc_single_image-img attachment-medium\" alt=\"neuchatel mittelalterliche stadt\" title=\"neuchatel mittelalterliche stadt\" srcset=\"https:\/\/www.lcv-hotels.com\/wp-content\/uploads\/2023\/02\/neuchatel-ville-medievale-330x234.png 330w, https:\/\/www.lcv-hotels.com\/wp-content\/uploads\/2023\/02\/neuchatel-ville-medievale-1024x726.png 1024w, https:\/\/www.lcv-hotels.com\/wp-content\/uploads\/2023\/02\/neuchatel-ville-medievale-768x545.png 768w, https:\/\/www.lcv-hotels.com\/wp-content\/uploads\/2023\/02\/neuchatel-ville-medievale-1536x1090.png 1536w, https:\/\/www.lcv-hotels.com\/wp-content\/uploads\/2023\/02\/neuchatel-ville-medievale.png 1748w\" sizes=\"auto, (max-width: 330px) 100vw, 330px\" \/><\/a>\n\t\t<\/figure>\n\t<\/div>\n<\/div><\/div><\/div><div class=\"wpb_column vc_column_container vc_col-sm-12\"><div class=\"vc_column-inner\"><div class=\"wpb_wrapper\"><div class=\"vc_empty_space\"   style=\"height: 32px\"><span class=\"vc_empty_space_inner\"><\/span><\/div><\/div><\/div><\/div><\/div><div class=\"vc_row-full-width vc_clearfix\"><\/div><div data-vc-full-width=\"true\" data-vc-full-width-temp=\"true\" data-vc-full-width-init=\"false\" data-vc-stretch-content=\"true\" class=\"vc_row wpb_row vc_row-fluid vc_custom_1579792014707 vc_row-has-fill vc_row-no-padding\"><div class=\"wpb_column vc_column_container vc_col-sm-12\"><div class=\"vc_column-inner\"><div class=\"wpb_wrapper\">\n\t<div class=\"wpb_text_column wpb_content_element\" >\n\t\t<div class=\"wpb_wrapper\">\n\t\t\t<h2><\/h2>\n<h2><\/h2>\n<h2 style=\"text-align: center;\">WILLKOMMEN BEI DER MUSEUMSBAHN BLONAY-CHAMBY!<\/h2>\n\n\t\t<\/div>\n\t<\/div>\n<\/div><\/div><\/div><\/div><div class=\"vc_row-full-width vc_clearfix\"><\/div><div class=\"vc_row wpb_row vc_row-fluid\"><div class=\"wpb_column vc_column_container vc_col-sm-12\"><div class=\"vc_column-inner\"><div class=\"wpb_wrapper\">\n\t<div  class=\"wpb_single_image wpb_content_element vc_align_center wpb_content_element\">\n\t\t\n\t\t<figure class=\"wpb_wrapper vc_figure\">\n\t\t\t<div class=\"vc_single_image-wrapper   vc_box_border_grey\"><img decoding=\"async\" class=\"vc_single_image-img\" src=\"https:\/\/www.lcv-hotels.com\/wp-content\/uploads\/2024\/01\/blonay-chamby-186x200.png\" width=\"186\" height=\"200\" alt=\"blonay chamby\" title=\"blonay chamby\" loading=\"lazy\" \/><\/div>\n\t\t<\/figure>\n\t<\/div>\n\n\t<div class=\"wpb_text_column wpb_content_element\" >\n\t\t<div class=\"wpb_wrapper\">\n\t\t\t<p style=\"text-align: center;\"><strong>Die LCV-Gruppe setzt ihren Weg in der Schweiz fort, und sogar ihre Eisenbahn \ud83d\ude42.<\/strong><\/p>\n<p style=\"text-align: left;\">Die Gruppe hat gerade eine neue Partnerschaft mit der Museumsbahn Blonay-Chamby besiegelt.<\/p>\n<p style=\"text-align: left;\">Die Verbundenheit der Gruppe mit Z\u00fcgen ist nicht zu \u00fcbersehen, und auch dieses Mal bleiben wir in der N\u00e4he der Eisenbahn, um nicht nur durch den Raum, sondern auch durch die Zeit zu reisen!<\/p>\n<p style=\"text-align: left;\">Ab dem 4. Mai 2025 machen sich die Teams auf Comme Avants im Caf\u00e9-Restaurant-Teil des Museums an die Arbeit, um den Appetit der Neugierigen und Abenteurer zu stillen, die das Museum besuchen und ein au\u00dfergew\u00f6hnliches Erlebnis genie\u00dfen wollen.<\/p>\n<p style=\"text-align: left;\">Gehen Sie direkt auf den <a href=\"https:\/\/blonay-chamby.ch\/\">Museumsseite<\/a> um Ihren Besuch dort zu buchen!<\/p>\n\n\t\t<\/div>\n\t<\/div>\n<div class=\"vc_empty_space\"   style=\"height: 32px\"><span class=\"vc_empty_space_inner\"><\/span><\/div>\n\t<div class=\"wpb_video_widget wpb_content_element vc_clearfix   vc_video-aspect-ratio-169 vc_video-el-width-100 vc_video-align-left\" >\n\t\t<div class=\"wpb_wrapper\">\n\t\t\t\n\t\t\t<div class=\"wpb_video_wrapper\"><iframe loading=\"lazy\" title=\"Der Blonay-Chamby stellt sich vor!\" width=\"500\" height=\"281\" src=\"https:\/\/www.youtube.com\/embed\/ngQ4ftstErQ?feature=oembed\" frameborder=\"0\" allow=\"accelerometer; autoplay; clipboard-write; encrypted-media; gyroscope; picture-in-picture; web-share\" referrerpolicy=\"strict-origin-when-cross-origin\" allowfullscreen><\/iframe><\/div>\n\t\t<\/div>\n\t<\/div>\n<div class=\"vc_empty_space\"   style=\"height: 32px\"><span class=\"vc_empty_space_inner\"><\/span><\/div><\/div><\/div><\/div><\/div><div class=\"vc_row wpb_row vc_row-fluid\"><div class=\"wpb_column vc_column_container vc_col-sm-12\"><div class=\"vc_column-inner\"><div class=\"wpb_wrapper\"><\/div><\/div><\/div><\/div><!-- \/wp:post-content --><\/div>","protected":false},"excerpt":{"rendered":"Aix en Provence, la merveille Proven\u00e7ale... Connus \u00e0 travers le monde entier pour y avoir vu vivre le peintre C\u00e9zanne. [...]","protected":false},"author":2,"featured_media":0,"parent":0,"menu_order":0,"comment_status":"closed","ping_status":"closed","template":"template-default.php","meta":{"_acf_changed":false,"om_disable_all_campaigns":false,"footnotes":""},"class_list":["post-9","page","type-page","status-publish","hentry"],"acf":[],"yoast_head":"<!-- This site is optimized with the Yoast SEO plugin v26.8 - https:\/\/yoast.com\/product\/yoast-seo-wordpress\/ -->\n<title>S\u00e9jours et locations de vacances pas cher \u2013 LCV<\/title>\n<meta name=\"description\" content=\"R\u00e9servez votre s\u00e9jour en France ou en Suisse et s\u00e9journez dans nos appartements et h\u00f4tels pour des vacances en familles \u00e0 prix tout doux\" \/>\n<meta name=\"robots\" content=\"index, follow, max-snippet:-1, max-image-preview:large, max-video-preview:-1\" \/>\n<link rel=\"canonical\" href=\"https:\/\/www.lcv-hotels.com\/de\/\" \/>\n<meta property=\"og:locale\" content=\"de_DE\" \/>\n<meta property=\"og:type\" content=\"article\" \/>\n<meta property=\"og:title\" content=\"S\u00e9jours et locations de vacances pas cher \u2013 LCV\" \/>\n<meta property=\"og:description\" content=\"R\u00e9servez votre s\u00e9jour en France ou en Suisse et s\u00e9journez dans nos appartements et h\u00f4tels pour des vacances en familles \u00e0 prix tout doux\" \/>\n<meta property=\"og:url\" content=\"https:\/\/www.lcv-hotels.com\/de\/\" \/>\n<meta property=\"og:site_name\" content=\"LCV\" \/>\n<meta property=\"article:modified_time\" content=\"2025-09-09T14:54:23+00:00\" \/>\n<meta name=\"twitter:card\" content=\"summary_large_image\" \/>\n<meta name=\"twitter:label1\" content=\"Gesch\u00e4tzte Lesezeit\" \/>\n\t<meta name=\"twitter:data1\" content=\"8\u00a0Minuten\" \/>\n<script type=\"application\/ld+json\" class=\"yoast-schema-graph\">{\"@context\":\"https:\/\/schema.org\",\"@graph\":[{\"@type\":\"WebPage\",\"@id\":\"https:\/\/www.lcv-hotels.com\/\",\"url\":\"https:\/\/www.lcv-hotels.com\/\",\"name\":\"S\u00e9jours et locations de vacances pas cher \u2013 LCV\",\"isPartOf\":{\"@id\":\"https:\/\/www.lcv-hotels.com\/#website\"},\"datePublished\":\"2020-01-16T11:19:59+00:00\",\"dateModified\":\"2025-09-09T14:54:23+00:00\",\"description\":\"R\u00e9servez votre s\u00e9jour en France ou en Suisse et s\u00e9journez dans nos appartements et h\u00f4tels pour des vacances en familles \u00e0 prix tout doux\",\"breadcrumb\":{\"@id\":\"https:\/\/www.lcv-hotels.com\/#breadcrumb\"},\"inLanguage\":\"de\",\"potentialAction\":[{\"@type\":\"ReadAction\",\"target\":[\"https:\/\/www.lcv-hotels.com\/\"]}]},{\"@type\":\"BreadcrumbList\",\"@id\":\"https:\/\/www.lcv-hotels.com\/#breadcrumb\",\"itemListElement\":[{\"@type\":\"ListItem\",\"position\":1,\"name\":\"Accueil\",\"item\":\"https:\/\/www.lcv-hotels.com\/\"},{\"@type\":\"ListItem\",\"position\":2,\"name\":\"Accueil\"}]},{\"@type\":\"WebSite\",\"@id\":\"https:\/\/www.lcv-hotels.com\/#website\",\"url\":\"https:\/\/www.lcv-hotels.com\/\",\"name\":\"LCV\",\"description\":\"Vos vacances en France et en Suisse \u00e0 petit prix\",\"publisher\":{\"@id\":\"https:\/\/www.lcv-hotels.com\/#organization\"},\"potentialAction\":[{\"@type\":\"SearchAction\",\"target\":{\"@type\":\"EntryPoint\",\"urlTemplate\":\"https:\/\/www.lcv-hotels.com\/?s={search_term_string}\"},\"query-input\":{\"@type\":\"PropertyValueSpecification\",\"valueRequired\":true,\"valueName\":\"search_term_string\"}}],\"inLanguage\":\"de\"},{\"@type\":\"Organization\",\"@id\":\"https:\/\/www.lcv-hotels.com\/#organization\",\"name\":\"LCV\",\"url\":\"https:\/\/www.lcv-hotels.com\/\",\"logo\":{\"@type\":\"ImageObject\",\"inLanguage\":\"de\",\"@id\":\"https:\/\/www.lcv-hotels.com\/#\/schema\/logo\/image\/\",\"url\":\"https:\/\/www.lcv-hotels.com\/wp-content\/uploads\/2025\/08\/logo_LCV.svg\",\"contentUrl\":\"https:\/\/www.lcv-hotels.com\/wp-content\/uploads\/2025\/08\/logo_LCV.svg\",\"caption\":\"LCV\"},\"image\":{\"@id\":\"https:\/\/www.lcv-hotels.com\/#\/schema\/logo\/image\/\"}}]}<\/script>\n<!-- \/ Yoast SEO plugin. -->","yoast_head_json":{"title":"G\u00fcnstige Ferienaufenthalte und -vermietungen - LCV","description":"Buchen Sie Ihren Aufenthalt in Frankreich oder in der Schweiz und \u00fcbernachten Sie in unseren Ferienwohnungen und Hotels f\u00fcr einen Familienurlaub zu besonders g\u00fcnstigen Preisen.","robots":{"index":"index","follow":"follow","max-snippet":"max-snippet:-1","max-image-preview":"max-image-preview:large","max-video-preview":"max-video-preview:-1"},"canonical":"https:\/\/www.lcv-hotels.com\/de\/","og_locale":"de_DE","og_type":"article","og_title":"S\u00e9jours et locations de vacances pas cher \u2013 LCV","og_description":"R\u00e9servez votre s\u00e9jour en France ou en Suisse et s\u00e9journez dans nos appartements et h\u00f4tels pour des vacances en familles \u00e0 prix tout doux","og_url":"https:\/\/www.lcv-hotels.com\/de\/","og_site_name":"LCV","article_modified_time":"2025-09-09T14:54:23+00:00","twitter_card":"summary_large_image","twitter_misc":{"Gesch\u00e4tzte Lesezeit":"8\u00a0Minuten"},"schema":{"@context":"https:\/\/schema.org","@graph":[{"@type":"WebPage","@id":"https:\/\/www.lcv-hotels.com\/","url":"https:\/\/www.lcv-hotels.com\/","name":"G\u00fcnstige Ferienaufenthalte und -vermietungen - LCV","isPartOf":{"@id":"https:\/\/www.lcv-hotels.com\/#website"},"datePublished":"2020-01-16T11:19:59+00:00","dateModified":"2025-09-09T14:54:23+00:00","description":"Buchen Sie Ihren Aufenthalt in Frankreich oder in der Schweiz und \u00fcbernachten Sie in unseren Ferienwohnungen und Hotels f\u00fcr einen Familienurlaub zu besonders g\u00fcnstigen Preisen.","breadcrumb":{"@id":"https:\/\/www.lcv-hotels.com\/#breadcrumb"},"inLanguage":"de","potentialAction":[{"@type":"ReadAction","target":["https:\/\/www.lcv-hotels.com\/"]}]},{"@type":"BreadcrumbList","@id":"https:\/\/www.lcv-hotels.com\/#breadcrumb","itemListElement":[{"@type":"ListItem","position":1,"name":"Accueil","item":"https:\/\/www.lcv-hotels.com\/"},{"@type":"ListItem","position":2,"name":"Accueil"}]},{"@type":"WebSite","@id":"https:\/\/www.lcv-hotels.com\/#website","url":"https:\/\/www.lcv-hotels.com\/","name":"LCV","description":"Ihr Urlaub in Frankreich und der Schweiz zum kleinen Preis","publisher":{"@id":"https:\/\/www.lcv-hotels.com\/#organization"},"potentialAction":[{"@type":"SearchAction","target":{"@type":"EntryPoint","urlTemplate":"https:\/\/www.lcv-hotels.com\/?s={search_term_string}"},"query-input":{"@type":"PropertyValueSpecification","valueRequired":true,"valueName":"search_term_string"}}],"inLanguage":"de"},{"@type":"Organization","@id":"https:\/\/www.lcv-hotels.com\/#organization","name":"LCV","url":"https:\/\/www.lcv-hotels.com\/","logo":{"@type":"ImageObject","inLanguage":"de","@id":"https:\/\/www.lcv-hotels.com\/#\/schema\/logo\/image\/","url":"https:\/\/www.lcv-hotels.com\/wp-content\/uploads\/2025\/08\/logo_LCV.svg","contentUrl":"https:\/\/www.lcv-hotels.com\/wp-content\/uploads\/2025\/08\/logo_LCV.svg","caption":"LCV"},"image":{"@id":"https:\/\/www.lcv-hotels.com\/#\/schema\/logo\/image\/"}}]}},"post_mailing_queue_ids":[],"_links":{"self":[{"href":"https:\/\/www.lcv-hotels.com\/de\/wp-json\/wp\/v2\/pages\/9","targetHints":{"allow":["GET"]}}],"collection":[{"href":"https:\/\/www.lcv-hotels.com\/de\/wp-json\/wp\/v2\/pages"}],"about":[{"href":"https:\/\/www.lcv-hotels.com\/de\/wp-json\/wp\/v2\/types\/page"}],"author":[{"embeddable":true,"href":"https:\/\/www.lcv-hotels.com\/de\/wp-json\/wp\/v2\/users\/2"}],"replies":[{"embeddable":true,"href":"https:\/\/www.lcv-hotels.com\/de\/wp-json\/wp\/v2\/comments?post=9"}],"version-history":[{"count":200,"href":"https:\/\/www.lcv-hotels.com\/de\/wp-json\/wp\/v2\/pages\/9\/revisions"}],"predecessor-version":[{"id":70544,"href":"https:\/\/www.lcv-hotels.com\/de\/wp-json\/wp\/v2\/pages\/9\/revisions\/70544"}],"wp:attachment":[{"href":"https:\/\/www.lcv-hotels.com\/de\/wp-json\/wp\/v2\/media?parent=9"}],"curies":[{"name":"wp","href":"https:\/\/api.w.org\/{rel}","templated":true}]}}