{"id":41344,"date":"2023-03-30T10:28:31","date_gmt":"2023-03-30T08:28:31","guid":{"rendered":"https:\/\/lcv-hotels.com\/?page_id=41344"},"modified":"2025-08-01T15:43:44","modified_gmt":"2025-08-01T13:43:44","slug":"lourdes-la-cite-mariale","status":"publish","type":"page","link":"https:\/\/www.lcv-hotels.com\/en\/lourdes-la-cite-mariale\/","title":{"rendered":"Lourdes, the Marian City"},"content":{"rendered":"<figure class=\"wp-block-image size-full\"><img loading=\"lazy\" decoding=\"async\" width=\"758\" height=\"505\" src=\"https:\/\/lcv-hotels.com\/wp-content\/uploads\/2023\/02\/Lourdes.jpg\" alt=\"Lourdes, le cit\u00e9 mariale\" class=\"wp-image-40608\" srcset=\"https:\/\/www.lcv-hotels.com\/wp-content\/uploads\/2023\/02\/Lourdes.jpg 758w, https:\/\/www.lcv-hotels.com\/wp-content\/uploads\/2023\/02\/Lourdes-330x220.jpg 330w\" sizes=\"auto, (max-width: 758px) 100vw, 758px\" \/><\/figure>\n\n\n\n<p>Situ\u00e9e dans le sud-ouest de la France, non loin de Pau et Tarbes, <a href=\"https:\/\/www.saintjeanlourdes.com\/\"><strong>Lourdes<\/strong><\/a>, la ville aux 70 miracles, est depuis 1858 un haut lieu de p\u00e8lerinage catholique \u00e0 la suite de l\u2019apparition suppos\u00e9e de la Vierge Marie.<\/p>\n\n\n\n<p><strong>Lourdes<\/strong> accueille chaque ann\u00e9e 6 millions de p\u00e8lerins dont 600 000 personnes malades ou invalides venus du monde entier.<\/p>\n\n\n\n<p>Depuis 1858, l\u2019\u00c9glise a reconnu 70 miracles, pour pr\u00e8s de 7200 gu\u00e9risons inexpliqu\u00e9es.<\/p>\n\n\n\n<p>Vous pouvez ainsi passer par <a href=\"https:\/\/www.residence-lesoleil.com\/\">Lourdes<\/a> lors de votre p\u00e8lerinage vers <strong>Saint-Jacques de Compostelle<\/strong> ou encore vous offrir une retraite spirituelle.<\/p>\n\n\n\n<p>Au-del\u00e0 de la visite du <strong>Sanctuaire marial<\/strong>, o\u00f9 vous vivrez une exp\u00e9rience spirituelle profonde, Lourdes et sa r\u00e9gion regorges de bons nombres d\u2019activit\u00e9s.<\/p>\n\n\n\n<p>Vous pouvez visiter le ch\u00e2teau de Lourdes, arpenter les rues de la ville et y contempler son architecture, visiter ses nombreux parcs et jardins fleuris.<\/p>\n\n\n\n<p>Le lac de Lourdes vous offre la pleine nature. Vous pouvez en faire le tour en 6km, vous baigner, pratiquer le stand up paddle ou encore la p\u00e8che&nbsp;!<\/p>\n\n\n\n<p>Ressourcement garanti&nbsp;!<\/p>\n\n\n\n<p>Pour plus d\u2019informations, vous pouvez vous rendre sur le site de l\u2019office sur tourisme de Lourdes.<\/p>\n\n\n\n<p><a href=\"https:\/\/www.lourdes-infotourisme.com\/\">https:\/\/www.lourdes-infotourisme.com\/<\/a><\/p>","protected":false},"excerpt":{"rendered":"<p>Situ\u00e9e dans le sud-ouest de la France, non loin de Pau et Tarbes, Lourdes, la ville aux 70 miracles, est [&hellip;]<\/p>","protected":false},"author":8,"featured_media":0,"parent":0,"menu_order":0,"comment_status":"closed","ping_status":"closed","template":"","meta":{"_acf_changed":false,"om_disable_all_campaigns":false,"footnotes":""},"class_list":["post-41344","page","type-page","status-publish","hentry"],"acf":[],"yoast_head":"<!-- This site is optimized with the Yoast SEO plugin v26.8 - https:\/\/yoast.com\/product\/yoast-seo-wordpress\/ -->\n<title>Lourdes, la Cit\u00e9 Mariale - LCV<\/title>\n<meta name=\"description\" content=\"R\u00e9servez votre h\u00e9bergement, en famille ou en groupe pour votre p\u00e8lerinage \u00e0 Lourdes. R\u00e9sidence le Soleil ou R\u00e9sidence le Saint-Jean\" \/>\n<meta name=\"robots\" content=\"index, follow, max-snippet:-1, max-image-preview:large, max-video-preview:-1\" \/>\n<link rel=\"canonical\" href=\"https:\/\/www.lcv-hotels.com\/en\/lourdes-la-cite-mariale\/\" \/>\n<meta property=\"og:locale\" content=\"en_GB\" \/>\n<meta property=\"og:type\" content=\"article\" \/>\n<meta property=\"og:title\" content=\"Lourdes, la Cit\u00e9 Mariale - LCV\" \/>\n<meta property=\"og:description\" content=\"R\u00e9servez votre h\u00e9bergement, en famille ou en groupe pour votre p\u00e8lerinage \u00e0 Lourdes. R\u00e9sidence le Soleil ou R\u00e9sidence le Saint-Jean\" \/>\n<meta property=\"og:url\" content=\"https:\/\/www.lcv-hotels.com\/en\/lourdes-la-cite-mariale\/\" \/>\n<meta property=\"og:site_name\" content=\"LCV\" \/>\n<meta property=\"article:modified_time\" content=\"2025-08-01T13:43:44+00:00\" \/>\n<meta property=\"og:image\" content=\"https:\/\/lcv-hotels.com\/wp-content\/uploads\/2023\/02\/Lourdes.jpg\" \/>\n<meta name=\"twitter:card\" content=\"summary_large_image\" \/>\n<meta name=\"twitter:label1\" content=\"Estimated reading time\" \/>\n\t<meta name=\"twitter:data1\" content=\"2 minutes\" \/>\n<script type=\"application\/ld+json\" class=\"yoast-schema-graph\">{\"@context\":\"https:\/\/schema.org\",\"@graph\":[{\"@type\":\"WebPage\",\"@id\":\"https:\/\/www.lcv-hotels.com\/lourdes-la-cite-mariale\/\",\"url\":\"https:\/\/www.lcv-hotels.com\/lourdes-la-cite-mariale\/\",\"name\":\"Lourdes, la Cit\u00e9 Mariale - LCV\",\"isPartOf\":{\"@id\":\"https:\/\/www.lcv-hotels.com\/#website\"},\"primaryImageOfPage\":{\"@id\":\"https:\/\/www.lcv-hotels.com\/lourdes-la-cite-mariale\/#primaryimage\"},\"image\":{\"@id\":\"https:\/\/www.lcv-hotels.com\/lourdes-la-cite-mariale\/#primaryimage\"},\"thumbnailUrl\":\"https:\/\/lcv-hotels.com\/wp-content\/uploads\/2023\/02\/Lourdes.jpg\",\"datePublished\":\"2023-03-30T08:28:31+00:00\",\"dateModified\":\"2025-08-01T13:43:44+00:00\",\"description\":\"R\u00e9servez votre h\u00e9bergement, en famille ou en groupe pour votre p\u00e8lerinage \u00e0 Lourdes. R\u00e9sidence le Soleil ou R\u00e9sidence le Saint-Jean\",\"breadcrumb\":{\"@id\":\"https:\/\/www.lcv-hotels.com\/lourdes-la-cite-mariale\/#breadcrumb\"},\"inLanguage\":\"en-GB\",\"potentialAction\":[{\"@type\":\"ReadAction\",\"target\":[\"https:\/\/www.lcv-hotels.com\/lourdes-la-cite-mariale\/\"]}]},{\"@type\":\"ImageObject\",\"inLanguage\":\"en-GB\",\"@id\":\"https:\/\/www.lcv-hotels.com\/lourdes-la-cite-mariale\/#primaryimage\",\"url\":\"https:\/\/lcv-hotels.com\/wp-content\/uploads\/2023\/02\/Lourdes.jpg\",\"contentUrl\":\"https:\/\/lcv-hotels.com\/wp-content\/uploads\/2023\/02\/Lourdes.jpg\"},{\"@type\":\"BreadcrumbList\",\"@id\":\"https:\/\/www.lcv-hotels.com\/lourdes-la-cite-mariale\/#breadcrumb\",\"itemListElement\":[{\"@type\":\"ListItem\",\"position\":1,\"name\":\"Accueil\",\"item\":\"https:\/\/www.lcv-hotels.com\/\"},{\"@type\":\"ListItem\",\"position\":2,\"name\":\"Lourdes, la Cit\u00e9 Mariale\"}]},{\"@type\":\"WebSite\",\"@id\":\"https:\/\/www.lcv-hotels.com\/#website\",\"url\":\"https:\/\/www.lcv-hotels.com\/\",\"name\":\"LCV\",\"description\":\"Vos vacances en France et en Suisse \u00e0 petit prix\",\"publisher\":{\"@id\":\"https:\/\/www.lcv-hotels.com\/#organization\"},\"potentialAction\":[{\"@type\":\"SearchAction\",\"target\":{\"@type\":\"EntryPoint\",\"urlTemplate\":\"https:\/\/www.lcv-hotels.com\/?s={search_term_string}\"},\"query-input\":{\"@type\":\"PropertyValueSpecification\",\"valueRequired\":true,\"valueName\":\"search_term_string\"}}],\"inLanguage\":\"en-GB\"},{\"@type\":\"Organization\",\"@id\":\"https:\/\/www.lcv-hotels.com\/#organization\",\"name\":\"LCV\",\"url\":\"https:\/\/www.lcv-hotels.com\/\",\"logo\":{\"@type\":\"ImageObject\",\"inLanguage\":\"en-GB\",\"@id\":\"https:\/\/www.lcv-hotels.com\/#\/schema\/logo\/image\/\",\"url\":\"https:\/\/www.lcv-hotels.com\/wp-content\/uploads\/2025\/08\/logo_LCV.svg\",\"contentUrl\":\"https:\/\/www.lcv-hotels.com\/wp-content\/uploads\/2025\/08\/logo_LCV.svg\",\"caption\":\"LCV\"},\"image\":{\"@id\":\"https:\/\/www.lcv-hotels.com\/#\/schema\/logo\/image\/\"}}]}<\/script>\n<!-- \/ Yoast SEO plugin. -->","yoast_head_json":{"title":"Lourdes, la Cit\u00e9 Mariale - LCV","description":"R\u00e9servez votre h\u00e9bergement, en famille ou en groupe pour votre p\u00e8lerinage \u00e0 Lourdes. R\u00e9sidence le Soleil ou R\u00e9sidence le Saint-Jean","robots":{"index":"index","follow":"follow","max-snippet":"max-snippet:-1","max-image-preview":"max-image-preview:large","max-video-preview":"max-video-preview:-1"},"canonical":"https:\/\/www.lcv-hotels.com\/en\/lourdes-la-cite-mariale\/","og_locale":"en_GB","og_type":"article","og_title":"Lourdes, la Cit\u00e9 Mariale - LCV","og_description":"R\u00e9servez votre h\u00e9bergement, en famille ou en groupe pour votre p\u00e8lerinage \u00e0 Lourdes. R\u00e9sidence le Soleil ou R\u00e9sidence le Saint-Jean","og_url":"https:\/\/www.lcv-hotels.com\/en\/lourdes-la-cite-mariale\/","og_site_name":"LCV","article_modified_time":"2025-08-01T13:43:44+00:00","og_image":[{"url":"https:\/\/lcv-hotels.com\/wp-content\/uploads\/2023\/02\/Lourdes.jpg","type":"","width":"","height":""}],"twitter_card":"summary_large_image","twitter_misc":{"Estimated reading time":"2 minutes"},"schema":{"@context":"https:\/\/schema.org","@graph":[{"@type":"WebPage","@id":"https:\/\/www.lcv-hotels.com\/lourdes-la-cite-mariale\/","url":"https:\/\/www.lcv-hotels.com\/lourdes-la-cite-mariale\/","name":"Lourdes, la Cit\u00e9 Mariale - LCV","isPartOf":{"@id":"https:\/\/www.lcv-hotels.com\/#website"},"primaryImageOfPage":{"@id":"https:\/\/www.lcv-hotels.com\/lourdes-la-cite-mariale\/#primaryimage"},"image":{"@id":"https:\/\/www.lcv-hotels.com\/lourdes-la-cite-mariale\/#primaryimage"},"thumbnailUrl":"https:\/\/lcv-hotels.com\/wp-content\/uploads\/2023\/02\/Lourdes.jpg","datePublished":"2023-03-30T08:28:31+00:00","dateModified":"2025-08-01T13:43:44+00:00","description":"R\u00e9servez votre h\u00e9bergement, en famille ou en groupe pour votre p\u00e8lerinage \u00e0 Lourdes. R\u00e9sidence le Soleil ou R\u00e9sidence le Saint-Jean","breadcrumb":{"@id":"https:\/\/www.lcv-hotels.com\/lourdes-la-cite-mariale\/#breadcrumb"},"inLanguage":"en-GB","potentialAction":[{"@type":"ReadAction","target":["https:\/\/www.lcv-hotels.com\/lourdes-la-cite-mariale\/"]}]},{"@type":"ImageObject","inLanguage":"en-GB","@id":"https:\/\/www.lcv-hotels.com\/lourdes-la-cite-mariale\/#primaryimage","url":"https:\/\/lcv-hotels.com\/wp-content\/uploads\/2023\/02\/Lourdes.jpg","contentUrl":"https:\/\/lcv-hotels.com\/wp-content\/uploads\/2023\/02\/Lourdes.jpg"},{"@type":"BreadcrumbList","@id":"https:\/\/www.lcv-hotels.com\/lourdes-la-cite-mariale\/#breadcrumb","itemListElement":[{"@type":"ListItem","position":1,"name":"Accueil","item":"https:\/\/www.lcv-hotels.com\/"},{"@type":"ListItem","position":2,"name":"Lourdes, la Cit\u00e9 Mariale"}]},{"@type":"WebSite","@id":"https:\/\/www.lcv-hotels.com\/#website","url":"https:\/\/www.lcv-hotels.com\/","name":"LCV","description":"Your holidays in France and Switzerland at low prices","publisher":{"@id":"https:\/\/www.lcv-hotels.com\/#organization"},"potentialAction":[{"@type":"SearchAction","target":{"@type":"EntryPoint","urlTemplate":"https:\/\/www.lcv-hotels.com\/?s={search_term_string}"},"query-input":{"@type":"PropertyValueSpecification","valueRequired":true,"valueName":"search_term_string"}}],"inLanguage":"en-GB"},{"@type":"Organization","@id":"https:\/\/www.lcv-hotels.com\/#organization","name":"LCV","url":"https:\/\/www.lcv-hotels.com\/","logo":{"@type":"ImageObject","inLanguage":"en-GB","@id":"https:\/\/www.lcv-hotels.com\/#\/schema\/logo\/image\/","url":"https:\/\/www.lcv-hotels.com\/wp-content\/uploads\/2025\/08\/logo_LCV.svg","contentUrl":"https:\/\/www.lcv-hotels.com\/wp-content\/uploads\/2025\/08\/logo_LCV.svg","caption":"LCV"},"image":{"@id":"https:\/\/www.lcv-hotels.com\/#\/schema\/logo\/image\/"}}]}},"post_mailing_queue_ids":[],"_links":{"self":[{"href":"https:\/\/www.lcv-hotels.com\/en\/wp-json\/wp\/v2\/pages\/41344","targetHints":{"allow":["GET"]}}],"collection":[{"href":"https:\/\/www.lcv-hotels.com\/en\/wp-json\/wp\/v2\/pages"}],"about":[{"href":"https:\/\/www.lcv-hotels.com\/en\/wp-json\/wp\/v2\/types\/page"}],"author":[{"embeddable":true,"href":"https:\/\/www.lcv-hotels.com\/en\/wp-json\/wp\/v2\/users\/8"}],"replies":[{"embeddable":true,"href":"https:\/\/www.lcv-hotels.com\/en\/wp-json\/wp\/v2\/comments?post=41344"}],"version-history":[{"count":1,"href":"https:\/\/www.lcv-hotels.com\/en\/wp-json\/wp\/v2\/pages\/41344\/revisions"}],"predecessor-version":[{"id":41345,"href":"https:\/\/www.lcv-hotels.com\/en\/wp-json\/wp\/v2\/pages\/41344\/revisions\/41345"}],"wp:attachment":[{"href":"https:\/\/www.lcv-hotels.com\/en\/wp-json\/wp\/v2\/media?parent=41344"}],"curies":[{"name":"wp","href":"https:\/\/api.w.org\/{rel}","templated":true}]}}