{"id":41917,"date":"2023-05-31T12:14:37","date_gmt":"2023-05-31T10:14:37","guid":{"rendered":"https:\/\/lcv-hotels.com\/?page_id=41917"},"modified":"2025-09-16T14:30:35","modified_gmt":"2025-09-16T12:30:35","slug":"new-season-new-invitation-2","status":"publish","type":"page","link":"https:\/\/www.lcv-hotels.com\/en\/new-season-new-invitation-2\/","title":{"rendered":"Enjoy a summer by the pool"},"content":{"rendered":"<div class=\"wp-block-image\">\n<figure class=\"aligncenter size-full\"><img loading=\"lazy\" decoding=\"async\" width=\"600\" height=\"600\" src=\"https:\/\/lcv-hotels.com\/wp-content\/uploads\/2020\/01\/features_parasol_d_argens.jpg\" alt=\"\" class=\"wp-image-779\" srcset=\"https:\/\/www.lcv-hotels.com\/wp-content\/uploads\/2020\/01\/features_parasol_d_argens.jpg 600w, https:\/\/www.lcv-hotels.com\/wp-content\/uploads\/2020\/01\/features_parasol_d_argens-280x280.jpg 280w, https:\/\/www.lcv-hotels.com\/wp-content\/uploads\/2020\/01\/features_parasol_d_argens-150x150.jpg 150w, https:\/\/www.lcv-hotels.com\/wp-content\/uploads\/2020\/01\/features_parasol_d_argens-300x300.jpg 300w\" sizes=\"auto, (max-width: 600px) 100vw, 600px\" \/><\/figure><\/div>\n\n\n<p><strong>The Parasols d'Argent swimming pool is now open!<\/strong><\/p>\n\n\n\n<p class=\"has-text-align-left\">With the arrival of spring and the brilliance of summer just around the corner, we're delighted to announce the opening of our swimming pool at Les Parasols d'Argens, your privileged destination at <strong>Roquebrune-sur-Argens<\/strong>.<\/p>\n\n\n\n<p class=\"has-text-align-left\">Our aquatic oasis is ready to welcome our residents from May to October, from 9am to 8.30pm.<\/p>\n\n\n\n<p class=\"has-text-align-left\">La <strong>Outdoor pool<\/strong> is the heart of our establishment during the summer, a place where families come together to relax, swim and have a great time.<\/p>\n\n\n\n<p class=\"has-text-align-left\">The soothing blue of our swimming pool is an invitation to relax and enjoy yourself under the gentle C\u00f4te d'Azur sun.<\/p>\n\n\n\n<p class=\"has-text-align-left\">We pay special attention to children. Don't forget your armbands, little swimmers! We want the pool to be a happy and safe place for everyone. We also strongly recommend the use of sun cream to protect you from the sun's rays while you are sunbathing or swimming.<\/p>\n\n\n\n<p class=\"has-text-align-left\">We encourage all our residents to follow safety guidelines and to be courteous to others. Respecting the rules ensures a pleasant and carefree experience for everyone.<\/p>\n\n\n\n<p class=\"has-text-align-left\">So get your swimming costumes and beach towels ready and head for the pool! Les Parasols d'Argens is ready to welcome you for a memorable holiday at<strong> Roquebrune-sur-Argens<\/strong>.<\/p>\n\n\n\n<p class=\"has-text-align-left\">We look forward to seeing you enjoying our beautiful pool and all that our establishment has to offer.<\/p>\n\n\n\n<p class=\"has-text-align-left\">Come and experience unforgettable moments under<strong> les parasols d'Argens<\/strong>. The pool is open, the water is delicious, and we look forward to welcoming you!<\/p>","protected":false},"excerpt":{"rendered":"<p>La piscine des Parasols d&rsquo;argent est ouverte\u202f! Avec l&rsquo;arriv\u00e9e du printemps et l&rsquo;\u00e9clat de l&rsquo;\u00e9t\u00e9 qui approche, nous avons le [&hellip;]<\/p>","protected":false},"author":8,"featured_media":0,"parent":0,"menu_order":0,"comment_status":"closed","ping_status":"closed","template":"","meta":{"_acf_changed":false,"om_disable_all_campaigns":false,"footnotes":""},"class_list":["post-41917","page","type-page","status-publish","hentry"],"acf":[],"yoast_head":"<!-- This site is optimized with the Yoast SEO plugin v26.8 - https:\/\/yoast.com\/product\/yoast-seo-wordpress\/ -->\n<title>Profitez d&#039;un \u00e9t\u00e9 au bord de la piscine - LCV<\/title>\n<meta name=\"robots\" content=\"index, follow, max-snippet:-1, max-image-preview:large, max-video-preview:-1\" \/>\n<link rel=\"canonical\" href=\"https:\/\/www.lcv-hotels.com\/en\/new-season-new-invitation-2\/\" \/>\n<meta property=\"og:locale\" content=\"en_GB\" \/>\n<meta property=\"og:type\" content=\"article\" \/>\n<meta property=\"og:title\" content=\"Profitez d&#039;un \u00e9t\u00e9 au bord de la piscine - LCV\" \/>\n<meta property=\"og:description\" content=\"La piscine des Parasols d&rsquo;argent est ouverte\u202f! Avec l&rsquo;arriv\u00e9e du printemps et l&rsquo;\u00e9clat de l&rsquo;\u00e9t\u00e9 qui approche, nous avons le [&hellip;]\" \/>\n<meta property=\"og:url\" content=\"https:\/\/www.lcv-hotels.com\/en\/new-season-new-invitation-2\/\" \/>\n<meta property=\"og:site_name\" content=\"LCV\" \/>\n<meta property=\"article:modified_time\" content=\"2025-09-16T12:30:35+00:00\" \/>\n<meta property=\"og:image\" content=\"https:\/\/lcv-hotels.com\/wp-content\/uploads\/2020\/01\/features_parasol_d_argens.jpg\" \/>\n<meta name=\"twitter:card\" content=\"summary_large_image\" \/>\n<meta name=\"twitter:label1\" content=\"Estimated reading time\" \/>\n\t<meta name=\"twitter:data1\" content=\"2 minutes\" \/>\n<script type=\"application\/ld+json\" class=\"yoast-schema-graph\">{\"@context\":\"https:\/\/schema.org\",\"@graph\":[{\"@type\":\"WebPage\",\"@id\":\"https:\/\/www.lcv-hotels.com\/nouvelle-saison-nouvelle-invitation-2\/\",\"url\":\"https:\/\/www.lcv-hotels.com\/nouvelle-saison-nouvelle-invitation-2\/\",\"name\":\"Profitez d'un \u00e9t\u00e9 au bord de la piscine - LCV\",\"isPartOf\":{\"@id\":\"https:\/\/www.lcv-hotels.com\/#website\"},\"primaryImageOfPage\":{\"@id\":\"https:\/\/www.lcv-hotels.com\/nouvelle-saison-nouvelle-invitation-2\/#primaryimage\"},\"image\":{\"@id\":\"https:\/\/www.lcv-hotels.com\/nouvelle-saison-nouvelle-invitation-2\/#primaryimage\"},\"thumbnailUrl\":\"https:\/\/lcv-hotels.com\/wp-content\/uploads\/2020\/01\/features_parasol_d_argens.jpg\",\"datePublished\":\"2023-05-31T10:14:37+00:00\",\"dateModified\":\"2025-09-16T12:30:35+00:00\",\"breadcrumb\":{\"@id\":\"https:\/\/www.lcv-hotels.com\/nouvelle-saison-nouvelle-invitation-2\/#breadcrumb\"},\"inLanguage\":\"en-GB\",\"potentialAction\":[{\"@type\":\"ReadAction\",\"target\":[\"https:\/\/www.lcv-hotels.com\/nouvelle-saison-nouvelle-invitation-2\/\"]}]},{\"@type\":\"ImageObject\",\"inLanguage\":\"en-GB\",\"@id\":\"https:\/\/www.lcv-hotels.com\/nouvelle-saison-nouvelle-invitation-2\/#primaryimage\",\"url\":\"https:\/\/lcv-hotels.com\/wp-content\/uploads\/2020\/01\/features_parasol_d_argens.jpg\",\"contentUrl\":\"https:\/\/lcv-hotels.com\/wp-content\/uploads\/2020\/01\/features_parasol_d_argens.jpg\"},{\"@type\":\"BreadcrumbList\",\"@id\":\"https:\/\/www.lcv-hotels.com\/nouvelle-saison-nouvelle-invitation-2\/#breadcrumb\",\"itemListElement\":[{\"@type\":\"ListItem\",\"position\":1,\"name\":\"Accueil\",\"item\":\"https:\/\/www.lcv-hotels.com\/\"},{\"@type\":\"ListItem\",\"position\":2,\"name\":\"Profitez d&rsquo;un \u00e9t\u00e9 au bord de la piscine\"}]},{\"@type\":\"WebSite\",\"@id\":\"https:\/\/www.lcv-hotels.com\/#website\",\"url\":\"https:\/\/www.lcv-hotels.com\/\",\"name\":\"LCV\",\"description\":\"Vos vacances en France et en Suisse \u00e0 petit prix\",\"publisher\":{\"@id\":\"https:\/\/www.lcv-hotels.com\/#organization\"},\"potentialAction\":[{\"@type\":\"SearchAction\",\"target\":{\"@type\":\"EntryPoint\",\"urlTemplate\":\"https:\/\/www.lcv-hotels.com\/?s={search_term_string}\"},\"query-input\":{\"@type\":\"PropertyValueSpecification\",\"valueRequired\":true,\"valueName\":\"search_term_string\"}}],\"inLanguage\":\"en-GB\"},{\"@type\":\"Organization\",\"@id\":\"https:\/\/www.lcv-hotels.com\/#organization\",\"name\":\"LCV\",\"url\":\"https:\/\/www.lcv-hotels.com\/\",\"logo\":{\"@type\":\"ImageObject\",\"inLanguage\":\"en-GB\",\"@id\":\"https:\/\/www.lcv-hotels.com\/#\/schema\/logo\/image\/\",\"url\":\"https:\/\/www.lcv-hotels.com\/wp-content\/uploads\/2025\/08\/logo_LCV.svg\",\"contentUrl\":\"https:\/\/www.lcv-hotels.com\/wp-content\/uploads\/2025\/08\/logo_LCV.svg\",\"caption\":\"LCV\"},\"image\":{\"@id\":\"https:\/\/www.lcv-hotels.com\/#\/schema\/logo\/image\/\"}}]}<\/script>\n<!-- \/ Yoast SEO plugin. -->","yoast_head_json":{"title":"Enjoy a summer by the pool - LCV","robots":{"index":"index","follow":"follow","max-snippet":"max-snippet:-1","max-image-preview":"max-image-preview:large","max-video-preview":"max-video-preview:-1"},"canonical":"https:\/\/www.lcv-hotels.com\/en\/new-season-new-invitation-2\/","og_locale":"en_GB","og_type":"article","og_title":"Profitez d'un \u00e9t\u00e9 au bord de la piscine - LCV","og_description":"La piscine des Parasols d&rsquo;argent est ouverte\u202f! Avec l&rsquo;arriv\u00e9e du printemps et l&rsquo;\u00e9clat de l&rsquo;\u00e9t\u00e9 qui approche, nous avons le [&hellip;]","og_url":"https:\/\/www.lcv-hotels.com\/en\/new-season-new-invitation-2\/","og_site_name":"LCV","article_modified_time":"2025-09-16T12:30:35+00:00","og_image":[{"url":"https:\/\/lcv-hotels.com\/wp-content\/uploads\/2020\/01\/features_parasol_d_argens.jpg","type":"","width":"","height":""}],"twitter_card":"summary_large_image","twitter_misc":{"Estimated reading time":"2 minutes"},"schema":{"@context":"https:\/\/schema.org","@graph":[{"@type":"WebPage","@id":"https:\/\/www.lcv-hotels.com\/nouvelle-saison-nouvelle-invitation-2\/","url":"https:\/\/www.lcv-hotels.com\/nouvelle-saison-nouvelle-invitation-2\/","name":"Enjoy a summer by the pool - LCV","isPartOf":{"@id":"https:\/\/www.lcv-hotels.com\/#website"},"primaryImageOfPage":{"@id":"https:\/\/www.lcv-hotels.com\/nouvelle-saison-nouvelle-invitation-2\/#primaryimage"},"image":{"@id":"https:\/\/www.lcv-hotels.com\/nouvelle-saison-nouvelle-invitation-2\/#primaryimage"},"thumbnailUrl":"https:\/\/lcv-hotels.com\/wp-content\/uploads\/2020\/01\/features_parasol_d_argens.jpg","datePublished":"2023-05-31T10:14:37+00:00","dateModified":"2025-09-16T12:30:35+00:00","breadcrumb":{"@id":"https:\/\/www.lcv-hotels.com\/nouvelle-saison-nouvelle-invitation-2\/#breadcrumb"},"inLanguage":"en-GB","potentialAction":[{"@type":"ReadAction","target":["https:\/\/www.lcv-hotels.com\/nouvelle-saison-nouvelle-invitation-2\/"]}]},{"@type":"ImageObject","inLanguage":"en-GB","@id":"https:\/\/www.lcv-hotels.com\/nouvelle-saison-nouvelle-invitation-2\/#primaryimage","url":"https:\/\/lcv-hotels.com\/wp-content\/uploads\/2020\/01\/features_parasol_d_argens.jpg","contentUrl":"https:\/\/lcv-hotels.com\/wp-content\/uploads\/2020\/01\/features_parasol_d_argens.jpg"},{"@type":"BreadcrumbList","@id":"https:\/\/www.lcv-hotels.com\/nouvelle-saison-nouvelle-invitation-2\/#breadcrumb","itemListElement":[{"@type":"ListItem","position":1,"name":"Accueil","item":"https:\/\/www.lcv-hotels.com\/"},{"@type":"ListItem","position":2,"name":"Profitez d&rsquo;un \u00e9t\u00e9 au bord de la piscine"}]},{"@type":"WebSite","@id":"https:\/\/www.lcv-hotels.com\/#website","url":"https:\/\/www.lcv-hotels.com\/","name":"LCV","description":"Your holidays in France and Switzerland at low prices","publisher":{"@id":"https:\/\/www.lcv-hotels.com\/#organization"},"potentialAction":[{"@type":"SearchAction","target":{"@type":"EntryPoint","urlTemplate":"https:\/\/www.lcv-hotels.com\/?s={search_term_string}"},"query-input":{"@type":"PropertyValueSpecification","valueRequired":true,"valueName":"search_term_string"}}],"inLanguage":"en-GB"},{"@type":"Organization","@id":"https:\/\/www.lcv-hotels.com\/#organization","name":"LCV","url":"https:\/\/www.lcv-hotels.com\/","logo":{"@type":"ImageObject","inLanguage":"en-GB","@id":"https:\/\/www.lcv-hotels.com\/#\/schema\/logo\/image\/","url":"https:\/\/www.lcv-hotels.com\/wp-content\/uploads\/2025\/08\/logo_LCV.svg","contentUrl":"https:\/\/www.lcv-hotels.com\/wp-content\/uploads\/2025\/08\/logo_LCV.svg","caption":"LCV"},"image":{"@id":"https:\/\/www.lcv-hotels.com\/#\/schema\/logo\/image\/"}}]}},"post_mailing_queue_ids":[],"_links":{"self":[{"href":"https:\/\/www.lcv-hotels.com\/en\/wp-json\/wp\/v2\/pages\/41917","targetHints":{"allow":["GET"]}}],"collection":[{"href":"https:\/\/www.lcv-hotels.com\/en\/wp-json\/wp\/v2\/pages"}],"about":[{"href":"https:\/\/www.lcv-hotels.com\/en\/wp-json\/wp\/v2\/types\/page"}],"author":[{"embeddable":true,"href":"https:\/\/www.lcv-hotels.com\/en\/wp-json\/wp\/v2\/users\/8"}],"replies":[{"embeddable":true,"href":"https:\/\/www.lcv-hotels.com\/en\/wp-json\/wp\/v2\/comments?post=41917"}],"version-history":[{"count":8,"href":"https:\/\/www.lcv-hotels.com\/en\/wp-json\/wp\/v2\/pages\/41917\/revisions"}],"predecessor-version":[{"id":70557,"href":"https:\/\/www.lcv-hotels.com\/en\/wp-json\/wp\/v2\/pages\/41917\/revisions\/70557"}],"wp:attachment":[{"href":"https:\/\/www.lcv-hotels.com\/en\/wp-json\/wp\/v2\/media?parent=41917"}],"curies":[{"name":"wp","href":"https:\/\/api.w.org\/{rel}","templated":true}]}}