{"id":1795,"date":"2020-01-25T17:13:53","date_gmt":"2020-01-25T16:13:53","guid":{"rendered":"https:\/\/lcv-hotels.com\/long-sejour\/"},"modified":"2020-06-26T10:23:39","modified_gmt":"2020-06-26T08:23:39","slug":"langzeitaufenthalt","status":"publish","type":"page","link":"https:\/\/www.lcv-hotels.com\/es\/langzeitaufenthalt\/","title":{"rendered":"Langzeitaufenthalt"},"content":{"rendered":"<div class=\"wpb-content-wrapper\"><div data-vc-full-width=\"true\" data-vc-full-width-temp=\"true\" data-vc-full-width-init=\"false\" class=\"vc_row wpb_row vc_row-fluid header vc_custom_1579971055145 vc_row-has-fill\"><div class=\"wpb_column vc_column_container vc_col-sm-12\"><div class=\"vc_column-inner\"><div class=\"wpb_wrapper\">\n\t<div class=\"wpb_text_column wpb_content_element margin-bottom\" id=\"breadcrumbs\">\n\t\t<div class=\"wpb_wrapper\">\n\t\t\t<span><span><a href=\"https:\/\/www.lcv-hotels.com\/es\/\">Initio<\/a><\/span><\/span>\n\n\t\t<\/div>\n\t<\/div>\n    <div class=\"lcv-title text-white\">\n                <h2> <span class=\"underscore\">Langzeitaufenthalte<\/span><\/h2>\n\n    <\/div>\n    <\/div><\/div><\/div><\/div><div class=\"vc_row-full-width vc_clearfix\"><\/div><div data-vc-full-width=\"true\" data-vc-full-width-temp=\"true\" data-vc-full-width-init=\"false\" class=\"vc_row wpb_row vc_row-fluid vc_custom_1579969450638 vc_row-has-fill\"><div class=\"wpb_column vc_column_container vc_col-sm-12\"><div class=\"vc_column-inner\"><div class=\"wpb_wrapper\">\n\t<div class=\"wpb_text_column wpb_content_element uppercase font-size-2\" >\n\t\t<div class=\"wpb_wrapper\">\n\t\t\t<p>Unsere Residenzen<\/p>\n\n\t\t<\/div>\n\t<\/div>\n<div class=\"vc_empty_space\"   style=\"height: 32px\"><span class=\"vc_empty_space_inner\"><\/span><\/div>\n\t<div class=\"wpb_text_column wpb_content_element\" >\n\t\t<div class=\"wpb_wrapper\">\n\t\t\t<p>Einige unserer Residenzen bieten monatliche Anmietungen in voll ausgestatteten und voll funktionsf\u00e4higen Wohnungen an. F\u00fcr weitere Informationen kontaktieren Sie uns bitte, \u00fcber das unten stehende Formular. Wir werden uns so schnell wie m\u00f6glich bei Ihnen melden.<\/p>\n\n\t\t<\/div>\n\t<\/div>\n<div class=\"vc_empty_space\"   style=\"height: 32px\"><span class=\"vc_empty_space_inner\"><\/span><\/div><\/div><\/div><\/div><\/div><div class=\"vc_row-full-width vc_clearfix\"><\/div><div data-vc-full-width=\"true\" data-vc-full-width-temp=\"true\" data-vc-full-width-init=\"false\" data-vc-stretch-content=\"true\" class=\"vc_row wpb_row vc_row-fluid vc_custom_1579969475149\"><div class=\"wpb_column vc_column_container vc_col-sm-12\"><div class=\"vc_column-inner\"><div class=\"wpb_wrapper\">\n\t\n\t<section id=\"slider\" class=\"slider-home\">\n      <div class=\"flexslider\">\n        <ul class=\"slides\">\n                    <li class=\"slide\">\n\t\t\t\t\n\t\t\t\t<a style=\"display:block\" href=\"https:\/\/www.lcv-hotels.com\/es\/residences\/apparthotel-saint-jean\/\" title=\"Appart&#039;h\u00f4tel Saint-Jean (65)\">\n\t\t\t\t\t<div class=\"bgRes\" style=\"background-image:url('https:\/\/www.lcv-hotels.com\/wp-content\/uploads\/2020\/01\/saint-jean.jpg'); background-size:cover;\">\n\t\t\t\t\t  \t\t\t\t\t\t <ul>\t\n\t\t\t\t\t\t    \t \n\t\t\t\t\t\t <li class=\"ville\">\t\t\t\t\t\t\t\t\t\t\n\t\t\t\t\t\t\t <img decoding=\"async\" src=\"https:\/\/www.lcv-hotels.com\/wp-content\/uploads\/2020\/01\/Groupe-2195.png\" \/>\n\t\t\t\t\t\t  <\/li>\n\t\t\t\t\t\t  \t\t\t\t\t\t<\/ul> \n\t\t\t\t\t\t                        <div class=\"info\">\n\t\t\t\t\t\t<h3>Appart'h\u00f4tel Saint-Jean (65)<\/h3>\n                        \t\t\t\t\t\t<div class=\"whereto\">\n\t\t\t\t\t\t\t<p>Lourdes<\/p>\n\t\t\t\t\t\t<\/div>\n\t\t\t\t\t\t\t\t\t\t\t<\/div>\n\t\t\t\t\t\t\n\t\t\t\t\t\t\n         \t\t<\/div>\n\t\t\t\t<\/a>\n            \n          <\/li>\n                    <li class=\"slide\">\n\t\t\t\t\n\t\t\t\t<a style=\"display:block\" href=\"https:\/\/www.lcv-hotels.com\/es\/residences\/residences-les-parasols-dargens\/\" title=\"Residencias les Parasols d&#039;Argens (83)\">\n\t\t\t\t\t<div class=\"bgRes\" style=\"background-image:url('https:\/\/www.lcv-hotels.com\/wp-content\/uploads\/2020\/02\/roquebrune.jpg'); background-size:cover;\">\n\t\t\t\t\t  \t\t\t\t\t\t <ul>\t\n\t\t\t\t\t\t    \t \n\t\t\t\t\t\t <li class=\"mer\">\t\t\t\t\t\t\t\t\t\t\n\t\t\t\t\t\t\t <img decoding=\"async\" src=\"https:\/\/www.lcv-hotels.com\/wp-content\/uploads\/2020\/01\/Groupe-397.png\" \/>\n\t\t\t\t\t\t  <\/li>\n\t\t\t\t\t\t  \t\t\t\t\t\t<\/ul> \n\t\t\t\t\t\t                        <div class=\"info\">\n\t\t\t\t\t\t<h3>Residencias les Parasols d'Argens (83)<\/h3>\n                        \t\t\t\t\t\t<div class=\"whereto\">\n\t\t\t\t\t\t\t<p>Roquebrune-sur-argens<\/p>\n\t\t\t\t\t\t<\/div>\n\t\t\t\t\t\t\t\t\t\t\t<\/div>\n\t\t\t\t\t\t\n\t\t\t\t\t\t\n         \t\t<\/div>\n\t\t\t\t<\/a>\n            \n          <\/li>\n                    <li class=\"slide\">\n\t\t\t\t\n\t\t\t\t<a style=\"display:block\" href=\"https:\/\/www.lcv-hotels.com\/es\/residences\/residence-aixoises\/\" title=\"Residencia Les Acad\u00e9mies Aixoises (13)\">\n\t\t\t\t\t<div class=\"bgRes\" style=\"background-image:url('https:\/\/www.lcv-hotels.com\/wp-content\/uploads\/2020\/01\/LESACADEMIESAIXOISES-002-3.jpg'); background-size:cover;\">\n\t\t\t\t\t  \t\t\t\t\t\t <ul>\t\n\t\t\t\t\t\t    \t \n\t\t\t\t\t\t <li class=\"ville\">\t\t\t\t\t\t\t\t\t\t\n\t\t\t\t\t\t\t <img decoding=\"async\" src=\"https:\/\/www.lcv-hotels.com\/wp-content\/uploads\/2020\/01\/Groupe-2195.png\" \/>\n\t\t\t\t\t\t  <\/li>\n\t\t\t\t\t\t  \t\t\t\t\t\t<\/ul> \n\t\t\t\t\t\t                        <div class=\"info\">\n\t\t\t\t\t\t<h3>Residencia Les Acad\u00e9mies Aixoises (13)<\/h3>\n                        \t\t\t\t\t\t<div class=\"whereto\">\n\t\t\t\t\t\t\t<p>Aix en Provence<\/p>\n\t\t\t\t\t\t<\/div>\n\t\t\t\t\t\t\t\t\t\t\t<\/div>\n\t\t\t\t\t\t\n\t\t\t\t\t\t\n         \t\t<\/div>\n\t\t\t\t<\/a>\n            \n          <\/li>\n                    <li class=\"slide\">\n\t\t\t\t\n\t\t\t\t<a style=\"display:block\" href=\"https:\/\/www.lcv-hotels.com\/es\/residences\/residence-le-soleil\/\" title=\"Residencia Le Soleil (65)\">\n\t\t\t\t\t<div class=\"bgRes\" style=\"background-image:url('https:\/\/www.lcv-hotels.com\/wp-content\/uploads\/2020\/01\/5-Photo-quadruple-et-quintuple.jpg'); background-size:cover;\">\n\t\t\t\t\t  \t\t\t\t\t\t <ul>\t\n\t\t\t\t\t\t    \t \n\t\t\t\t\t\t <li class=\"montagne\">\t\t\t\t\t\t\t\t\t\t\n\t\t\t\t\t\t\t <img decoding=\"async\" src=\"https:\/\/www.lcv-hotels.com\/wp-content\/uploads\/2020\/01\/Groupe-369.png\" \/>\n\t\t\t\t\t\t  <\/li>\n\t\t\t\t\t\t  \t\t\t\t\t\t<\/ul> \n\t\t\t\t\t\t                        <div class=\"info\">\n\t\t\t\t\t\t<h3>Residencia Le Soleil (65)<\/h3>\n                        \t\t\t\t\t\t<div class=\"whereto\">\n\t\t\t\t\t\t\t<p>Lourdes<\/p>\n\t\t\t\t\t\t<\/div>\n\t\t\t\t\t\t\t\t\t\t\t<\/div>\n\t\t\t\t\t\t\n\t\t\t\t\t\t\n         \t\t<\/div>\n\t\t\t\t<\/a>\n            \n          <\/li>\n                    <li class=\"slide\">\n\t\t\t\t\n\t\t\t\t<a style=\"display:block\" href=\"https:\/\/www.lcv-hotels.com\/es\/residences\/cap-florival\/\" title=\"Residencia Cap Florival (68)\">\n\t\t\t\t\t<div class=\"bgRes\" style=\"background-image:url('https:\/\/www.lcv-hotels.com\/wp-content\/uploads\/2020\/01\/paysage_colmar.jpg'); background-size:cover;\">\n\t\t\t\t\t  \t\t\t\t\t\t <ul>\t\n\t\t\t\t\t\t    \t \n\t\t\t\t\t\t <li class=\"campagne\">\t\t\t\t\t\t\t\t\t\t\n\t\t\t\t\t\t\t <img decoding=\"async\" src=\"https:\/\/www.lcv-hotels.com\/wp-content\/uploads\/2020\/01\/Groupe-352.png\" \/>\n\t\t\t\t\t\t  <\/li>\n\t\t\t\t\t\t  \t\t\t\t\t\t<\/ul> \n\t\t\t\t\t\t                        <div class=\"info\">\n\t\t\t\t\t\t<h3>Residencia Cap Florival (68)<\/h3>\n                        \t\t\t\t\t\t<div class=\"whereto\">\n\t\t\t\t\t\t\t<p>Bollwiller<\/p>\n\t\t\t\t\t\t<\/div>\n\t\t\t\t\t\t\t\t\t\t\t<\/div>\n\t\t\t\t\t\t\n\t\t\t\t\t\t\n         \t\t<\/div>\n\t\t\t\t<\/a>\n            \n          <\/li>\n                <\/ul>\n    <\/div>\n<\/section>\n    <\/div><\/div><\/div><\/div><div class=\"vc_row-full-width vc_clearfix\"><\/div><div data-vc-full-width=\"true\" data-vc-full-width-temp=\"true\" data-vc-full-width-init=\"false\" class=\"vc_row wpb_row vc_row-fluid vc_custom_1579969730507 vc_row-has-fill\"><div class=\"wpb_column vc_column_container vc_col-sm-3\"><div class=\"vc_column-inner\"><div class=\"wpb_wrapper\"><\/div><\/div><\/div><div class=\"wpb_column vc_column_container vc_col-sm-6\" id=\"contactform\"><div class=\"vc_column-inner\"><div class=\"wpb_wrapper\">\n\t<div class=\"wpb_text_column wpb_content_element font-size-3\" >\n\t\t<div class=\"wpb_wrapper\">\n\t\t\t<p style=\"text-align: center;\"><strong>Eine Frage ?<\/strong><\/p>\n\n\t\t<\/div>\n\t<\/div>\n\n\t<div class=\"wpb_text_column wpb_content_element vc_custom_1584031371715 font-size-3 script gold\" >\n\t\t<div class=\"wpb_wrapper\">\n\t\t\t<p style=\"text-align: center;\">\u00a0Kontaktieren Sie uns !<\/p>\n\n\t\t<\/div>\n\t<\/div>\n<div class=\"vc_empty_space\"   style=\"height: 32px\"><span class=\"vc_empty_space_inner\"><\/span><\/div>\n\t<div class=\"wpb_text_column wpb_content_element\" >\n\t\t<div class=\"wpb_wrapper\">\n\t\t\t<p style=\"text-align: center;\">F\u00fcr alle Anfragen z\u00f6gern Sie bitte nicht, uns \u00fcber das unten stehende Formular zu kontaktieren.<\/p>\n<p style=\"text-align: center;\">Bitte geben Sie in Ihrer Nachricht die Residenz an, die Sie reservieren m\u00f6chten.<\/p>\n\n\t\t<\/div>\n\t<\/div>\n<div class=\"vc_empty_space\"   style=\"height: 32px\"><span class=\"vc_empty_space_inner\"><\/span><\/div><p class=\"wpcf7-contact-form-not-found\"><strong>Error:<\/strong> Formulario de contacto no encontrado.<\/p><\/div><\/div><\/div><div class=\"wpb_column vc_column_container vc_col-sm-3\"><div class=\"vc_column-inner\"><div class=\"wpb_wrapper\"><\/div><\/div><\/div><\/div><div class=\"vc_row-full-width vc_clearfix\"><\/div>\n<\/div>","protected":false},"excerpt":{"rendered":"Situ\u00e9e au pied des Vosges, dans le charmant village de Bollwiller, \u00e0 seulement 10 minutes de Mulhouse et 15 minutes [...]","protected":false},"author":2,"featured_media":0,"parent":0,"menu_order":0,"comment_status":"closed","ping_status":"closed","template":"template-default.php","meta":{"_acf_changed":false,"om_disable_all_campaigns":false,"footnotes":""},"class_list":["post-1795","page","type-page","status-publish","hentry"],"acf":[],"yoast_head":"<!-- This site is optimized with the Yoast SEO plugin v26.8 - https:\/\/yoast.com\/product\/yoast-seo-wordpress\/ -->\n<title>Langzeitaufenthalt - LCV<\/title>\n<meta name=\"robots\" content=\"index, follow, max-snippet:-1, max-image-preview:large, max-video-preview:-1\" \/>\n<link rel=\"canonical\" href=\"https:\/\/www.lcv-hotels.com\/es\/langzeitaufenthalt\/\" \/>\n<meta property=\"og:locale\" content=\"es_ES\" \/>\n<meta property=\"og:type\" content=\"article\" \/>\n<meta property=\"og:title\" content=\"Langzeitaufenthalt - LCV\" \/>\n<meta property=\"og:url\" content=\"https:\/\/www.lcv-hotels.com\/es\/langzeitaufenthalt\/\" \/>\n<meta property=\"og:site_name\" content=\"LCV\" \/>\n<meta property=\"article:modified_time\" content=\"2020-06-26T08:23:39+00:00\" \/>\n<meta name=\"twitter:card\" content=\"summary_large_image\" \/>\n<meta name=\"twitter:label1\" content=\"Tiempo de lectura\" \/>\n\t<meta name=\"twitter:data1\" content=\"2 minutos\" \/>\n<script type=\"application\/ld+json\" class=\"yoast-schema-graph\">{\"@context\":\"https:\/\/schema.org\",\"@graph\":[{\"@type\":\"WebPage\",\"@id\":\"https:\/\/www.lcv-hotels.com\/langzeitaufenthalt\/\",\"url\":\"https:\/\/www.lcv-hotels.com\/langzeitaufenthalt\/\",\"name\":\"Langzeitaufenthalt - LCV\",\"isPartOf\":{\"@id\":\"https:\/\/www.lcv-hotels.com\/#website\"},\"datePublished\":\"2020-01-25T16:13:53+00:00\",\"dateModified\":\"2020-06-26T08:23:39+00:00\",\"breadcrumb\":{\"@id\":\"https:\/\/www.lcv-hotels.com\/langzeitaufenthalt\/#breadcrumb\"},\"inLanguage\":\"es\",\"potentialAction\":[{\"@type\":\"ReadAction\",\"target\":[\"https:\/\/www.lcv-hotels.com\/langzeitaufenthalt\/\"]}]},{\"@type\":\"BreadcrumbList\",\"@id\":\"https:\/\/www.lcv-hotels.com\/langzeitaufenthalt\/#breadcrumb\",\"itemListElement\":[{\"@type\":\"ListItem\",\"position\":1,\"name\":\"Accueil\",\"item\":\"https:\/\/www.lcv-hotels.com\/\"},{\"@type\":\"ListItem\",\"position\":2,\"name\":\"Langzeitaufenthalt\"}]},{\"@type\":\"WebSite\",\"@id\":\"https:\/\/www.lcv-hotels.com\/#website\",\"url\":\"https:\/\/www.lcv-hotels.com\/\",\"name\":\"LCV\",\"description\":\"Vos vacances en France et en Suisse \u00e0 petit prix\",\"publisher\":{\"@id\":\"https:\/\/www.lcv-hotels.com\/#organization\"},\"potentialAction\":[{\"@type\":\"SearchAction\",\"target\":{\"@type\":\"EntryPoint\",\"urlTemplate\":\"https:\/\/www.lcv-hotels.com\/?s={search_term_string}\"},\"query-input\":{\"@type\":\"PropertyValueSpecification\",\"valueRequired\":true,\"valueName\":\"search_term_string\"}}],\"inLanguage\":\"es\"},{\"@type\":\"Organization\",\"@id\":\"https:\/\/www.lcv-hotels.com\/#organization\",\"name\":\"LCV\",\"url\":\"https:\/\/www.lcv-hotels.com\/\",\"logo\":{\"@type\":\"ImageObject\",\"inLanguage\":\"es\",\"@id\":\"https:\/\/www.lcv-hotels.com\/#\/schema\/logo\/image\/\",\"url\":\"https:\/\/www.lcv-hotels.com\/wp-content\/uploads\/2025\/08\/logo_LCV.svg\",\"contentUrl\":\"https:\/\/www.lcv-hotels.com\/wp-content\/uploads\/2025\/08\/logo_LCV.svg\",\"caption\":\"LCV\"},\"image\":{\"@id\":\"https:\/\/www.lcv-hotels.com\/#\/schema\/logo\/image\/\"}}]}<\/script>\n<!-- \/ Yoast SEO plugin. -->","yoast_head_json":{"title":"Langzeitaufenthalt - LCV","robots":{"index":"index","follow":"follow","max-snippet":"max-snippet:-1","max-image-preview":"max-image-preview:large","max-video-preview":"max-video-preview:-1"},"canonical":"https:\/\/www.lcv-hotels.com\/es\/langzeitaufenthalt\/","og_locale":"es_ES","og_type":"article","og_title":"Langzeitaufenthalt - LCV","og_url":"https:\/\/www.lcv-hotels.com\/es\/langzeitaufenthalt\/","og_site_name":"LCV","article_modified_time":"2020-06-26T08:23:39+00:00","twitter_card":"summary_large_image","twitter_misc":{"Tiempo de lectura":"2 minutos"},"schema":{"@context":"https:\/\/schema.org","@graph":[{"@type":"WebPage","@id":"https:\/\/www.lcv-hotels.com\/langzeitaufenthalt\/","url":"https:\/\/www.lcv-hotels.com\/langzeitaufenthalt\/","name":"Langzeitaufenthalt - LCV","isPartOf":{"@id":"https:\/\/www.lcv-hotels.com\/#website"},"datePublished":"2020-01-25T16:13:53+00:00","dateModified":"2020-06-26T08:23:39+00:00","breadcrumb":{"@id":"https:\/\/www.lcv-hotels.com\/langzeitaufenthalt\/#breadcrumb"},"inLanguage":"es","potentialAction":[{"@type":"ReadAction","target":["https:\/\/www.lcv-hotels.com\/langzeitaufenthalt\/"]}]},{"@type":"BreadcrumbList","@id":"https:\/\/www.lcv-hotels.com\/langzeitaufenthalt\/#breadcrumb","itemListElement":[{"@type":"ListItem","position":1,"name":"Accueil","item":"https:\/\/www.lcv-hotels.com\/"},{"@type":"ListItem","position":2,"name":"Langzeitaufenthalt"}]},{"@type":"WebSite","@id":"https:\/\/www.lcv-hotels.com\/#website","url":"https:\/\/www.lcv-hotels.com\/","name":"LCV","description":"Sus vacaciones en Francia y Suiza a precios bajos","publisher":{"@id":"https:\/\/www.lcv-hotels.com\/#organization"},"potentialAction":[{"@type":"SearchAction","target":{"@type":"EntryPoint","urlTemplate":"https:\/\/www.lcv-hotels.com\/?s={search_term_string}"},"query-input":{"@type":"PropertyValueSpecification","valueRequired":true,"valueName":"search_term_string"}}],"inLanguage":"es"},{"@type":"Organization","@id":"https:\/\/www.lcv-hotels.com\/#organization","name":"LCV","url":"https:\/\/www.lcv-hotels.com\/","logo":{"@type":"ImageObject","inLanguage":"es","@id":"https:\/\/www.lcv-hotels.com\/#\/schema\/logo\/image\/","url":"https:\/\/www.lcv-hotels.com\/wp-content\/uploads\/2025\/08\/logo_LCV.svg","contentUrl":"https:\/\/www.lcv-hotels.com\/wp-content\/uploads\/2025\/08\/logo_LCV.svg","caption":"LCV"},"image":{"@id":"https:\/\/www.lcv-hotels.com\/#\/schema\/logo\/image\/"}}]}},"post_mailing_queue_ids":[],"_links":{"self":[{"href":"https:\/\/www.lcv-hotels.com\/es\/wp-json\/wp\/v2\/pages\/1795","targetHints":{"allow":["GET"]}}],"collection":[{"href":"https:\/\/www.lcv-hotels.com\/es\/wp-json\/wp\/v2\/pages"}],"about":[{"href":"https:\/\/www.lcv-hotels.com\/es\/wp-json\/wp\/v2\/types\/page"}],"author":[{"embeddable":true,"href":"https:\/\/www.lcv-hotels.com\/es\/wp-json\/wp\/v2\/users\/2"}],"replies":[{"embeddable":true,"href":"https:\/\/www.lcv-hotels.com\/es\/wp-json\/wp\/v2\/comments?post=1795"}],"version-history":[{"count":10,"href":"https:\/\/www.lcv-hotels.com\/es\/wp-json\/wp\/v2\/pages\/1795\/revisions"}],"predecessor-version":[{"id":12234,"href":"https:\/\/www.lcv-hotels.com\/es\/wp-json\/wp\/v2\/pages\/1795\/revisions\/12234"}],"wp:attachment":[{"href":"https:\/\/www.lcv-hotels.com\/es\/wp-json\/wp\/v2\/media?parent=1795"}],"curies":[{"name":"wp","href":"https:\/\/api.w.org\/{rel}","templated":true}]}}