{"id":350,"date":"2020-01-25T17:13:53","date_gmt":"2020-01-25T16:13:53","guid":{"rendered":"https:\/\/lcv-hotels.com\/?page_id=350"},"modified":"2025-09-15T15:27:51","modified_gmt":"2025-09-15T13:27:51","slug":"long-sejour","status":"publish","type":"page","link":"https:\/\/www.lcv-hotels.com\/es\/long-sejour\/","title":{"rendered":"Larga estancia"},"content":{"rendered":"<div class=\"wpb-content-wrapper\"><div data-vc-full-width=\"true\" data-vc-full-width-temp=\"true\" data-vc-full-width-init=\"false\" class=\"vc_row wpb_row vc_row-fluid header vc_custom_1579971055145 vc_row-has-fill\"><div class=\"wpb_column vc_column_container vc_col-sm-12\"><div class=\"vc_column-inner\"><div class=\"wpb_wrapper\">\n\t<div class=\"wpb_text_column wpb_content_element margin-bottom\" id=\"breadcrumbs\">\n\t\t<div class=\"wpb_wrapper\">\n\t\t\t<span><span><a href=\"https:\/\/www.lcv-hotels.com\/es\/\">Initio<\/a><\/span><\/span>\n\n\t\t<\/div>\n\t<\/div>\n    <div class=\"lcv-title text-white\">\n                <h2>Larga <span class=\"underscore\">Estancia<\/span><\/h2>\n\n    <\/div>\n    <\/div><\/div><\/div><\/div><div class=\"vc_row-full-width vc_clearfix\"><\/div><div data-vc-full-width=\"true\" data-vc-full-width-temp=\"true\" data-vc-full-width-init=\"false\" class=\"vc_row wpb_row vc_row-fluid vc_custom_1579969450638 vc_row-has-fill\"><div class=\"wpb_column vc_column_container vc_col-sm-12\"><div class=\"vc_column-inner\"><div class=\"wpb_wrapper\">\n\t<div class=\"wpb_text_column wpb_content_element uppercase font-size-2\" >\n\t\t<div class=\"wpb_wrapper\">\n\t\t\t<p>Nuestras residencias<\/p>\n\n\t\t<\/div>\n\t<\/div>\n<div class=\"vc_empty_space\"   style=\"height: 32px\"><span class=\"vc_empty_space_inner\"><\/span><\/div>\n\t<div class=\"wpb_text_column wpb_content_element\" >\n\t\t<div class=\"wpb_wrapper\">\n\t\t\t<p>Varias de nuestras residencias ofrecen alquileres mensuales en apartamentos totalmente equipados y totalmente funcionales. Para obtener m\u00e1s informaci\u00f3n, p\u00f3ngase en contacto con nosotros mediante el siguiente formulario, nos pondremos en contacto con usted lo antes posible.<\/p>\n\n\t\t<\/div>\n\t<\/div>\n<div class=\"vc_empty_space\"   style=\"height: 32px\"><span class=\"vc_empty_space_inner\"><\/span><\/div><\/div><\/div><\/div><\/div><div class=\"vc_row-full-width vc_clearfix\"><\/div><div data-vc-full-width=\"true\" data-vc-full-width-temp=\"true\" data-vc-full-width-init=\"false\" data-vc-stretch-content=\"true\" class=\"vc_row wpb_row vc_row-fluid vc_custom_1579969475149\"><div class=\"wpb_column vc_column_container vc_col-sm-12\"><div class=\"vc_column-inner\"><div class=\"wpb_wrapper\">\n\t\n\t<section id=\"slider\" class=\"slider-home\">\n      <div class=\"flexslider\">\n        <ul class=\"slides\">\n                    <li class=\"slide\">\n\t\t\t\t\n\t\t\t\t<a style=\"display:block\" href=\"https:\/\/www.lcv-hotels.com\/es\/residences\/residence-aixoises\/\" title=\"Residencia Les Acad\u00e9mies Aixoises (13)\">\n\t\t\t\t\t<div class=\"bgRes\" style=\"background-image:url('https:\/\/www.lcv-hotels.com\/wp-content\/uploads\/2020\/01\/LESACADEMIESAIXOISES-002-3.jpg'); background-size:cover;\">\n\t\t\t\t\t  \t\t\t\t\t\t <ul>\t\n\t\t\t\t\t\t    \t \n\t\t\t\t\t\t <li class=\"ville\">\t\t\t\t\t\t\t\t\t\t\n\t\t\t\t\t\t\t <img decoding=\"async\" src=\"https:\/\/www.lcv-hotels.com\/wp-content\/uploads\/2020\/01\/Groupe-2195.png\" \/>\n\t\t\t\t\t\t  <\/li>\n\t\t\t\t\t\t  \t\t\t\t\t\t<\/ul> \n\t\t\t\t\t\t                        <div class=\"info\">\n\t\t\t\t\t\t<h3>Residencia Les Acad\u00e9mies Aixoises (13)<\/h3>\n                        \t\t\t\t\t\t<div class=\"whereto\">\n\t\t\t\t\t\t\t<p>Aix en Provence<\/p>\n\t\t\t\t\t\t<\/div>\n\t\t\t\t\t\t\t\t\t\t\t<\/div>\n\t\t\t\t\t\t\n\t\t\t\t\t\t\n         \t\t<\/div>\n\t\t\t\t<\/a>\n            \n          <\/li>\n                    <li class=\"slide\">\n\t\t\t\t\n\t\t\t\t<a style=\"display:block\" href=\"https:\/\/www.lcv-hotels.com\/es\/residences\/cap-florival\/\" title=\"Residencia Cap Florival (68)\">\n\t\t\t\t\t<div class=\"bgRes\" style=\"background-image:url('https:\/\/www.lcv-hotels.com\/wp-content\/uploads\/2020\/01\/paysage_colmar.jpg'); background-size:cover;\">\n\t\t\t\t\t  \t\t\t\t\t\t <ul>\t\n\t\t\t\t\t\t    \t \n\t\t\t\t\t\t <li class=\"campagne\">\t\t\t\t\t\t\t\t\t\t\n\t\t\t\t\t\t\t <img decoding=\"async\" src=\"https:\/\/www.lcv-hotels.com\/wp-content\/uploads\/2020\/01\/Groupe-352.png\" \/>\n\t\t\t\t\t\t  <\/li>\n\t\t\t\t\t\t  \t\t\t\t\t\t<\/ul> \n\t\t\t\t\t\t                        <div class=\"info\">\n\t\t\t\t\t\t<h3>Residencia Cap Florival (68)<\/h3>\n                        \t\t\t\t\t\t<div class=\"whereto\">\n\t\t\t\t\t\t\t<p>Bollwiller<\/p>\n\t\t\t\t\t\t<\/div>\n\t\t\t\t\t\t\t\t\t\t\t<\/div>\n\t\t\t\t\t\t\n\t\t\t\t\t\t\n         \t\t<\/div>\n\t\t\t\t<\/a>\n            \n          <\/li>\n                    <li class=\"slide\">\n\t\t\t\t\n\t\t\t\t<a style=\"display:block\" href=\"https:\/\/www.lcv-hotels.com\/es\/residences\/residence-le-soleil\/\" title=\"Residencia Le Soleil (65)\">\n\t\t\t\t\t<div class=\"bgRes\" style=\"background-image:url('https:\/\/www.lcv-hotels.com\/wp-content\/uploads\/2020\/01\/5-Photo-quadruple-et-quintuple.jpg'); background-size:cover;\">\n\t\t\t\t\t  \t\t\t\t\t\t <ul>\t\n\t\t\t\t\t\t    \t \n\t\t\t\t\t\t <li class=\"montagne\">\t\t\t\t\t\t\t\t\t\t\n\t\t\t\t\t\t\t <img decoding=\"async\" src=\"https:\/\/www.lcv-hotels.com\/wp-content\/uploads\/2020\/01\/Groupe-369.png\" \/>\n\t\t\t\t\t\t  <\/li>\n\t\t\t\t\t\t  \t\t\t\t\t\t<\/ul> \n\t\t\t\t\t\t                        <div class=\"info\">\n\t\t\t\t\t\t<h3>Residencia Le Soleil (65)<\/h3>\n                        \t\t\t\t\t\t<div class=\"whereto\">\n\t\t\t\t\t\t\t<p>Lourdes<\/p>\n\t\t\t\t\t\t<\/div>\n\t\t\t\t\t\t\t\t\t\t\t<\/div>\n\t\t\t\t\t\t\n\t\t\t\t\t\t\n         \t\t<\/div>\n\t\t\t\t<\/a>\n            \n          <\/li>\n                    <li class=\"slide\">\n\t\t\t\t\n\t\t\t\t<a style=\"display:block\" href=\"https:\/\/www.lcv-hotels.com\/es\/residences\/apparthotel-saint-jean\/\" title=\"Appart&#039;h\u00f4tel Saint-Jean (65)\">\n\t\t\t\t\t<div class=\"bgRes\" style=\"background-image:url('https:\/\/www.lcv-hotels.com\/wp-content\/uploads\/2020\/01\/saint-jean.jpg'); background-size:cover;\">\n\t\t\t\t\t  \t\t\t\t\t\t <ul>\t\n\t\t\t\t\t\t    \t \n\t\t\t\t\t\t <li class=\"ville\">\t\t\t\t\t\t\t\t\t\t\n\t\t\t\t\t\t\t <img decoding=\"async\" src=\"https:\/\/www.lcv-hotels.com\/wp-content\/uploads\/2020\/01\/Groupe-2195.png\" \/>\n\t\t\t\t\t\t  <\/li>\n\t\t\t\t\t\t  \t\t\t\t\t\t<\/ul> \n\t\t\t\t\t\t                        <div class=\"info\">\n\t\t\t\t\t\t<h3>Appart'h\u00f4tel Saint-Jean (65)<\/h3>\n                        \t\t\t\t\t\t<div class=\"whereto\">\n\t\t\t\t\t\t\t<p>Lourdes<\/p>\n\t\t\t\t\t\t<\/div>\n\t\t\t\t\t\t\t\t\t\t\t<\/div>\n\t\t\t\t\t\t\n\t\t\t\t\t\t\n         \t\t<\/div>\n\t\t\t\t<\/a>\n            \n          <\/li>\n                    <li class=\"slide\">\n\t\t\t\t\n\t\t\t\t<a style=\"display:block\" href=\"https:\/\/www.lcv-hotels.com\/es\/residences\/residences-les-parasols-dargens\/\" title=\"Residencias les Parasols d&#039;Argens (83)\">\n\t\t\t\t\t<div class=\"bgRes\" style=\"background-image:url('https:\/\/www.lcv-hotels.com\/wp-content\/uploads\/2020\/02\/roquebrune.jpg'); background-size:cover;\">\n\t\t\t\t\t  \t\t\t\t\t\t <ul>\t\n\t\t\t\t\t\t    \t \n\t\t\t\t\t\t <li class=\"mer\">\t\t\t\t\t\t\t\t\t\t\n\t\t\t\t\t\t\t <img decoding=\"async\" src=\"https:\/\/www.lcv-hotels.com\/wp-content\/uploads\/2020\/01\/Groupe-397.png\" \/>\n\t\t\t\t\t\t  <\/li>\n\t\t\t\t\t\t  \t\t\t\t\t\t<\/ul> \n\t\t\t\t\t\t                        <div class=\"info\">\n\t\t\t\t\t\t<h3>Residencias les Parasols d'Argens (83)<\/h3>\n                        \t\t\t\t\t\t<div class=\"whereto\">\n\t\t\t\t\t\t\t<p>Roquebrune-sur-argens<\/p>\n\t\t\t\t\t\t<\/div>\n\t\t\t\t\t\t\t\t\t\t\t<\/div>\n\t\t\t\t\t\t\n\t\t\t\t\t\t\n         \t\t<\/div>\n\t\t\t\t<\/a>\n            \n          <\/li>\n                <\/ul>\n    <\/div>\n<\/section>\n    <\/div><\/div><\/div><\/div><div class=\"vc_row-full-width vc_clearfix\"><\/div><div data-vc-full-width=\"true\" data-vc-full-width-temp=\"true\" data-vc-full-width-init=\"false\" class=\"vc_row wpb_row vc_row-fluid vc_custom_1582559134890 vc_row-has-fill\"><div class=\"wpb_column vc_column_container vc_col-sm-3\"><div class=\"vc_column-inner\"><div class=\"wpb_wrapper\"><\/div><\/div><\/div><div class=\"wpb_column vc_column_container vc_col-sm-6\" id=\"contactform\"><div class=\"vc_column-inner\"><div class=\"wpb_wrapper\">\n\t<div class=\"wpb_text_column wpb_content_element font-size-3\" >\n\t\t<div class=\"wpb_wrapper\">\n\t\t\t<p><a id=\"3529\"><\/a><\/p>\n<p style=\"text-align: center;\"><b>\u00bf Una pregunta ?<\/b><\/p>\n\n\t\t<\/div>\n\t<\/div>\n\n\t<div class=\"wpb_text_column wpb_content_element vc_custom_1581427057604 font-size-3 script gold\" >\n\t\t<div class=\"wpb_wrapper\">\n\t\t\t<p style=\"text-align: center;\">Cont\u00e1ctenos<\/p>\n\n\t\t<\/div>\n\t<\/div>\n<div class=\"vc_empty_space\"   style=\"height: 32px\"><span class=\"vc_empty_space_inner\"><\/span><\/div>\n\t<div class=\"wpb_text_column wpb_content_element\" >\n\t\t<div class=\"wpb_wrapper\">\n\t\t\t<p style=\"text-align: center;\">Para todas las consultas, no dude en ponerse en contacto con nosotros mediante el siguiente formulario.<\/p>\n<p style=\"text-align: center;\">Por favor, estipule la propiedad que desea reservar en su mensaje.<\/p>\n\n\t\t<\/div>\n\t<\/div>\n<div class=\"vc_empty_space\"   style=\"height: 32px\"><span class=\"vc_empty_space_inner\"><\/span><\/div>\n<div class=\"wpcf7 no-js\" id=\"wpcf7-f3675-o1\" lang=\"fr-FR\" dir=\"ltr\" data-wpcf7-id=\"3675\">\n<div class=\"screen-reader-response\"><p role=\"status\" aria-live=\"polite\" aria-atomic=\"true\"><\/p> <ul><\/ul><\/div>\n<form action=\"\/es\/wp-json\/wp\/v2\/pages\/350#wpcf7-f3675-o1\" method=\"post\" class=\"wpcf7-form init\" aria-label=\"Formulaire de contact\" novalidate=\"novalidate\" data-status=\"init\" data-trp-original-action=\"\/es\/wp-json\/wp\/v2\/pages\/350#wpcf7-f3675-o1\">\n<fieldset class=\"hidden-fields-container\"><input type=\"hidden\" name=\"_wpcf7\" value=\"3675\" \/><input type=\"hidden\" name=\"_wpcf7_version\" value=\"6.1.4\" \/><input type=\"hidden\" name=\"_wpcf7_locale\" value=\"fr_FR\" \/><input type=\"hidden\" name=\"_wpcf7_unit_tag\" value=\"wpcf7-f3675-o1\" \/><input type=\"hidden\" name=\"_wpcf7_container_post\" value=\"0\" \/><input type=\"hidden\" name=\"_wpcf7_posted_data_hash\" value=\"\" \/><input type=\"hidden\" name=\"_wpcf7_recaptcha_response\" value=\"\" \/>\n<\/fieldset>\n<div class=\"row\">\n\t<div class=\"col-md-6 col-xs-12\">\n\t\t<p><span class=\"wpcf7-form-control-wrap\" data-name=\"your-firstname\"><input size=\"40\" maxlength=\"400\" class=\"wpcf7-form-control wpcf7-text wpcf7-validates-as-required\" aria-required=\"true\" aria-invalid=\"false\" placeholder=\"Nombre\" value=\"\" type=\"text\" name=\"your-firstname\" \/><\/span>\n\t\t<\/p>\n\t<\/div>\n\t<div class=\"col-md-6 col-xs-12\">\n\t\t<p><span class=\"wpcf7-form-control-wrap\" data-name=\"your-name\"><input size=\"40\" maxlength=\"400\" class=\"wpcf7-form-control wpcf7-text wpcf7-validates-as-required\" aria-required=\"true\" aria-invalid=\"false\" placeholder=\"Apellido\" value=\"\" type=\"text\" name=\"your-name\" \/><\/span>\n\t\t<\/p>\n\t<\/div>\n<\/div>\n<div class=\"row\">\n\t<div class=\"col-md-6 col-xs-12\">\n\t\t<p><span class=\"wpcf7-form-control-wrap\" data-name=\"your-email\"><input size=\"40\" maxlength=\"400\" class=\"wpcf7-form-control wpcf7-email wpcf7-validates-as-required wpcf7-text wpcf7-validates-as-email\" aria-required=\"true\" aria-invalid=\"false\" placeholder=\"E-mail\" value=\"\" type=\"email\" name=\"your-email\" \/><\/span>\n\t\t<\/p>\n\t<\/div>\n\t<div class=\"col-md-6 col-xs-12\">\n\t\t<p><span class=\"wpcf7-form-control-wrap\" data-name=\"your-phone\"><input size=\"40\" maxlength=\"400\" class=\"wpcf7-form-control wpcf7-text\" aria-invalid=\"false\" placeholder=\"Numero de t\u00e9l\u00e9fono\" value=\"\" type=\"text\" name=\"your-phone\" \/><\/span>\n\t\t<\/p>\n\t<\/div>\n<\/div>\n<p><span class=\"wpcf7-form-control-wrap\" data-name=\"your-message\"><textarea cols=\"40\" rows=\"10\" maxlength=\"2000\" class=\"wpcf7-form-control wpcf7-textarea\" aria-invalid=\"false\" placeholder=\"Mensaje\" name=\"your-message\"><\/textarea><\/span>\n<\/p>\n<div class=\"row text-center\">\n\t<p><input class=\"wpcf7-form-control wpcf7-submit has-spinner\" type=\"submit\" value=\"ENVIAR\" \/>\n\t<\/p>\n<\/div><input type='hidden' class='wpcf7-pum' value='{\"closepopup\":false,\"closedelay\":0,\"openpopup\":false,\"openpopup_id\":0}' \/><div class=\"wpcf7-response-output\" aria-hidden=\"true\"><\/div>\n<input type=\"hidden\" name=\"trp-form-language\" value=\"es\"\/><\/form>\n<\/div>\n<\/div><\/div><\/div><div class=\"wpb_column vc_column_container vc_col-sm-3\"><div class=\"vc_column-inner\"><div class=\"wpb_wrapper\"><\/div><\/div><\/div><\/div><div class=\"vc_row-full-width vc_clearfix\"><\/div>\n<\/div>","protected":false},"excerpt":{"rendered":"Al alojarse en la residencia Les Parasols d'Argens, optan por un alquiler tranquilo en el coraz\u00f3n de un entorno verde [...]","protected":false},"author":2,"featured_media":0,"parent":0,"menu_order":0,"comment_status":"closed","ping_status":"closed","template":"template-default.php","meta":{"_acf_changed":false,"om_disable_all_campaigns":false,"footnotes":""},"class_list":["post-350","page","type-page","status-publish","hentry"],"acf":[],"yoast_head":"<!-- This site is optimized with the Yoast SEO plugin v26.8 - https:\/\/yoast.com\/product\/yoast-seo-wordpress\/ -->\n<title>Long s\u00e9jour - LCV<\/title>\n<meta name=\"robots\" content=\"index, follow, max-snippet:-1, max-image-preview:large, max-video-preview:-1\" \/>\n<link rel=\"canonical\" href=\"https:\/\/www.lcv-hotels.com\/es\/long-sejour\/\" \/>\n<meta property=\"og:locale\" content=\"es_ES\" \/>\n<meta property=\"og:type\" content=\"article\" \/>\n<meta property=\"og:title\" content=\"Long s\u00e9jour - LCV\" \/>\n<meta property=\"og:url\" content=\"https:\/\/www.lcv-hotels.com\/es\/long-sejour\/\" \/>\n<meta property=\"og:site_name\" content=\"LCV\" \/>\n<meta property=\"article:modified_time\" content=\"2025-09-15T13:27:51+00:00\" \/>\n<meta name=\"twitter:card\" content=\"summary_large_image\" \/>\n<meta name=\"twitter:label1\" content=\"Tiempo de lectura\" \/>\n\t<meta name=\"twitter:data1\" content=\"1 minuto\" \/>\n<script type=\"application\/ld+json\" class=\"yoast-schema-graph\">{\"@context\":\"https:\/\/schema.org\",\"@graph\":[{\"@type\":\"WebPage\",\"@id\":\"https:\/\/www.lcv-hotels.com\/long-sejour\/\",\"url\":\"https:\/\/www.lcv-hotels.com\/long-sejour\/\",\"name\":\"Long s\u00e9jour - LCV\",\"isPartOf\":{\"@id\":\"https:\/\/www.lcv-hotels.com\/#website\"},\"datePublished\":\"2020-01-25T16:13:53+00:00\",\"dateModified\":\"2025-09-15T13:27:51+00:00\",\"breadcrumb\":{\"@id\":\"https:\/\/www.lcv-hotels.com\/long-sejour\/#breadcrumb\"},\"inLanguage\":\"es\",\"potentialAction\":[{\"@type\":\"ReadAction\",\"target\":[\"https:\/\/www.lcv-hotels.com\/long-sejour\/\"]}]},{\"@type\":\"BreadcrumbList\",\"@id\":\"https:\/\/www.lcv-hotels.com\/long-sejour\/#breadcrumb\",\"itemListElement\":[{\"@type\":\"ListItem\",\"position\":1,\"name\":\"Accueil\",\"item\":\"https:\/\/www.lcv-hotels.com\/\"},{\"@type\":\"ListItem\",\"position\":2,\"name\":\"Long s\u00e9jour\"}]},{\"@type\":\"WebSite\",\"@id\":\"https:\/\/www.lcv-hotels.com\/#website\",\"url\":\"https:\/\/www.lcv-hotels.com\/\",\"name\":\"LCV\",\"description\":\"Vos vacances en France et en Suisse \u00e0 petit prix\",\"publisher\":{\"@id\":\"https:\/\/www.lcv-hotels.com\/#organization\"},\"potentialAction\":[{\"@type\":\"SearchAction\",\"target\":{\"@type\":\"EntryPoint\",\"urlTemplate\":\"https:\/\/www.lcv-hotels.com\/?s={search_term_string}\"},\"query-input\":{\"@type\":\"PropertyValueSpecification\",\"valueRequired\":true,\"valueName\":\"search_term_string\"}}],\"inLanguage\":\"es\"},{\"@type\":\"Organization\",\"@id\":\"https:\/\/www.lcv-hotels.com\/#organization\",\"name\":\"LCV\",\"url\":\"https:\/\/www.lcv-hotels.com\/\",\"logo\":{\"@type\":\"ImageObject\",\"inLanguage\":\"es\",\"@id\":\"https:\/\/www.lcv-hotels.com\/#\/schema\/logo\/image\/\",\"url\":\"https:\/\/www.lcv-hotels.com\/wp-content\/uploads\/2025\/08\/logo_LCV.svg\",\"contentUrl\":\"https:\/\/www.lcv-hotels.com\/wp-content\/uploads\/2025\/08\/logo_LCV.svg\",\"caption\":\"LCV\"},\"image\":{\"@id\":\"https:\/\/www.lcv-hotels.com\/#\/schema\/logo\/image\/\"}}]}<\/script>\n<!-- \/ Yoast SEO plugin. -->","yoast_head_json":{"title":"Long s\u00e9jour - LCV","robots":{"index":"index","follow":"follow","max-snippet":"max-snippet:-1","max-image-preview":"max-image-preview:large","max-video-preview":"max-video-preview:-1"},"canonical":"https:\/\/www.lcv-hotels.com\/es\/long-sejour\/","og_locale":"es_ES","og_type":"article","og_title":"Long s\u00e9jour - LCV","og_url":"https:\/\/www.lcv-hotels.com\/es\/long-sejour\/","og_site_name":"LCV","article_modified_time":"2025-09-15T13:27:51+00:00","twitter_card":"summary_large_image","twitter_misc":{"Tiempo de lectura":"1 minuto"},"schema":{"@context":"https:\/\/schema.org","@graph":[{"@type":"WebPage","@id":"https:\/\/www.lcv-hotels.com\/long-sejour\/","url":"https:\/\/www.lcv-hotels.com\/long-sejour\/","name":"Long s\u00e9jour - LCV","isPartOf":{"@id":"https:\/\/www.lcv-hotels.com\/#website"},"datePublished":"2020-01-25T16:13:53+00:00","dateModified":"2025-09-15T13:27:51+00:00","breadcrumb":{"@id":"https:\/\/www.lcv-hotels.com\/long-sejour\/#breadcrumb"},"inLanguage":"es","potentialAction":[{"@type":"ReadAction","target":["https:\/\/www.lcv-hotels.com\/long-sejour\/"]}]},{"@type":"BreadcrumbList","@id":"https:\/\/www.lcv-hotels.com\/long-sejour\/#breadcrumb","itemListElement":[{"@type":"ListItem","position":1,"name":"Accueil","item":"https:\/\/www.lcv-hotels.com\/"},{"@type":"ListItem","position":2,"name":"Long s\u00e9jour"}]},{"@type":"WebSite","@id":"https:\/\/www.lcv-hotels.com\/#website","url":"https:\/\/www.lcv-hotels.com\/","name":"LCV","description":"Sus vacaciones en Francia y Suiza a precios bajos","publisher":{"@id":"https:\/\/www.lcv-hotels.com\/#organization"},"potentialAction":[{"@type":"SearchAction","target":{"@type":"EntryPoint","urlTemplate":"https:\/\/www.lcv-hotels.com\/?s={search_term_string}"},"query-input":{"@type":"PropertyValueSpecification","valueRequired":true,"valueName":"search_term_string"}}],"inLanguage":"es"},{"@type":"Organization","@id":"https:\/\/www.lcv-hotels.com\/#organization","name":"LCV","url":"https:\/\/www.lcv-hotels.com\/","logo":{"@type":"ImageObject","inLanguage":"es","@id":"https:\/\/www.lcv-hotels.com\/#\/schema\/logo\/image\/","url":"https:\/\/www.lcv-hotels.com\/wp-content\/uploads\/2025\/08\/logo_LCV.svg","contentUrl":"https:\/\/www.lcv-hotels.com\/wp-content\/uploads\/2025\/08\/logo_LCV.svg","caption":"LCV"},"image":{"@id":"https:\/\/www.lcv-hotels.com\/#\/schema\/logo\/image\/"}}]}},"post_mailing_queue_ids":[],"_links":{"self":[{"href":"https:\/\/www.lcv-hotels.com\/es\/wp-json\/wp\/v2\/pages\/350","targetHints":{"allow":["GET"]}}],"collection":[{"href":"https:\/\/www.lcv-hotels.com\/es\/wp-json\/wp\/v2\/pages"}],"about":[{"href":"https:\/\/www.lcv-hotels.com\/es\/wp-json\/wp\/v2\/types\/page"}],"author":[{"embeddable":true,"href":"https:\/\/www.lcv-hotels.com\/es\/wp-json\/wp\/v2\/users\/2"}],"replies":[{"embeddable":true,"href":"https:\/\/www.lcv-hotels.com\/es\/wp-json\/wp\/v2\/comments?post=350"}],"version-history":[{"count":31,"href":"https:\/\/www.lcv-hotels.com\/es\/wp-json\/wp\/v2\/pages\/350\/revisions"}],"predecessor-version":[{"id":70550,"href":"https:\/\/www.lcv-hotels.com\/es\/wp-json\/wp\/v2\/pages\/350\/revisions\/70550"}],"wp:attachment":[{"href":"https:\/\/www.lcv-hotels.com\/es\/wp-json\/wp\/v2\/media?parent=350"}],"curies":[{"name":"wp","href":"https:\/\/api.w.org\/{rel}","templated":true}]}}