{"id":3808,"date":"2020-02-28T11:45:43","date_gmt":"2020-02-28T10:45:43","guid":{"rendered":"https:\/\/lcv-hotels.com\/?page_id=3808"},"modified":"2025-08-01T15:43:44","modified_gmt":"2025-08-01T13:43:44","slug":"condiciones-de-venta","status":"publish","type":"page","link":"https:\/\/www.lcv-hotels.com\/es\/condiciones-de-venta\/","title":{"rendered":"Condiciones generales de venta"},"content":{"rendered":"<div class=\"wpb-content-wrapper\"><div class=\"vc_row wpb_row vc_row-fluid\"><div class=\"wpb_column vc_column_container vc_col-sm-12\"><div class=\"vc_column-inner\"><div class=\"wpb_wrapper\">\n\t<div class=\"wpb_text_column wpb_content_element\" >\n\t\t<div class=\"wpb_wrapper\">\n\t\t\t<h3>Condiciones generales de venta<\/h3>\n<p><strong><b>\u00a0<\/b><\/strong><\/p>\n<p><strong><b>Art\u00edculo 1 \u2013 Alcance \u2013 Prop\u00f3sito<\/b><\/strong><\/p>\n<p>Estas condiciones generales de venta definen las relaciones contractuales entre LOISIRS COTE VACANCES y los clientes de nuestros hoteles y residencias, a menos que haya una excepci\u00f3n espec\u00edfica por escrito. Tambi\u00e9n se aplican a todas las reservas realizadas a trav\u00e9s de nuestro centro de reservas, directamente con nuestros hoteles y residencias, o por Internet. El registro de la reserva y el env\u00edo de la confirmaci\u00f3n constituir\u00e1n prueba de la transacci\u00f3n y aceptaci\u00f3n de las operaciones realizadas. Cualquier reserva validada implica la aceptaci\u00f3n expresa y completa de nuestras condiciones generales de venta, el reconocimiento de tener un conocimiento perfecto de la misma y la renuncia a hacer uso de sus propias condiciones de compra u otras condiciones.<\/p>\n<p><strong><b>Art\u00edculo 2 \u2013 Reserva y m\u00e9todos de pago<\/b><\/strong><\/p>\n<p>La reserva de un apartamento solo es v\u00e1lida despu\u00e9s de la aceptaci\u00f3n por parte del departamento de reservas o el gerente de la residencia. y el pago de un dep\u00f3sito del 30% del monto total de la estad\u00eda para las residencias y la provisi\u00f3n de un n\u00famero de tarjeta de cr\u00e9dito garantizado para los hoteles. En caso de pago anticipado, el saldo debe pagarse 30 d\u00edas antes de la fecha de llegada sin nuestro recordatorio. De lo contrario, nos reservamos el derecho de considerar cancelada su inscripci\u00f3n y de aplicar las tarifas de cancelaci\u00f3n proporcionadas.<\/p>\n<p>Para las reservas en l\u00ednea, se informa al cliente que un mes antes de la salida, el saldo del precio de la estad\u00eda y, si corresponde, los servicios asociados se debitar\u00e1n autom\u00e1ticamente y sin previo aviso de la cuenta bancaria utilizada en el momento de reserva.<\/p>\n<p>Para reservas realizadas con menos de 1 mes antes del inicio de la estad\u00eda, el pago total debe realizarse al momento de la reserva.<\/p>\n<p>Para reservas realizadas con menos de 1 mes antes del inicio de la estad\u00eda, el pago total debe realizarse al momento de la reserva.<\/p>\n<p>Para los clientes que pasan y las estad\u00edas mensuales, el pago se realizar\u00e1 a la presentaci\u00f3n de la factura a la llegada. Las facturas se redactar\u00e1n a nombre del residente o de la persona jur\u00eddica responsable de la estad\u00eda. El residente debe justificar la asunci\u00f3n por dicha persona jur\u00eddica de sus gastos de subsistencia, en su defecto, la factura se redactar\u00e1 a su nombre.<\/p>\n<p><strong><b>Art\u00edculo 3 \u2013 Cancelaci\u00f3n<\/b><\/strong><\/p>\n<p>Cualquier cancelaci\u00f3n de estad\u00eda debe ser notificada por carta certificada con acuse de recibo dirigida a nuestro departamento de reservas y se tendr\u00e1 en cuenta en la fecha de recepci\u00f3n.<\/p>\n<p><strong><b>R\u00e9sidencias LCV :<\/b><\/strong><\/p>\n<p>Las indemnizaciones por cancelaci\u00f3n se recibir\u00e1n de forma correcta y sin formalidades en los siguientes casos y condiciones:<\/p>\n<ul>\n<li>Cancelaci\u00f3n de m\u00e1s de 7 d\u00edas antes de la fecha de llegada, se retendr\u00e1n los gastos de reserva.<\/li>\n<li>Cancelaci\u00f3n entre el 7 y el 3er d\u00eda antes de la fecha de llegada, se mantendr\u00e1 el 50% del importe total de la estancia y los gastos de reserva.<\/li>\n<li>Cancelaci\u00f3n 3 d\u00edas o menos antes de la fecha de llegada o no presentaci\u00f3n, se retendr\u00e1 el 100% de la estancia y los gastos de reserva.<\/li>\n<\/ul>\n<p><strong><b>Hoteles LCV y residencias hoteleras :<\/b><\/strong><\/p>\n<p>Las indemnizaciones por cancelaci\u00f3n se recibir\u00e1n de forma correcta y sin formalidades en los siguientes casos y condiciones:<\/p>\n<ul>\n<li>Cancelaci\u00f3n 2 d\u00edas o menos antes de la fecha de llegada o no show, la primera noche de la estancia se cargar\u00e1 a su tarjeta de cr\u00e9dito. Para obtener un posible reembolso, le recomendamos que elimine la cancelaci\u00f3n, la interrupci\u00f3n del seguro de estad\u00eda.<\/li>\n<\/ul>\n<p><strong><b>Art\u00edculo 4 \u2013 Duraci\u00f3n de la estancia<\/b><\/strong><\/p>\n<p>Con la excepci\u00f3n de los contratos espec\u00edficos con nuestros socios (\u00abasignaci\u00f3n\u00bb), no se puede firmar ning\u00fan contrato de alquiler por un per\u00edodo de m\u00e1s de 1 mes.<\/p>\n<p><strong><b>Extensi\u00f3n<\/b><\/strong><\/p>\n<p>Sujeto a disponibilidad y a discreci\u00f3n del gerente de la residencia, la duraci\u00f3n de la estad\u00eda puede extenderse. En caso de una extensi\u00f3n, se firmar\u00e1 un nuevo contrato de alquiler. Cualquier extensi\u00f3n requiere que todos los montos adeudados por el cliente por su estad\u00eda anterior se liquiden por adelantado.<\/p>\n<p><strong><b>Salida anticipada<\/b><\/strong><\/p>\n<p>La estad\u00eda puede ser interrumpida antes del plazo acordado contractualmente, informando al administrador de la residencia dentro de los siguientes plazos:<\/p>\n<ul>\n<li>M\u00e1s de 48 horas de antelaci\u00f3n en el caso de una estancia de menos de 7 noches.<\/li>\n<li>on m\u00e1s de 7 d\u00edas de anticipaci\u00f3n para una estad\u00eda de 7 a 29 noches.<\/li>\n<\/ul>\n<p>En caso de salida anticipada, el precio aplicable ser\u00e1 el correspondiente a la duraci\u00f3n as\u00ed acortada. Cualquier cambio de precio vinculado a una salida se aplicar\u00e1 retroactivamente a la cuenta del cliente desde la fecha de su llegada.<\/p>\n<p><strong><b>Article 5 \u2013 Llegada \/ Salida<\/b><\/strong><\/p>\n<p>R\u00e9sidencias LCV :<br \/>\nEn temporada alta, a menos que el departamento de reservas o el gerente de la residencia lo acuerden expresamente, la estad\u00eda m\u00ednima es de 7 noches con una llegada programada el s\u00e1bado, entre las 5 p.m. y las 8 p.m., y una salida el s\u00e1bado siguiente antes de las 10 a.m.<\/p>\n<p>En temporada baja, los d\u00edas de llegada son gratuitos, la estad\u00eda m\u00ednima es de 2 noches, con llegada a partir de las 5 p.m. y salida antes de las 10 a.m.<\/p>\n<p><strong><b>Article 6 \u2013 Precios<\/b><\/strong><\/p>\n<p>Nuestros precios incluyen todos los impuestos e incluyen, a menos que se estipule lo contrario en el contrato de alquiler, la provisi\u00f3n de alojamiento y cargos (electricidad adicional para alquileres mensuales). El impuesto tur\u00edstico es por persona y d\u00eda a partir de 13 a\u00f1os y ajustable en el sitio.<\/p>\n\n\t\t<\/div>\n\t<\/div>\n<\/div><\/div><\/div><\/div>\n<\/div>","protected":false},"excerpt":{"rendered":"Conditions G\u00e9n\u00e9rales de Vente \u00a0 Article 1 - Champ d\u2019application \u2013 Objet Les pr\u00e9sentes conditions g\u00e9n\u00e9rales de vente d\u00e9finissent les [...]","protected":false},"author":2,"featured_media":0,"parent":0,"menu_order":0,"comment_status":"closed","ping_status":"closed","template":"template-default.php","meta":{"_acf_changed":false,"om_disable_all_campaigns":false,"footnotes":""},"class_list":["post-3808","page","type-page","status-publish","hentry"],"acf":[],"yoast_head":"<!-- This site is optimized with the Yoast SEO plugin v26.8 - https:\/\/yoast.com\/product\/yoast-seo-wordpress\/ -->\n<title>Conditions G\u00e9n\u00e9rales de Vente - LCV<\/title>\n<meta name=\"robots\" content=\"index, nofollow, max-snippet:-1, max-image-preview:large, max-video-preview:-1\" \/>\n<link rel=\"canonical\" href=\"https:\/\/www.lcv-hotels.com\/es\/condiciones-de-venta\/\" \/>\n<meta property=\"og:locale\" content=\"es_ES\" \/>\n<meta property=\"og:type\" content=\"article\" \/>\n<meta property=\"og:title\" content=\"Conditions G\u00e9n\u00e9rales de Vente - LCV\" \/>\n<meta property=\"og:url\" content=\"https:\/\/www.lcv-hotels.com\/es\/condiciones-de-venta\/\" \/>\n<meta property=\"og:site_name\" content=\"LCV\" \/>\n<meta property=\"article:modified_time\" content=\"2025-08-01T13:43:44+00:00\" \/>\n<meta name=\"twitter:card\" content=\"summary_large_image\" \/>\n<meta name=\"twitter:label1\" content=\"Tiempo de lectura\" \/>\n\t<meta name=\"twitter:data1\" content=\"5 minutos\" \/>\n<script type=\"application\/ld+json\" class=\"yoast-schema-graph\">{\"@context\":\"https:\/\/schema.org\",\"@graph\":[{\"@type\":\"WebPage\",\"@id\":\"https:\/\/www.lcv-hotels.com\/conditions-generales-de-vente\/\",\"url\":\"https:\/\/www.lcv-hotels.com\/conditions-generales-de-vente\/\",\"name\":\"Conditions G\u00e9n\u00e9rales de Vente - LCV\",\"isPartOf\":{\"@id\":\"https:\/\/www.lcv-hotels.com\/#website\"},\"datePublished\":\"2020-02-28T10:45:43+00:00\",\"dateModified\":\"2025-08-01T13:43:44+00:00\",\"breadcrumb\":{\"@id\":\"https:\/\/www.lcv-hotels.com\/conditions-generales-de-vente\/#breadcrumb\"},\"inLanguage\":\"es\",\"potentialAction\":[{\"@type\":\"ReadAction\",\"target\":[\"https:\/\/www.lcv-hotels.com\/conditions-generales-de-vente\/\"]}]},{\"@type\":\"BreadcrumbList\",\"@id\":\"https:\/\/www.lcv-hotels.com\/conditions-generales-de-vente\/#breadcrumb\",\"itemListElement\":[{\"@type\":\"ListItem\",\"position\":1,\"name\":\"Accueil\",\"item\":\"https:\/\/www.lcv-hotels.com\/\"},{\"@type\":\"ListItem\",\"position\":2,\"name\":\"Conditions G\u00e9n\u00e9rales de Vente\"}]},{\"@type\":\"WebSite\",\"@id\":\"https:\/\/www.lcv-hotels.com\/#website\",\"url\":\"https:\/\/www.lcv-hotels.com\/\",\"name\":\"LCV\",\"description\":\"Vos vacances en France et en Suisse \u00e0 petit prix\",\"publisher\":{\"@id\":\"https:\/\/www.lcv-hotels.com\/#organization\"},\"potentialAction\":[{\"@type\":\"SearchAction\",\"target\":{\"@type\":\"EntryPoint\",\"urlTemplate\":\"https:\/\/www.lcv-hotels.com\/?s={search_term_string}\"},\"query-input\":{\"@type\":\"PropertyValueSpecification\",\"valueRequired\":true,\"valueName\":\"search_term_string\"}}],\"inLanguage\":\"es\"},{\"@type\":\"Organization\",\"@id\":\"https:\/\/www.lcv-hotels.com\/#organization\",\"name\":\"LCV\",\"url\":\"https:\/\/www.lcv-hotels.com\/\",\"logo\":{\"@type\":\"ImageObject\",\"inLanguage\":\"es\",\"@id\":\"https:\/\/www.lcv-hotels.com\/#\/schema\/logo\/image\/\",\"url\":\"https:\/\/www.lcv-hotels.com\/wp-content\/uploads\/2025\/08\/logo_LCV.svg\",\"contentUrl\":\"https:\/\/www.lcv-hotels.com\/wp-content\/uploads\/2025\/08\/logo_LCV.svg\",\"caption\":\"LCV\"},\"image\":{\"@id\":\"https:\/\/www.lcv-hotels.com\/#\/schema\/logo\/image\/\"}}]}<\/script>\n<!-- \/ Yoast SEO plugin. -->","yoast_head_json":{"title":"Conditions G\u00e9n\u00e9rales de Vente - LCV","robots":{"index":"index","follow":"nofollow","max-snippet":"max-snippet:-1","max-image-preview":"max-image-preview:large","max-video-preview":"max-video-preview:-1"},"canonical":"https:\/\/www.lcv-hotels.com\/es\/condiciones-de-venta\/","og_locale":"es_ES","og_type":"article","og_title":"Conditions G\u00e9n\u00e9rales de Vente - LCV","og_url":"https:\/\/www.lcv-hotels.com\/es\/condiciones-de-venta\/","og_site_name":"LCV","article_modified_time":"2025-08-01T13:43:44+00:00","twitter_card":"summary_large_image","twitter_misc":{"Tiempo de lectura":"5 minutos"},"schema":{"@context":"https:\/\/schema.org","@graph":[{"@type":"WebPage","@id":"https:\/\/www.lcv-hotels.com\/conditions-generales-de-vente\/","url":"https:\/\/www.lcv-hotels.com\/conditions-generales-de-vente\/","name":"Conditions G\u00e9n\u00e9rales de Vente - LCV","isPartOf":{"@id":"https:\/\/www.lcv-hotels.com\/#website"},"datePublished":"2020-02-28T10:45:43+00:00","dateModified":"2025-08-01T13:43:44+00:00","breadcrumb":{"@id":"https:\/\/www.lcv-hotels.com\/conditions-generales-de-vente\/#breadcrumb"},"inLanguage":"es","potentialAction":[{"@type":"ReadAction","target":["https:\/\/www.lcv-hotels.com\/conditions-generales-de-vente\/"]}]},{"@type":"BreadcrumbList","@id":"https:\/\/www.lcv-hotels.com\/conditions-generales-de-vente\/#breadcrumb","itemListElement":[{"@type":"ListItem","position":1,"name":"Accueil","item":"https:\/\/www.lcv-hotels.com\/"},{"@type":"ListItem","position":2,"name":"Conditions G\u00e9n\u00e9rales de Vente"}]},{"@type":"WebSite","@id":"https:\/\/www.lcv-hotels.com\/#website","url":"https:\/\/www.lcv-hotels.com\/","name":"LCV","description":"Sus vacaciones en Francia y Suiza a precios bajos","publisher":{"@id":"https:\/\/www.lcv-hotels.com\/#organization"},"potentialAction":[{"@type":"SearchAction","target":{"@type":"EntryPoint","urlTemplate":"https:\/\/www.lcv-hotels.com\/?s={search_term_string}"},"query-input":{"@type":"PropertyValueSpecification","valueRequired":true,"valueName":"search_term_string"}}],"inLanguage":"es"},{"@type":"Organization","@id":"https:\/\/www.lcv-hotels.com\/#organization","name":"LCV","url":"https:\/\/www.lcv-hotels.com\/","logo":{"@type":"ImageObject","inLanguage":"es","@id":"https:\/\/www.lcv-hotels.com\/#\/schema\/logo\/image\/","url":"https:\/\/www.lcv-hotels.com\/wp-content\/uploads\/2025\/08\/logo_LCV.svg","contentUrl":"https:\/\/www.lcv-hotels.com\/wp-content\/uploads\/2025\/08\/logo_LCV.svg","caption":"LCV"},"image":{"@id":"https:\/\/www.lcv-hotels.com\/#\/schema\/logo\/image\/"}}]}},"post_mailing_queue_ids":[],"_links":{"self":[{"href":"https:\/\/www.lcv-hotels.com\/es\/wp-json\/wp\/v2\/pages\/3808","targetHints":{"allow":["GET"]}}],"collection":[{"href":"https:\/\/www.lcv-hotels.com\/es\/wp-json\/wp\/v2\/pages"}],"about":[{"href":"https:\/\/www.lcv-hotels.com\/es\/wp-json\/wp\/v2\/types\/page"}],"author":[{"embeddable":true,"href":"https:\/\/www.lcv-hotels.com\/es\/wp-json\/wp\/v2\/users\/2"}],"replies":[{"embeddable":true,"href":"https:\/\/www.lcv-hotels.com\/es\/wp-json\/wp\/v2\/comments?post=3808"}],"version-history":[{"count":3,"href":"https:\/\/www.lcv-hotels.com\/es\/wp-json\/wp\/v2\/pages\/3808\/revisions"}],"predecessor-version":[{"id":5110,"href":"https:\/\/www.lcv-hotels.com\/es\/wp-json\/wp\/v2\/pages\/3808\/revisions\/5110"}],"wp:attachment":[{"href":"https:\/\/www.lcv-hotels.com\/es\/wp-json\/wp\/v2\/media?parent=3808"}],"curies":[{"name":"wp","href":"https:\/\/api.w.org\/{rel}","templated":true}]}}