{"id":41338,"date":"2023-03-30T10:18:33","date_gmt":"2023-03-30T08:18:33","guid":{"rendered":"https:\/\/lcv-hotels.com\/?page_id=41338"},"modified":"2025-08-01T15:43:44","modified_gmt":"2025-08-01T13:43:44","slug":"fete-des-citrons-de-menton","status":"publish","type":"page","link":"https:\/\/www.lcv-hotels.com\/es\/fete-des-citrons-de-menton\/","title":{"rendered":"F\u00eate des citrons de Menton"},"content":{"rendered":"<figure class=\"wp-block-image size-full\"><img loading=\"lazy\" decoding=\"async\" width=\"758\" height=\"506\" src=\"https:\/\/lcv-hotels.com\/wp-content\/uploads\/2023\/02\/fete-de-citrons-menton.jpg\" alt=\"fete des citrons - menton\" class=\"wp-image-40671\" srcset=\"https:\/\/www.lcv-hotels.com\/wp-content\/uploads\/2023\/02\/fete-de-citrons-menton.jpg 758w, https:\/\/www.lcv-hotels.com\/wp-content\/uploads\/2023\/02\/fete-de-citrons-menton-330x220.jpg 330w\" sizes=\"auto, (max-width: 758px) 100vw, 758px\" \/><\/figure>\n\n\n\n<p>Qui dit <strong>Provence et C\u00f4te d\u2019Azur<\/strong> en Hiver, dit, f\u00eate des citrons de Menton&nbsp;!<\/p>\n\n\n\n<p>Alors que vous survivez \u00e0 l\u2019hiver sous la grisaille des grandes villes ou en province, nous avons un rem\u00e8de contre l\u2019humeur morose et froide de f\u00e9vrier&nbsp;: faire un saut dans la belle r\u00e9gion Provence Alpes C\u00f4te d\u2019azur&nbsp;!<\/p>\n\n\n\n<p>En f\u00e9vrier, le jaune est \u00e0 l\u2019honneur avec la floraison des mimosas mais \u00e9galement gr\u00e2ce \u00e0 la <strong>f\u00eate des citrons de Menton<\/strong> (06)&nbsp;!<\/p>\n\n\n\n<p>Juste \u00e0 c\u00f4t\u00e9 de la fronti\u00e8re italienne, les pieds dans l\u2019eau et \u00e0 seulement 1h en voiture de notre r\u00e9sidence les <a href=\"https:\/\/www.les-parasols-dargens.com\/\">Parasols d\u2019Argens de Roquebrune-sur-Argens<\/a>, cette charmante ville de la c\u00f4te d\u2019azur vous accueille du 11 au 26 f\u00e9vrier 2023 pour sa 89<sup>\u00e8me<\/sup> \u00e9dition !<\/p>\n\n\n\n<p>Chaque ann\u00e9e, ce n\u2019est pas moins de 200&rsquo;000 personnes qui viennent visiter la ville de <strong>Menton<\/strong> pour assister aux expositions et d\u00e9fil\u00e9s de chars garnis d\u2019agrumes, de concerts et de visites guid\u00e9es hautes en couleurs et parfums.<\/p>\n\n\n\n<p>Le th\u00e8me de cette ann\u00e9e&nbsp;: Rock &amp; Op\u00e9ra, la musique sera au centre des nombreuses animations propos\u00e9es par la f\u00eate du citron, vous pouvez r\u00e9server le spectacle qui vous conviendra ici&nbsp;:<\/p>\n\n\n\n<p><a href=\"https:\/\/www.fete-du-citron.com\/\">https:\/\/www.fete-du-citron.com\/<\/a><\/p>","protected":false},"excerpt":{"rendered":"<p>Qui dit Provence et C\u00f4te d\u2019Azur en Hiver, dit, f\u00eate des citrons de Menton&nbsp;! Alors que vous survivez \u00e0 l\u2019hiver [&hellip;]<\/p>","protected":false},"author":8,"featured_media":0,"parent":0,"menu_order":0,"comment_status":"closed","ping_status":"closed","template":"","meta":{"_acf_changed":false,"om_disable_all_campaigns":false,"footnotes":""},"class_list":["post-41338","page","type-page","status-publish","hentry"],"acf":[],"yoast_head":"<!-- This site is optimized with the Yoast SEO plugin v26.8 - https:\/\/yoast.com\/product\/yoast-seo-wordpress\/ -->\n<title>F\u00eate des citrons de Menton - LCV<\/title>\n<meta name=\"description\" content=\"F\u00eates des citrons de Menton - R\u00e9servez vite votre h\u00e9bergement \u00e0 petit prix chez Loisirs c\u00f4t\u00e9 Vacances\" \/>\n<meta name=\"robots\" content=\"index, follow, max-snippet:-1, max-image-preview:large, max-video-preview:-1\" \/>\n<link rel=\"canonical\" href=\"https:\/\/www.lcv-hotels.com\/es\/fete-des-citrons-de-menton\/\" \/>\n<meta property=\"og:locale\" content=\"es_ES\" \/>\n<meta property=\"og:type\" content=\"article\" \/>\n<meta property=\"og:title\" content=\"F\u00eate des citrons de Menton - LCV\" \/>\n<meta property=\"og:description\" content=\"F\u00eates des citrons de Menton - R\u00e9servez vite votre h\u00e9bergement \u00e0 petit prix chez Loisirs c\u00f4t\u00e9 Vacances\" \/>\n<meta property=\"og:url\" content=\"https:\/\/www.lcv-hotels.com\/es\/fete-des-citrons-de-menton\/\" \/>\n<meta property=\"og:site_name\" content=\"LCV\" \/>\n<meta property=\"article:modified_time\" content=\"2025-08-01T13:43:44+00:00\" \/>\n<meta property=\"og:image\" content=\"https:\/\/lcv-hotels.com\/wp-content\/uploads\/2023\/02\/fete-de-citrons-menton.jpg\" \/>\n<meta name=\"twitter:card\" content=\"summary_large_image\" \/>\n<meta name=\"twitter:label1\" content=\"Tiempo de lectura\" \/>\n\t<meta name=\"twitter:data1\" content=\"2 minutos\" \/>\n<script type=\"application\/ld+json\" class=\"yoast-schema-graph\">{\"@context\":\"https:\/\/schema.org\",\"@graph\":[{\"@type\":\"WebPage\",\"@id\":\"https:\/\/www.lcv-hotels.com\/fete-des-citrons-de-menton\/\",\"url\":\"https:\/\/www.lcv-hotels.com\/fete-des-citrons-de-menton\/\",\"name\":\"F\u00eate des citrons de Menton - LCV\",\"isPartOf\":{\"@id\":\"https:\/\/www.lcv-hotels.com\/#website\"},\"primaryImageOfPage\":{\"@id\":\"https:\/\/www.lcv-hotels.com\/fete-des-citrons-de-menton\/#primaryimage\"},\"image\":{\"@id\":\"https:\/\/www.lcv-hotels.com\/fete-des-citrons-de-menton\/#primaryimage\"},\"thumbnailUrl\":\"https:\/\/lcv-hotels.com\/wp-content\/uploads\/2023\/02\/fete-de-citrons-menton.jpg\",\"datePublished\":\"2023-03-30T08:18:33+00:00\",\"dateModified\":\"2025-08-01T13:43:44+00:00\",\"description\":\"F\u00eates des citrons de Menton - R\u00e9servez vite votre h\u00e9bergement \u00e0 petit prix chez Loisirs c\u00f4t\u00e9 Vacances\",\"breadcrumb\":{\"@id\":\"https:\/\/www.lcv-hotels.com\/fete-des-citrons-de-menton\/#breadcrumb\"},\"inLanguage\":\"es\",\"potentialAction\":[{\"@type\":\"ReadAction\",\"target\":[\"https:\/\/www.lcv-hotels.com\/fete-des-citrons-de-menton\/\"]}]},{\"@type\":\"ImageObject\",\"inLanguage\":\"es\",\"@id\":\"https:\/\/www.lcv-hotels.com\/fete-des-citrons-de-menton\/#primaryimage\",\"url\":\"https:\/\/lcv-hotels.com\/wp-content\/uploads\/2023\/02\/fete-de-citrons-menton.jpg\",\"contentUrl\":\"https:\/\/lcv-hotels.com\/wp-content\/uploads\/2023\/02\/fete-de-citrons-menton.jpg\"},{\"@type\":\"BreadcrumbList\",\"@id\":\"https:\/\/www.lcv-hotels.com\/fete-des-citrons-de-menton\/#breadcrumb\",\"itemListElement\":[{\"@type\":\"ListItem\",\"position\":1,\"name\":\"Accueil\",\"item\":\"https:\/\/www.lcv-hotels.com\/\"},{\"@type\":\"ListItem\",\"position\":2,\"name\":\"F\u00eate des citrons de Menton\"}]},{\"@type\":\"WebSite\",\"@id\":\"https:\/\/www.lcv-hotels.com\/#website\",\"url\":\"https:\/\/www.lcv-hotels.com\/\",\"name\":\"LCV\",\"description\":\"Vos vacances en France et en Suisse \u00e0 petit prix\",\"publisher\":{\"@id\":\"https:\/\/www.lcv-hotels.com\/#organization\"},\"potentialAction\":[{\"@type\":\"SearchAction\",\"target\":{\"@type\":\"EntryPoint\",\"urlTemplate\":\"https:\/\/www.lcv-hotels.com\/?s={search_term_string}\"},\"query-input\":{\"@type\":\"PropertyValueSpecification\",\"valueRequired\":true,\"valueName\":\"search_term_string\"}}],\"inLanguage\":\"es\"},{\"@type\":\"Organization\",\"@id\":\"https:\/\/www.lcv-hotels.com\/#organization\",\"name\":\"LCV\",\"url\":\"https:\/\/www.lcv-hotels.com\/\",\"logo\":{\"@type\":\"ImageObject\",\"inLanguage\":\"es\",\"@id\":\"https:\/\/www.lcv-hotels.com\/#\/schema\/logo\/image\/\",\"url\":\"https:\/\/www.lcv-hotels.com\/wp-content\/uploads\/2025\/08\/logo_LCV.svg\",\"contentUrl\":\"https:\/\/www.lcv-hotels.com\/wp-content\/uploads\/2025\/08\/logo_LCV.svg\",\"caption\":\"LCV\"},\"image\":{\"@id\":\"https:\/\/www.lcv-hotels.com\/#\/schema\/logo\/image\/\"}}]}<\/script>\n<!-- \/ Yoast SEO plugin. -->","yoast_head_json":{"title":"F\u00eate des citrons de Menton - LCV","description":"F\u00eates des citrons de Menton - R\u00e9servez vite votre h\u00e9bergement \u00e0 petit prix chez Loisirs c\u00f4t\u00e9 Vacances","robots":{"index":"index","follow":"follow","max-snippet":"max-snippet:-1","max-image-preview":"max-image-preview:large","max-video-preview":"max-video-preview:-1"},"canonical":"https:\/\/www.lcv-hotels.com\/es\/fete-des-citrons-de-menton\/","og_locale":"es_ES","og_type":"article","og_title":"F\u00eate des citrons de Menton - LCV","og_description":"F\u00eates des citrons de Menton - R\u00e9servez vite votre h\u00e9bergement \u00e0 petit prix chez Loisirs c\u00f4t\u00e9 Vacances","og_url":"https:\/\/www.lcv-hotels.com\/es\/fete-des-citrons-de-menton\/","og_site_name":"LCV","article_modified_time":"2025-08-01T13:43:44+00:00","og_image":[{"url":"https:\/\/lcv-hotels.com\/wp-content\/uploads\/2023\/02\/fete-de-citrons-menton.jpg","type":"","width":"","height":""}],"twitter_card":"summary_large_image","twitter_misc":{"Tiempo de lectura":"2 minutos"},"schema":{"@context":"https:\/\/schema.org","@graph":[{"@type":"WebPage","@id":"https:\/\/www.lcv-hotels.com\/fete-des-citrons-de-menton\/","url":"https:\/\/www.lcv-hotels.com\/fete-des-citrons-de-menton\/","name":"F\u00eate des citrons de Menton - LCV","isPartOf":{"@id":"https:\/\/www.lcv-hotels.com\/#website"},"primaryImageOfPage":{"@id":"https:\/\/www.lcv-hotels.com\/fete-des-citrons-de-menton\/#primaryimage"},"image":{"@id":"https:\/\/www.lcv-hotels.com\/fete-des-citrons-de-menton\/#primaryimage"},"thumbnailUrl":"https:\/\/lcv-hotels.com\/wp-content\/uploads\/2023\/02\/fete-de-citrons-menton.jpg","datePublished":"2023-03-30T08:18:33+00:00","dateModified":"2025-08-01T13:43:44+00:00","description":"F\u00eates des citrons de Menton - R\u00e9servez vite votre h\u00e9bergement \u00e0 petit prix chez Loisirs c\u00f4t\u00e9 Vacances","breadcrumb":{"@id":"https:\/\/www.lcv-hotels.com\/fete-des-citrons-de-menton\/#breadcrumb"},"inLanguage":"es","potentialAction":[{"@type":"ReadAction","target":["https:\/\/www.lcv-hotels.com\/fete-des-citrons-de-menton\/"]}]},{"@type":"ImageObject","inLanguage":"es","@id":"https:\/\/www.lcv-hotels.com\/fete-des-citrons-de-menton\/#primaryimage","url":"https:\/\/lcv-hotels.com\/wp-content\/uploads\/2023\/02\/fete-de-citrons-menton.jpg","contentUrl":"https:\/\/lcv-hotels.com\/wp-content\/uploads\/2023\/02\/fete-de-citrons-menton.jpg"},{"@type":"BreadcrumbList","@id":"https:\/\/www.lcv-hotels.com\/fete-des-citrons-de-menton\/#breadcrumb","itemListElement":[{"@type":"ListItem","position":1,"name":"Accueil","item":"https:\/\/www.lcv-hotels.com\/"},{"@type":"ListItem","position":2,"name":"F\u00eate des citrons de Menton"}]},{"@type":"WebSite","@id":"https:\/\/www.lcv-hotels.com\/#website","url":"https:\/\/www.lcv-hotels.com\/","name":"LCV","description":"Sus vacaciones en Francia y Suiza a precios bajos","publisher":{"@id":"https:\/\/www.lcv-hotels.com\/#organization"},"potentialAction":[{"@type":"SearchAction","target":{"@type":"EntryPoint","urlTemplate":"https:\/\/www.lcv-hotels.com\/?s={search_term_string}"},"query-input":{"@type":"PropertyValueSpecification","valueRequired":true,"valueName":"search_term_string"}}],"inLanguage":"es"},{"@type":"Organization","@id":"https:\/\/www.lcv-hotels.com\/#organization","name":"LCV","url":"https:\/\/www.lcv-hotels.com\/","logo":{"@type":"ImageObject","inLanguage":"es","@id":"https:\/\/www.lcv-hotels.com\/#\/schema\/logo\/image\/","url":"https:\/\/www.lcv-hotels.com\/wp-content\/uploads\/2025\/08\/logo_LCV.svg","contentUrl":"https:\/\/www.lcv-hotels.com\/wp-content\/uploads\/2025\/08\/logo_LCV.svg","caption":"LCV"},"image":{"@id":"https:\/\/www.lcv-hotels.com\/#\/schema\/logo\/image\/"}}]}},"post_mailing_queue_ids":[],"_links":{"self":[{"href":"https:\/\/www.lcv-hotels.com\/es\/wp-json\/wp\/v2\/pages\/41338","targetHints":{"allow":["GET"]}}],"collection":[{"href":"https:\/\/www.lcv-hotels.com\/es\/wp-json\/wp\/v2\/pages"}],"about":[{"href":"https:\/\/www.lcv-hotels.com\/es\/wp-json\/wp\/v2\/types\/page"}],"author":[{"embeddable":true,"href":"https:\/\/www.lcv-hotels.com\/es\/wp-json\/wp\/v2\/users\/8"}],"replies":[{"embeddable":true,"href":"https:\/\/www.lcv-hotels.com\/es\/wp-json\/wp\/v2\/comments?post=41338"}],"version-history":[{"count":1,"href":"https:\/\/www.lcv-hotels.com\/es\/wp-json\/wp\/v2\/pages\/41338\/revisions"}],"predecessor-version":[{"id":41339,"href":"https:\/\/www.lcv-hotels.com\/es\/wp-json\/wp\/v2\/pages\/41338\/revisions\/41339"}],"wp:attachment":[{"href":"https:\/\/www.lcv-hotels.com\/es\/wp-json\/wp\/v2\/media?parent=41338"}],"curies":[{"name":"wp","href":"https:\/\/api.w.org\/{rel}","templated":true}]}}