{"id":41350,"date":"2023-03-30T11:56:32","date_gmt":"2023-03-30T09:56:32","guid":{"rendered":"https:\/\/lcv-hotels.com\/?page_id=41350"},"modified":"2025-08-01T15:43:44","modified_gmt":"2025-08-01T13:43:44","slug":"chateau-doex-des-activites-au-grand-air","status":"publish","type":"page","link":"https:\/\/www.lcv-hotels.com\/es\/chateau-doex-des-activites-au-grand-air\/","title":{"rendered":"Ch\u00e2teau d'Oex, actividades al aire libre"},"content":{"rendered":"<p>Les activit\u00e9s au grand air<\/p>\n\n\n<div class=\"wp-block-image\">\n<figure class=\"aligncenter size-large\"><img loading=\"lazy\" decoding=\"async\" width=\"576\" height=\"1024\" src=\"https:\/\/lcv-hotels.com\/wp-content\/uploads\/2023\/03\/chateau-doex-576x1024.png\" alt=\"\" class=\"wp-image-41356\" srcset=\"https:\/\/www.lcv-hotels.com\/wp-content\/uploads\/2023\/03\/chateau-doex-576x1024.png 576w, https:\/\/www.lcv-hotels.com\/wp-content\/uploads\/2023\/03\/chateau-doex-158x280.png 158w, https:\/\/www.lcv-hotels.com\/wp-content\/uploads\/2023\/03\/chateau-doex-768x1365.png 768w, https:\/\/www.lcv-hotels.com\/wp-content\/uploads\/2023\/03\/chateau-doex-864x1536.png 864w, https:\/\/www.lcv-hotels.com\/wp-content\/uploads\/2023\/03\/chateau-doex.png 1080w\" sizes=\"auto, (max-width: 576px) 100vw, 576px\" \/><\/figure><\/div>\n\n\n<p>Situ\u00e9e dans le Pays-d\u2019Enhaut, capitale des montgolfi\u00e8res et de la neige, vous ne pouvez pas passer \u00e0 c\u00f4t\u00e9 de Ch\u00e2teau d\u2019OEx.<\/p>\n\n\n\n<p>Dans les alpes Vaudoises, entre Gruy\u00e8re et Gstaad, la commune vous propose des activit\u00e9s vari\u00e9es en toutes saisons.<\/p>\n\n\n\n<p>Vols en ballon, ski, randonn\u00e9es en raquettes il y aura toujours une activit\u00e9 pour vous ravir&nbsp;!<\/p>\n\n\n\n<p>L\u2019\u00e9t\u00e9 vous pouvez faire du rafting du la Sarine avec des \u00e9quipes de professionnels, de la trottinherbe, du saut pendulaire et des randonn\u00e9es \u00e0 n\u2019en plus finir&nbsp;!<\/p>\n\n\n\n<p>Pour les amoureux de sports et de nature, vous pouvez prendre contact avec les \u00e9quipes de&nbsp; Rivi\u00e8res Aventures qui sauront vous proposer des activit\u00e9s de qualit\u00e9s avec des \u00e9quipes fantastiques. Entre amis, en famille ou bien encore en team building. \u00c9t\u00e9 comme hiver, vous ne pourrez que trouver votre bonheur&nbsp;!<\/p>\n\n\n\n<figure class=\"wp-block-embed is-type-wp-embed is-provider-rivieres-aventures wp-block-embed-rivieres-aventures\"><div class=\"wp-block-embed__wrapper\">\nhttps:\/\/www.rivieres-aventures.ch\/wp\n<\/div><\/figure>\n\n\n\n<p>Pour les fans de cultures, vous pouvez vous essayer \u00e0 l\u2019art de poyat (l\u2019art du d\u00e9coupage du papier)<\/p>\n\n\n\n<p>Enfin, pour les fin gourmets, rendez-vous \u00e0 la maison de l\u2019Etivaz pour visiter et d\u00e9guster l\u2019Etivaz AOP<\/p>\n\n\n\n<p>Pour plus de renseignement, vous pouvez visiter les site des alpes vaudoises, section Ch\u00e2teau d\u2019OEx<\/p>\n\n\n\n<p><a href=\"https:\/\/www.alpesvaudoises.ch\/fr\/stories\/chateau-doex-etivaz\">https:\/\/www.alpesvaudoises.ch\/fr\/stories\/chateau-doex-etivaz<\/a><\/p>","protected":false},"excerpt":{"rendered":"<p>Les activit\u00e9s au grand air Situ\u00e9e dans le Pays-d\u2019Enhaut, capitale des montgolfi\u00e8res et de la neige, vous ne pouvez pas [&hellip;]<\/p>","protected":false},"author":8,"featured_media":0,"parent":0,"menu_order":0,"comment_status":"closed","ping_status":"closed","template":"","meta":{"_acf_changed":false,"om_disable_all_campaigns":false,"footnotes":""},"class_list":["post-41350","page","type-page","status-publish","hentry"],"acf":[],"yoast_head":"<!-- This site is optimized with the Yoast SEO plugin v26.8 - https:\/\/yoast.com\/product\/yoast-seo-wordpress\/ -->\n<title>Ch\u00e2teau d\u2019Oex, des activit\u00e9s au grand air - LCV<\/title>\n<meta name=\"description\" content=\"Entre Gruy\u00e8re et Gstaad, la commune vous offre des activit\u00e9s vari\u00e9es en toutes saisons. R\u00e9servez votre chambre au Buffet de la Gare\" \/>\n<meta name=\"robots\" content=\"index, follow, max-snippet:-1, max-image-preview:large, max-video-preview:-1\" \/>\n<link rel=\"canonical\" href=\"https:\/\/www.lcv-hotels.com\/es\/chateau-doex-des-activites-au-grand-air\/\" \/>\n<meta property=\"og:locale\" content=\"es_ES\" \/>\n<meta property=\"og:type\" content=\"article\" \/>\n<meta property=\"og:title\" content=\"Ch\u00e2teau d\u2019Oex, des activit\u00e9s au grand air - LCV\" \/>\n<meta property=\"og:description\" content=\"Entre Gruy\u00e8re et Gstaad, la commune vous offre des activit\u00e9s vari\u00e9es en toutes saisons. R\u00e9servez votre chambre au Buffet de la Gare\" \/>\n<meta property=\"og:url\" content=\"https:\/\/www.lcv-hotels.com\/es\/chateau-doex-des-activites-au-grand-air\/\" \/>\n<meta property=\"og:site_name\" content=\"LCV\" \/>\n<meta property=\"article:modified_time\" content=\"2025-08-01T13:43:44+00:00\" \/>\n<meta property=\"og:image\" content=\"https:\/\/lcv-hotels.com\/wp-content\/uploads\/2023\/03\/chateau-doex-576x1024.png\" \/>\n<meta name=\"twitter:card\" content=\"summary_large_image\" \/>\n<meta name=\"twitter:label1\" content=\"Tiempo de lectura\" \/>\n\t<meta name=\"twitter:data1\" content=\"2 minutos\" \/>\n<script type=\"application\/ld+json\" class=\"yoast-schema-graph\">{\"@context\":\"https:\/\/schema.org\",\"@graph\":[{\"@type\":\"WebPage\",\"@id\":\"https:\/\/www.lcv-hotels.com\/chateau-doex-des-activites-au-grand-air\/\",\"url\":\"https:\/\/www.lcv-hotels.com\/chateau-doex-des-activites-au-grand-air\/\",\"name\":\"Ch\u00e2teau d\u2019Oex, des activit\u00e9s au grand air - LCV\",\"isPartOf\":{\"@id\":\"https:\/\/www.lcv-hotels.com\/#website\"},\"primaryImageOfPage\":{\"@id\":\"https:\/\/www.lcv-hotels.com\/chateau-doex-des-activites-au-grand-air\/#primaryimage\"},\"image\":{\"@id\":\"https:\/\/www.lcv-hotels.com\/chateau-doex-des-activites-au-grand-air\/#primaryimage\"},\"thumbnailUrl\":\"https:\/\/lcv-hotels.com\/wp-content\/uploads\/2023\/03\/chateau-doex-576x1024.png\",\"datePublished\":\"2023-03-30T09:56:32+00:00\",\"dateModified\":\"2025-08-01T13:43:44+00:00\",\"description\":\"Entre Gruy\u00e8re et Gstaad, la commune vous offre des activit\u00e9s vari\u00e9es en toutes saisons. R\u00e9servez votre chambre au Buffet de la Gare\",\"breadcrumb\":{\"@id\":\"https:\/\/www.lcv-hotels.com\/chateau-doex-des-activites-au-grand-air\/#breadcrumb\"},\"inLanguage\":\"es\",\"potentialAction\":[{\"@type\":\"ReadAction\",\"target\":[\"https:\/\/www.lcv-hotels.com\/chateau-doex-des-activites-au-grand-air\/\"]}]},{\"@type\":\"ImageObject\",\"inLanguage\":\"es\",\"@id\":\"https:\/\/www.lcv-hotels.com\/chateau-doex-des-activites-au-grand-air\/#primaryimage\",\"url\":\"https:\/\/lcv-hotels.com\/wp-content\/uploads\/2023\/03\/chateau-doex-576x1024.png\",\"contentUrl\":\"https:\/\/lcv-hotels.com\/wp-content\/uploads\/2023\/03\/chateau-doex-576x1024.png\"},{\"@type\":\"BreadcrumbList\",\"@id\":\"https:\/\/www.lcv-hotels.com\/chateau-doex-des-activites-au-grand-air\/#breadcrumb\",\"itemListElement\":[{\"@type\":\"ListItem\",\"position\":1,\"name\":\"Accueil\",\"item\":\"https:\/\/www.lcv-hotels.com\/\"},{\"@type\":\"ListItem\",\"position\":2,\"name\":\"Ch\u00e2teau d\u2019Oex, des activit\u00e9s au grand air\"}]},{\"@type\":\"WebSite\",\"@id\":\"https:\/\/www.lcv-hotels.com\/#website\",\"url\":\"https:\/\/www.lcv-hotels.com\/\",\"name\":\"LCV\",\"description\":\"Vos vacances en France et en Suisse \u00e0 petit prix\",\"publisher\":{\"@id\":\"https:\/\/www.lcv-hotels.com\/#organization\"},\"potentialAction\":[{\"@type\":\"SearchAction\",\"target\":{\"@type\":\"EntryPoint\",\"urlTemplate\":\"https:\/\/www.lcv-hotels.com\/?s={search_term_string}\"},\"query-input\":{\"@type\":\"PropertyValueSpecification\",\"valueRequired\":true,\"valueName\":\"search_term_string\"}}],\"inLanguage\":\"es\"},{\"@type\":\"Organization\",\"@id\":\"https:\/\/www.lcv-hotels.com\/#organization\",\"name\":\"LCV\",\"url\":\"https:\/\/www.lcv-hotels.com\/\",\"logo\":{\"@type\":\"ImageObject\",\"inLanguage\":\"es\",\"@id\":\"https:\/\/www.lcv-hotels.com\/#\/schema\/logo\/image\/\",\"url\":\"https:\/\/www.lcv-hotels.com\/wp-content\/uploads\/2025\/08\/logo_LCV.svg\",\"contentUrl\":\"https:\/\/www.lcv-hotels.com\/wp-content\/uploads\/2025\/08\/logo_LCV.svg\",\"caption\":\"LCV\"},\"image\":{\"@id\":\"https:\/\/www.lcv-hotels.com\/#\/schema\/logo\/image\/\"}}]}<\/script>\n<!-- \/ Yoast SEO plugin. -->","yoast_head_json":{"title":"Ch\u00e2teau d\u2019Oex, des activit\u00e9s au grand air - LCV","description":"Entre Gruy\u00e8re et Gstaad, la commune vous offre des activit\u00e9s vari\u00e9es en toutes saisons. R\u00e9servez votre chambre au Buffet de la Gare","robots":{"index":"index","follow":"follow","max-snippet":"max-snippet:-1","max-image-preview":"max-image-preview:large","max-video-preview":"max-video-preview:-1"},"canonical":"https:\/\/www.lcv-hotels.com\/es\/chateau-doex-des-activites-au-grand-air\/","og_locale":"es_ES","og_type":"article","og_title":"Ch\u00e2teau d\u2019Oex, des activit\u00e9s au grand air - LCV","og_description":"Entre Gruy\u00e8re et Gstaad, la commune vous offre des activit\u00e9s vari\u00e9es en toutes saisons. R\u00e9servez votre chambre au Buffet de la Gare","og_url":"https:\/\/www.lcv-hotels.com\/es\/chateau-doex-des-activites-au-grand-air\/","og_site_name":"LCV","article_modified_time":"2025-08-01T13:43:44+00:00","og_image":[{"url":"https:\/\/lcv-hotels.com\/wp-content\/uploads\/2023\/03\/chateau-doex-576x1024.png","type":"","width":"","height":""}],"twitter_card":"summary_large_image","twitter_misc":{"Tiempo de lectura":"2 minutos"},"schema":{"@context":"https:\/\/schema.org","@graph":[{"@type":"WebPage","@id":"https:\/\/www.lcv-hotels.com\/chateau-doex-des-activites-au-grand-air\/","url":"https:\/\/www.lcv-hotels.com\/chateau-doex-des-activites-au-grand-air\/","name":"Ch\u00e2teau d\u2019Oex, des activit\u00e9s au grand air - LCV","isPartOf":{"@id":"https:\/\/www.lcv-hotels.com\/#website"},"primaryImageOfPage":{"@id":"https:\/\/www.lcv-hotels.com\/chateau-doex-des-activites-au-grand-air\/#primaryimage"},"image":{"@id":"https:\/\/www.lcv-hotels.com\/chateau-doex-des-activites-au-grand-air\/#primaryimage"},"thumbnailUrl":"https:\/\/lcv-hotels.com\/wp-content\/uploads\/2023\/03\/chateau-doex-576x1024.png","datePublished":"2023-03-30T09:56:32+00:00","dateModified":"2025-08-01T13:43:44+00:00","description":"Entre Gruy\u00e8re et Gstaad, la commune vous offre des activit\u00e9s vari\u00e9es en toutes saisons. R\u00e9servez votre chambre au Buffet de la Gare","breadcrumb":{"@id":"https:\/\/www.lcv-hotels.com\/chateau-doex-des-activites-au-grand-air\/#breadcrumb"},"inLanguage":"es","potentialAction":[{"@type":"ReadAction","target":["https:\/\/www.lcv-hotels.com\/chateau-doex-des-activites-au-grand-air\/"]}]},{"@type":"ImageObject","inLanguage":"es","@id":"https:\/\/www.lcv-hotels.com\/chateau-doex-des-activites-au-grand-air\/#primaryimage","url":"https:\/\/lcv-hotels.com\/wp-content\/uploads\/2023\/03\/chateau-doex-576x1024.png","contentUrl":"https:\/\/lcv-hotels.com\/wp-content\/uploads\/2023\/03\/chateau-doex-576x1024.png"},{"@type":"BreadcrumbList","@id":"https:\/\/www.lcv-hotels.com\/chateau-doex-des-activites-au-grand-air\/#breadcrumb","itemListElement":[{"@type":"ListItem","position":1,"name":"Accueil","item":"https:\/\/www.lcv-hotels.com\/"},{"@type":"ListItem","position":2,"name":"Ch\u00e2teau d\u2019Oex, des activit\u00e9s au grand air"}]},{"@type":"WebSite","@id":"https:\/\/www.lcv-hotels.com\/#website","url":"https:\/\/www.lcv-hotels.com\/","name":"LCV","description":"Sus vacaciones en Francia y Suiza a precios bajos","publisher":{"@id":"https:\/\/www.lcv-hotels.com\/#organization"},"potentialAction":[{"@type":"SearchAction","target":{"@type":"EntryPoint","urlTemplate":"https:\/\/www.lcv-hotels.com\/?s={search_term_string}"},"query-input":{"@type":"PropertyValueSpecification","valueRequired":true,"valueName":"search_term_string"}}],"inLanguage":"es"},{"@type":"Organization","@id":"https:\/\/www.lcv-hotels.com\/#organization","name":"LCV","url":"https:\/\/www.lcv-hotels.com\/","logo":{"@type":"ImageObject","inLanguage":"es","@id":"https:\/\/www.lcv-hotels.com\/#\/schema\/logo\/image\/","url":"https:\/\/www.lcv-hotels.com\/wp-content\/uploads\/2025\/08\/logo_LCV.svg","contentUrl":"https:\/\/www.lcv-hotels.com\/wp-content\/uploads\/2025\/08\/logo_LCV.svg","caption":"LCV"},"image":{"@id":"https:\/\/www.lcv-hotels.com\/#\/schema\/logo\/image\/"}}]}},"post_mailing_queue_ids":[],"_links":{"self":[{"href":"https:\/\/www.lcv-hotels.com\/es\/wp-json\/wp\/v2\/pages\/41350","targetHints":{"allow":["GET"]}}],"collection":[{"href":"https:\/\/www.lcv-hotels.com\/es\/wp-json\/wp\/v2\/pages"}],"about":[{"href":"https:\/\/www.lcv-hotels.com\/es\/wp-json\/wp\/v2\/types\/page"}],"author":[{"embeddable":true,"href":"https:\/\/www.lcv-hotels.com\/es\/wp-json\/wp\/v2\/users\/8"}],"replies":[{"embeddable":true,"href":"https:\/\/www.lcv-hotels.com\/es\/wp-json\/wp\/v2\/comments?post=41350"}],"version-history":[{"count":2,"href":"https:\/\/www.lcv-hotels.com\/es\/wp-json\/wp\/v2\/pages\/41350\/revisions"}],"predecessor-version":[{"id":69647,"href":"https:\/\/www.lcv-hotels.com\/es\/wp-json\/wp\/v2\/pages\/41350\/revisions\/69647"}],"wp:attachment":[{"href":"https:\/\/www.lcv-hotels.com\/es\/wp-json\/wp\/v2\/media?parent=41350"}],"curies":[{"name":"wp","href":"https:\/\/api.w.org\/{rel}","templated":true}]}}