{"id":9,"date":"2020-01-16T12:19:59","date_gmt":"2020-01-16T11:19:59","guid":{"rendered":"https:\/\/lcv-hotels.com\/?page_id=9"},"modified":"2025-09-09T16:54:23","modified_gmt":"2025-09-09T14:54:23","slug":"accueil-2","status":"publish","type":"page","link":"https:\/\/www.lcv-hotels.com\/es\/","title":{"rendered":"Initio"},"content":{"rendered":"<div class=\"wpb-content-wrapper\"><div id=\"intro\" data-vc-full-width=\"true\" data-vc-full-width-temp=\"true\" data-vc-full-width-init=\"false\" class=\"vc_row wpb_row vc_row-fluid vc_custom_1601627772687 vc_row-has-fill vc_row-o-content-top vc_row-flex\"><div class=\"wpb_column vc_column_container vc_col-sm-12\"><div class=\"vc_column-inner vc_custom_1579772873739\"><div class=\"wpb_wrapper\"><div class=\"vc_empty_space\"   style=\"height: 60px\"><span class=\"vc_empty_space_inner\"><\/span><\/div>\n\t<div class=\"wpb_text_column wpb_content_element letter-spacing\" >\n\t\t<div class=\"wpb_wrapper\">\n\t\t\t<h1 style=\"text-align: center;\"><span style=\"color: #0976aa;\">Alquiler de apartamentos y residencias hoteleras<\/span><\/h1>\n\n\t\t<\/div>\n\t<\/div>\n    <div class=\"lcv-title header text-center\">\n                <h2>Reservar tu estancia <span class=\"underscore\"><\/span><\/h2>\n\n    <\/div>\n    <div class=\"vc_empty_space\"   style=\"height: 32px\"><span class=\"vc_empty_space_inner\"><\/span><\/div><div class=\"vc_row wpb_row vc_inner vc_row-fluid\"><div class=\"wpb_column vc_column_container vc_col-sm-3\"><div class=\"vc_column-inner\"><div class=\"wpb_wrapper\"><\/div><\/div><\/div><div class=\"wpb_column vc_column_container vc_col-sm-6\"><div class=\"vc_column-inner\"><div class=\"wpb_wrapper\">    <div class=\"lcv-book dropdown\">\n    \n\t<button class=\"btn btn-default dropdown-toggle\" type=\"button\" id=\"dropdownMenu1\" data-toggle=\"dropdown\" aria-haspopup=\"true\" aria-expanded=\"true\">Destination <span class=\"caret\"><\/span>\n\t<\/button>\n    <ul class=\"dropdown-menu\" aria-labelledby=\"dropdownMenu1\">\n    \n          <li class=\"dropdown-header\">Campa\u00f1a <\/li>\n      <li role=\"separator\" class=\"divider\"><\/li>\n\n                  <li> <a href=\"https:\/\/www.lcv-hotels.com\/es\/contact\/\" target=\"_blank\" alt=\"\">Residencia Cap Florival (68)<\/a><\/li>\n    \t      \n  \n\n          <li class=\"dropdown-header\">Mar <\/li>\n      <li role=\"separator\" class=\"divider\"><\/li>\n\n                  <li> <a href=\"https:\/\/www.lcv-hotels.com\/es\/contact\/\" target=\"_blank\" alt=\"\">Residencias les Parasols d'Argens (83)<\/a><\/li>\n    \t      \n  \n\n          <li class=\"dropdown-header\">Monta\u00f1a <\/li>\n      <li role=\"separator\" class=\"divider\"><\/li>\n\n                  <li> <a href=\"https:\/\/www.buffet-doex.com\/\" target=\"_blank\" alt=\"\">Buffet de la Gare, Ch\u00e2teau d'Oex (Suiza)<\/a><\/li>\n    \t           <li> <a href=\"https:\/\/www.lcv-hotels.com\/es\/contact\/\" target=\"_blank\" alt=\"\">Residencia Le Soleil (65)<\/a><\/li>\n    \t      \n  \n\n          <li class=\"dropdown-header\">ciudad <\/li>\n      <li role=\"separator\" class=\"divider\"><\/li>\n\n                  <li> <a href=\"https:\/\/app.thebookingbutton.com\/properties\/AppartHotelSaintJeandirect\" target=\"_blank\" alt=\"\">Appart'h\u00f4tel Saint-Jean (65)<\/a><\/li>\n    \t           <li> <a href=\"https:\/\/www.lcv-hotels.com\/es\/contact\/\" target=\"_blank\" alt=\"\">Residencia Les Acad\u00e9mies Aixoises (13)<\/a><\/li>\n    \t      \n  \n    \n<\/ul>\n  \n\n    \n    <\/div>\n    <\/div><\/div><\/div><div class=\"wpb_column vc_column_container vc_col-sm-3\"><div class=\"vc_column-inner\"><div class=\"wpb_wrapper\"><\/div><\/div><\/div><\/div><div class=\"vc_empty_space\"   style=\"height: 32px\"><span class=\"vc_empty_space_inner\"><\/span><\/div><div class=\"vc_row wpb_row vc_inner vc_row-fluid\"><div class=\"mer wpb_column vc_column_container vc_col-sm-2\"><div class=\"vc_column-inner\"><div class=\"wpb_wrapper\"><\/div><\/div><\/div><div class=\"wpb_column vc_column_container vc_col-sm-2\"><div class=\"vc_column-inner\"><div class=\"wpb_wrapper\"><div class=\"vc_empty_space\"   style=\"height: 32px\"><span class=\"vc_empty_space_inner\"><\/span><\/div><\/div><\/div><\/div><div class=\"wpb_column vc_column_container vc_col-sm-2\"><div class=\"vc_column-inner\"><div class=\"wpb_wrapper\"><div class=\"vc_empty_space\"   style=\"height: 32px\"><span class=\"vc_empty_space_inner\"><\/span><\/div><\/div><\/div><\/div><div class=\"wpb_column vc_column_container vc_col-sm-2\"><div class=\"vc_column-inner\"><div class=\"wpb_wrapper\"><div class=\"vc_empty_space\"   style=\"height: 32px\"><span class=\"vc_empty_space_inner\"><\/span><\/div><\/div><\/div><\/div><div class=\"wpb_column vc_column_container vc_col-sm-2\"><div class=\"vc_column-inner\"><div class=\"wpb_wrapper\"><div class=\"vc_empty_space\"   style=\"height: 32px\"><span class=\"vc_empty_space_inner\"><\/span><\/div><\/div><\/div><\/div><div class=\"wpb_column vc_column_container vc_col-sm-2\"><div class=\"vc_column-inner\"><div class=\"wpb_wrapper\"><\/div><\/div><\/div><\/div><\/div><\/div><\/div><\/div><div class=\"vc_row-full-width vc_clearfix\"><\/div><div class=\"vc_row wpb_row vc_row-fluid\"><div class=\"wpb_column vc_column_container vc_col-sm-12\"><div class=\"vc_column-inner\"><div class=\"wpb_wrapper\">    <div class=\"lcv-title text-center\">\n                    <div class=\"lcv-subtitle\">Viajar<\/div>\n                <h2>Viaje <span class=\"underscore\">a<\/span><\/h2>\n\n    <\/div>\n    <div class=\"vc_empty_space\"   style=\"height: 32px\"><span class=\"vc_empty_space_inner\"><\/span><\/div><div id=\"hover\" class=\"vc_row wpb_row vc_inner vc_row-fluid\"><div class=\"wpb_column vc_column_container vc_col-sm-3\"><div class=\"vc_column-inner\"><div class=\"wpb_wrapper\">\n    \n  \n  <div class=\"content bleu\">\n     <a  href=\"\/es\/destination\/mar\"   >\n      <div class=\"content-overlay\"><\/div>\n      \t<img decoding=\"async\" src=\"https:\/\/www.lcv-hotels.com\/wp-content\/uploads\/2020\/02\/Mar.png\" class=\"content-image\"\/>\n      <div class=\"content-details fadeIn-bottom\">\n        <h3 class=\"content-title\"> + <\/h3>\n      <\/div>\n    <\/a>\n  <\/div>\n\n\n\n    <div class=\"vc_empty_space\"   style=\"height: 32px\"><span class=\"vc_empty_space_inner\"><\/span><\/div><\/div><\/div><\/div><div class=\"wpb_column vc_column_container vc_col-sm-3\"><div class=\"vc_column-inner\"><div class=\"wpb_wrapper\"><div class=\"vc_empty_space\"   style=\"height: 32px\"><span class=\"vc_empty_space_inner\"><\/span><\/div>\n    \n  \n  <div class=\"content rouge\">\n     <a  href=\"\/es\/destino\/montana\/\"   >\n      <div class=\"content-overlay\"><\/div>\n      \t<img decoding=\"async\" src=\"https:\/\/www.lcv-hotels.com\/wp-content\/uploads\/2020\/02\/Montana.png\" class=\"content-image\"\/>\n      <div class=\"content-details fadeIn-bottom\">\n        <h3 class=\"content-title\"> + <\/h3>\n      <\/div>\n    <\/a>\n  <\/div>\n\n\n\n    <div class=\"vc_empty_space\"   style=\"height: 32px\"><span class=\"vc_empty_space_inner\"><\/span><\/div><\/div><\/div><\/div><div class=\"wpb_column vc_column_container vc_col-sm-3\"><div class=\"vc_column-inner\"><div class=\"wpb_wrapper\">\n    \n  \n  <div class=\"content vert\">\n     <a  href=\"\/es\/destino\/campana\/\"   >\n      <div class=\"content-overlay\"><\/div>\n      \t<img decoding=\"async\" src=\"https:\/\/www.lcv-hotels.com\/wp-content\/uploads\/2020\/02\/Campana.png\" class=\"content-image\"\/>\n      <div class=\"content-details fadeIn-bottom\">\n        <h3 class=\"content-title\"> + <\/h3>\n      <\/div>\n    <\/a>\n  <\/div>\n\n\n\n    <div class=\"vc_empty_space\"   style=\"height: 32px\"><span class=\"vc_empty_space_inner\"><\/span><\/div><\/div><\/div><\/div><div class=\"wpb_column vc_column_container vc_col-sm-3\"><div class=\"vc_column-inner\"><div class=\"wpb_wrapper\"><div class=\"vc_empty_space\"   style=\"height: 32px\"><span class=\"vc_empty_space_inner\"><\/span><\/div>\n    \n  \n  <div class=\"content orange\">\n     <a  href=\"\/es\/destino\/ciudad\/\"   >\n      <div class=\"content-overlay\"><\/div>\n      \t<img decoding=\"async\" src=\"https:\/\/www.lcv-hotels.com\/wp-content\/uploads\/2020\/03\/visuels_destinations-ES.png\" class=\"content-image\"\/>\n      <div class=\"content-details fadeIn-bottom\">\n        <h3 class=\"content-title\"> + <\/h3>\n      <\/div>\n    <\/a>\n  <\/div>\n\n\n\n    <div class=\"vc_empty_space\"   style=\"height: 32px\"><span class=\"vc_empty_space_inner\"><\/span><\/div><\/div><\/div><\/div><\/div><\/div><\/div><\/div><\/div><div data-vc-full-width=\"true\" data-vc-full-width-temp=\"true\" data-vc-full-width-init=\"false\" class=\"vc_row wpb_row vc_row-fluid vc_custom_1755605980892 vc_row-has-fill\"><div class=\"wpb_column vc_column_container vc_col-sm-12\"><div class=\"vc_column-inner\"><div class=\"wpb_wrapper\">    <div class=\"lcv-title text-center\">\n                <h2>El <span class=\"underscore\">blog de ocio<\/span><\/h2>\n\n    <\/div>\n    <div class=\"vc_empty_space\"   style=\"height: 32px\"><span class=\"vc_empty_space_inner\"><\/span><\/div><\/div><\/div><\/div><div class=\"wpb_column vc_column_container vc_col-sm-4\"><div class=\"vc_column-inner\"><div class=\"wpb_wrapper\">\n\t<div  class=\"wpb_single_image wpb_content_element vc_align_center wpb_content_element\">\n\t\t\n\t\t<figure class=\"wpb_wrapper vc_figure\">\n\t\t\t<a href=\"https:\/\/www.lcv-hotels.com\/es\/chateau-doex-decouvrez-les-alpes-suisse\/\" target=\"_self\" class=\"vc_single_image-wrapper   vc_box_border_grey\"><img loading=\"lazy\" decoding=\"async\" width=\"330\" height=\"234\" src=\"https:\/\/www.lcv-hotels.com\/wp-content\/uploads\/2025\/07\/3-330x234.png\" class=\"vc_single_image-img attachment-medium\" alt=\"\" title=\"3\" srcset=\"https:\/\/www.lcv-hotels.com\/wp-content\/uploads\/2025\/07\/3-330x234.png 330w, https:\/\/www.lcv-hotels.com\/wp-content\/uploads\/2025\/07\/3.png 768w\" sizes=\"auto, (max-width: 330px) 100vw, 330px\" \/><\/a>\n\t\t<\/figure>\n\t<\/div>\n\n\t<div  class=\"wpb_single_image wpb_content_element vc_align_center wpb_content_element\">\n\t\t\n\t\t<figure class=\"wpb_wrapper vc_figure\">\n\t\t\t<a href=\"https:\/\/www.lcv-hotels.com\/es\/chateau-doex-decouvrez-les-alpes-suisse\/\" target=\"_self\" class=\"vc_single_image-wrapper   vc_box_border_grey\"><img loading=\"lazy\" decoding=\"async\" width=\"330\" height=\"234\" src=\"https:\/\/www.lcv-hotels.com\/wp-content\/uploads\/2025\/07\/4-330x234.png\" class=\"vc_single_image-img attachment-medium\" alt=\"\" title=\"4\" srcset=\"https:\/\/www.lcv-hotels.com\/wp-content\/uploads\/2025\/07\/4-330x234.png 330w, https:\/\/www.lcv-hotels.com\/wp-content\/uploads\/2025\/07\/4.png 768w\" sizes=\"auto, (max-width: 330px) 100vw, 330px\" \/><\/a>\n\t\t<\/figure>\n\t<\/div>\n\n\t<div class=\"wpb_text_column wpb_content_element\" >\n\t\t<div class=\"wpb_wrapper\">\n\t\t\t\n\t\t<\/div>\n\t<\/div>\n<\/div><\/div><\/div><div class=\"wpb_column vc_column_container vc_col-sm-4\"><div class=\"vc_column-inner\"><div class=\"wpb_wrapper\">\n\t<div  class=\"wpb_single_image wpb_content_element vc_align_center wpb_content_element\">\n\t\t\n\t\t<figure class=\"wpb_wrapper vc_figure\">\n\t\t\t<a href=\"https:\/\/www.lcv-hotels.com\/es\/chateau-doex-des-activites-au-grand-air\/\" target=\"_self\" class=\"vc_single_image-wrapper   vc_box_border_grey\"><img loading=\"lazy\" decoding=\"async\" width=\"330\" height=\"234\" src=\"https:\/\/www.lcv-hotels.com\/wp-content\/uploads\/2025\/07\/1-330x234.png\" class=\"vc_single_image-img attachment-medium\" alt=\"\" title=\"1\" srcset=\"https:\/\/www.lcv-hotels.com\/wp-content\/uploads\/2025\/07\/1-330x234.png 330w, https:\/\/www.lcv-hotels.com\/wp-content\/uploads\/2025\/07\/1.png 768w\" sizes=\"auto, (max-width: 330px) 100vw, 330px\" \/><\/a>\n\t\t<\/figure>\n\t<\/div>\n\n\t<div  class=\"wpb_single_image wpb_content_element vc_align_center wpb_content_element\">\n\t\t\n\t\t<figure class=\"wpb_wrapper vc_figure\">\n\t\t\t<a href=\"https:\/\/www.lcv-hotels.com\/es\/lourdes-la-cite-mariale\/\" target=\"_self\" class=\"vc_single_image-wrapper   vc_box_border_grey\"><img loading=\"lazy\" decoding=\"async\" width=\"330\" height=\"234\" src=\"https:\/\/www.lcv-hotels.com\/wp-content\/uploads\/2025\/07\/2-330x234.png\" class=\"vc_single_image-img attachment-medium\" alt=\"\" title=\"2\" srcset=\"https:\/\/www.lcv-hotels.com\/wp-content\/uploads\/2025\/07\/2-330x234.png 330w, https:\/\/www.lcv-hotels.com\/wp-content\/uploads\/2025\/07\/2.png 768w\" sizes=\"auto, (max-width: 330px) 100vw, 330px\" \/><\/a>\n\t\t<\/figure>\n\t<\/div>\n<\/div><\/div><\/div><div class=\"wpb_column vc_column_container vc_col-sm-4\"><div class=\"vc_column-inner\"><div class=\"wpb_wrapper\">\n\t<div  class=\"wpb_single_image wpb_content_element vc_align_center wpb_content_element\">\n\t\t\n\t\t<figure class=\"wpb_wrapper vc_figure\">\n\t\t\t<a href=\"https:\/\/www.lcv-hotels.com\/es\/aix-en-provence-ville-dart-et-de-culture\/\" target=\"_self\" class=\"vc_single_image-wrapper   vc_box_border_grey\"><img loading=\"lazy\" decoding=\"async\" width=\"330\" height=\"234\" src=\"https:\/\/www.lcv-hotels.com\/wp-content\/uploads\/2023\/02\/aix-en-provence-330x234.png\" class=\"vc_single_image-img attachment-medium\" alt=\"\" title=\"aix en provence\" srcset=\"https:\/\/www.lcv-hotels.com\/wp-content\/uploads\/2023\/02\/aix-en-provence-330x234.png 330w, https:\/\/www.lcv-hotels.com\/wp-content\/uploads\/2023\/02\/aix-en-provence-1024x726.png 1024w, https:\/\/www.lcv-hotels.com\/wp-content\/uploads\/2023\/02\/aix-en-provence-768x545.png 768w, https:\/\/www.lcv-hotels.com\/wp-content\/uploads\/2023\/02\/aix-en-provence-1536x1090.png 1536w, https:\/\/www.lcv-hotels.com\/wp-content\/uploads\/2023\/02\/aix-en-provence.png 1748w\" sizes=\"auto, (max-width: 330px) 100vw, 330px\" \/><\/a>\n\t\t<\/figure>\n\t<\/div>\n\n\t<div  class=\"wpb_single_image wpb_content_element vc_align_center wpb_content_element\">\n\t\t\n\t\t<figure class=\"wpb_wrapper vc_figure\">\n\t\t\t<a href=\"https:\/\/www.lcv-hotels.com\/es\/neuchatel-ville-medievale\/\" target=\"_self\" class=\"vc_single_image-wrapper   vc_box_border_grey\"><img loading=\"lazy\" decoding=\"async\" width=\"330\" height=\"234\" src=\"https:\/\/www.lcv-hotels.com\/wp-content\/uploads\/2023\/02\/neuchatel-ville-medievale-330x234.png\" class=\"vc_single_image-img attachment-medium\" alt=\"ciudad medieval de neuchatel\" title=\"ciudad medieval de neuchatel\" srcset=\"https:\/\/www.lcv-hotels.com\/wp-content\/uploads\/2023\/02\/neuchatel-ville-medievale-330x234.png 330w, https:\/\/www.lcv-hotels.com\/wp-content\/uploads\/2023\/02\/neuchatel-ville-medievale-1024x726.png 1024w, https:\/\/www.lcv-hotels.com\/wp-content\/uploads\/2023\/02\/neuchatel-ville-medievale-768x545.png 768w, https:\/\/www.lcv-hotels.com\/wp-content\/uploads\/2023\/02\/neuchatel-ville-medievale-1536x1090.png 1536w, https:\/\/www.lcv-hotels.com\/wp-content\/uploads\/2023\/02\/neuchatel-ville-medievale.png 1748w\" sizes=\"auto, (max-width: 330px) 100vw, 330px\" \/><\/a>\n\t\t<\/figure>\n\t<\/div>\n<\/div><\/div><\/div><div class=\"wpb_column vc_column_container vc_col-sm-12\"><div class=\"vc_column-inner\"><div class=\"wpb_wrapper\"><div class=\"vc_empty_space\"   style=\"height: 32px\"><span class=\"vc_empty_space_inner\"><\/span><\/div><\/div><\/div><\/div><\/div><div class=\"vc_row-full-width vc_clearfix\"><\/div><div data-vc-full-width=\"true\" data-vc-full-width-temp=\"true\" data-vc-full-width-init=\"false\" data-vc-stretch-content=\"true\" class=\"vc_row wpb_row vc_row-fluid vc_custom_1579792014707 vc_row-has-fill vc_row-no-padding\"><div class=\"wpb_column vc_column_container vc_col-sm-12\"><div class=\"vc_column-inner\"><div class=\"wpb_wrapper\">\n\t<div class=\"wpb_text_column wpb_content_element\" >\n\t\t<div class=\"wpb_wrapper\">\n\t\t\t<h2><\/h2>\n<h2><\/h2>\n<h2 style=\"text-align: center;\">BIENVENIDO AL MUSEO DEL FERROCARRIL DE BLONAY-CHAMBY<\/h2>\n\n\t\t<\/div>\n\t<\/div>\n<\/div><\/div><\/div><\/div><div class=\"vc_row-full-width vc_clearfix\"><\/div><div class=\"vc_row wpb_row vc_row-fluid\"><div class=\"wpb_column vc_column_container vc_col-sm-12\"><div class=\"vc_column-inner\"><div class=\"wpb_wrapper\">\n\t<div  class=\"wpb_single_image wpb_content_element vc_align_center wpb_content_element\">\n\t\t\n\t\t<figure class=\"wpb_wrapper vc_figure\">\n\t\t\t<div class=\"vc_single_image-wrapper   vc_box_border_grey\"><img decoding=\"async\" class=\"vc_single_image-img\" src=\"https:\/\/www.lcv-hotels.com\/wp-content\/uploads\/2024\/01\/blonay-chamby-186x200.png\" width=\"186\" height=\"200\" alt=\"blonay chamby\" title=\"blonay chamby\" loading=\"lazy\" \/><\/div>\n\t\t<\/figure>\n\t<\/div>\n\n\t<div class=\"wpb_text_column wpb_content_element\" >\n\t\t<div class=\"wpb_wrapper\">\n\t\t\t<p style=\"text-align: center;\"><strong>El Grupo LCV sigue su camino en Suiza, e incluso en su ferrocarril \ud83d\ude42 .<\/strong><\/p>\n<p style=\"text-align: left;\">El Grupo acaba de firmar una nueva asociaci\u00f3n con el Chemin de fer-mus\u00e9e Blonay-Chamby.<\/p>\n<p style=\"text-align: left;\">El apego del grupo a los trenes est\u00e1 bien arraigado, y una vez m\u00e1s nos quedamos cerca de las v\u00edas f\u00e9rreas para viajar por el espacio y el tiempo.<\/p>\n<p style=\"text-align: left;\">A partir del 4 de mayo de 2025, los equipos de Comme Avants trabajar\u00e1n intensamente en el espacio caf\u00e9-restaurante del museo para saciar el apetito de los curiosos y aventureros que han venido a visitar el museo y disfrutar de una experiencia extraordinaria.<\/p>\n<p style=\"text-align: left;\">Ir directamente a la <a href=\"https:\/\/blonay-chamby.ch\/\">Web del museo<\/a> para reservar su visita.<\/p>\n\n\t\t<\/div>\n\t<\/div>\n<div class=\"vc_empty_space\"   style=\"height: 32px\"><span class=\"vc_empty_space_inner\"><\/span><\/div>\n\t<div class=\"wpb_video_widget wpb_content_element vc_clearfix   vc_video-aspect-ratio-169 vc_video-el-width-100 vc_video-align-left\" >\n\t\t<div class=\"wpb_wrapper\">\n\t\t\t\n\t\t\t<div class=\"wpb_video_wrapper\"><iframe loading=\"lazy\" title=\"\u00a1Blonay-Chamby se presenta!\" width=\"500\" height=\"281\" src=\"https:\/\/www.youtube.com\/embed\/ngQ4ftstErQ?feature=oembed\" frameborder=\"0\" allow=\"accelerometer; autoplay; clipboard-write; encrypted-media; gyroscope; picture-in-picture; web-share\" referrerpolicy=\"strict-origin-when-cross-origin\" allowfullscreen><\/iframe><\/div>\n\t\t<\/div>\n\t<\/div>\n<div class=\"vc_empty_space\"   style=\"height: 32px\"><span class=\"vc_empty_space_inner\"><\/span><\/div><\/div><\/div><\/div><\/div><div class=\"vc_row wpb_row vc_row-fluid\"><div class=\"wpb_column vc_column_container vc_col-sm-12\"><div class=\"vc_column-inner\"><div class=\"wpb_wrapper\"><\/div><\/div><\/div><\/div><!-- \/wp:post-content --><\/div>","protected":false},"excerpt":{"rendered":"Aix en Provence, la merveille Proven\u00e7ale... Connus \u00e0 travers le monde entier pour y avoir vu vivre le peintre C\u00e9zanne. [...]","protected":false},"author":2,"featured_media":0,"parent":0,"menu_order":0,"comment_status":"closed","ping_status":"closed","template":"template-default.php","meta":{"_acf_changed":false,"om_disable_all_campaigns":false,"footnotes":""},"class_list":["post-9","page","type-page","status-publish","hentry"],"acf":[],"yoast_head":"<!-- This site is optimized with the Yoast SEO plugin v26.8 - https:\/\/yoast.com\/product\/yoast-seo-wordpress\/ -->\n<title>S\u00e9jours et locations de vacances pas cher \u2013 LCV<\/title>\n<meta name=\"description\" content=\"R\u00e9servez votre s\u00e9jour en France ou en Suisse et s\u00e9journez dans nos appartements et h\u00f4tels pour des vacances en familles \u00e0 prix tout doux\" \/>\n<meta name=\"robots\" content=\"index, follow, max-snippet:-1, max-image-preview:large, max-video-preview:-1\" \/>\n<link rel=\"canonical\" href=\"https:\/\/www.lcv-hotels.com\/es\/\" \/>\n<meta property=\"og:locale\" content=\"es_ES\" \/>\n<meta property=\"og:type\" content=\"article\" \/>\n<meta property=\"og:title\" content=\"S\u00e9jours et locations de vacances pas cher \u2013 LCV\" \/>\n<meta property=\"og:description\" content=\"R\u00e9servez votre s\u00e9jour en France ou en Suisse et s\u00e9journez dans nos appartements et h\u00f4tels pour des vacances en familles \u00e0 prix tout doux\" \/>\n<meta property=\"og:url\" content=\"https:\/\/www.lcv-hotels.com\/es\/\" \/>\n<meta property=\"og:site_name\" content=\"LCV\" \/>\n<meta property=\"article:modified_time\" content=\"2025-09-09T14:54:23+00:00\" \/>\n<meta name=\"twitter:card\" content=\"summary_large_image\" \/>\n<meta name=\"twitter:label1\" content=\"Tiempo de lectura\" \/>\n\t<meta name=\"twitter:data1\" content=\"8 minutos\" \/>\n<script type=\"application\/ld+json\" class=\"yoast-schema-graph\">{\"@context\":\"https:\/\/schema.org\",\"@graph\":[{\"@type\":\"WebPage\",\"@id\":\"https:\/\/www.lcv-hotels.com\/\",\"url\":\"https:\/\/www.lcv-hotels.com\/\",\"name\":\"S\u00e9jours et locations de vacances pas cher \u2013 LCV\",\"isPartOf\":{\"@id\":\"https:\/\/www.lcv-hotels.com\/#website\"},\"datePublished\":\"2020-01-16T11:19:59+00:00\",\"dateModified\":\"2025-09-09T14:54:23+00:00\",\"description\":\"R\u00e9servez votre s\u00e9jour en France ou en Suisse et s\u00e9journez dans nos appartements et h\u00f4tels pour des vacances en familles \u00e0 prix tout doux\",\"breadcrumb\":{\"@id\":\"https:\/\/www.lcv-hotels.com\/#breadcrumb\"},\"inLanguage\":\"es\",\"potentialAction\":[{\"@type\":\"ReadAction\",\"target\":[\"https:\/\/www.lcv-hotels.com\/\"]}]},{\"@type\":\"BreadcrumbList\",\"@id\":\"https:\/\/www.lcv-hotels.com\/#breadcrumb\",\"itemListElement\":[{\"@type\":\"ListItem\",\"position\":1,\"name\":\"Accueil\",\"item\":\"https:\/\/www.lcv-hotels.com\/\"},{\"@type\":\"ListItem\",\"position\":2,\"name\":\"Accueil\"}]},{\"@type\":\"WebSite\",\"@id\":\"https:\/\/www.lcv-hotels.com\/#website\",\"url\":\"https:\/\/www.lcv-hotels.com\/\",\"name\":\"LCV\",\"description\":\"Vos vacances en France et en Suisse \u00e0 petit prix\",\"publisher\":{\"@id\":\"https:\/\/www.lcv-hotels.com\/#organization\"},\"potentialAction\":[{\"@type\":\"SearchAction\",\"target\":{\"@type\":\"EntryPoint\",\"urlTemplate\":\"https:\/\/www.lcv-hotels.com\/?s={search_term_string}\"},\"query-input\":{\"@type\":\"PropertyValueSpecification\",\"valueRequired\":true,\"valueName\":\"search_term_string\"}}],\"inLanguage\":\"es\"},{\"@type\":\"Organization\",\"@id\":\"https:\/\/www.lcv-hotels.com\/#organization\",\"name\":\"LCV\",\"url\":\"https:\/\/www.lcv-hotels.com\/\",\"logo\":{\"@type\":\"ImageObject\",\"inLanguage\":\"es\",\"@id\":\"https:\/\/www.lcv-hotels.com\/#\/schema\/logo\/image\/\",\"url\":\"https:\/\/www.lcv-hotels.com\/wp-content\/uploads\/2025\/08\/logo_LCV.svg\",\"contentUrl\":\"https:\/\/www.lcv-hotels.com\/wp-content\/uploads\/2025\/08\/logo_LCV.svg\",\"caption\":\"LCV\"},\"image\":{\"@id\":\"https:\/\/www.lcv-hotels.com\/#\/schema\/logo\/image\/\"}}]}<\/script>\n<!-- \/ Yoast SEO plugin. -->","yoast_head_json":{"title":"Vacaciones y alquileres de vacaciones baratos - LCV","description":"Reserve sus vacaciones en Francia o Suiza y al\u00f3jese en uno de nuestros pisos u hoteles para disfrutar de unas vacaciones en familia a un precio muy razonable.","robots":{"index":"index","follow":"follow","max-snippet":"max-snippet:-1","max-image-preview":"max-image-preview:large","max-video-preview":"max-video-preview:-1"},"canonical":"https:\/\/www.lcv-hotels.com\/es\/","og_locale":"es_ES","og_type":"article","og_title":"S\u00e9jours et locations de vacances pas cher \u2013 LCV","og_description":"R\u00e9servez votre s\u00e9jour en France ou en Suisse et s\u00e9journez dans nos appartements et h\u00f4tels pour des vacances en familles \u00e0 prix tout doux","og_url":"https:\/\/www.lcv-hotels.com\/es\/","og_site_name":"LCV","article_modified_time":"2025-09-09T14:54:23+00:00","twitter_card":"summary_large_image","twitter_misc":{"Tiempo de lectura":"8 minutos"},"schema":{"@context":"https:\/\/schema.org","@graph":[{"@type":"WebPage","@id":"https:\/\/www.lcv-hotels.com\/","url":"https:\/\/www.lcv-hotels.com\/","name":"Vacaciones y alquileres de vacaciones baratos - LCV","isPartOf":{"@id":"https:\/\/www.lcv-hotels.com\/#website"},"datePublished":"2020-01-16T11:19:59+00:00","dateModified":"2025-09-09T14:54:23+00:00","description":"Reserve sus vacaciones en Francia o Suiza y al\u00f3jese en uno de nuestros pisos u hoteles para disfrutar de unas vacaciones en familia a un precio muy razonable.","breadcrumb":{"@id":"https:\/\/www.lcv-hotels.com\/#breadcrumb"},"inLanguage":"es","potentialAction":[{"@type":"ReadAction","target":["https:\/\/www.lcv-hotels.com\/"]}]},{"@type":"BreadcrumbList","@id":"https:\/\/www.lcv-hotels.com\/#breadcrumb","itemListElement":[{"@type":"ListItem","position":1,"name":"Accueil","item":"https:\/\/www.lcv-hotels.com\/"},{"@type":"ListItem","position":2,"name":"Accueil"}]},{"@type":"WebSite","@id":"https:\/\/www.lcv-hotels.com\/#website","url":"https:\/\/www.lcv-hotels.com\/","name":"LCV","description":"Sus vacaciones en Francia y Suiza a precios bajos","publisher":{"@id":"https:\/\/www.lcv-hotels.com\/#organization"},"potentialAction":[{"@type":"SearchAction","target":{"@type":"EntryPoint","urlTemplate":"https:\/\/www.lcv-hotels.com\/?s={search_term_string}"},"query-input":{"@type":"PropertyValueSpecification","valueRequired":true,"valueName":"search_term_string"}}],"inLanguage":"es"},{"@type":"Organization","@id":"https:\/\/www.lcv-hotels.com\/#organization","name":"LCV","url":"https:\/\/www.lcv-hotels.com\/","logo":{"@type":"ImageObject","inLanguage":"es","@id":"https:\/\/www.lcv-hotels.com\/#\/schema\/logo\/image\/","url":"https:\/\/www.lcv-hotels.com\/wp-content\/uploads\/2025\/08\/logo_LCV.svg","contentUrl":"https:\/\/www.lcv-hotels.com\/wp-content\/uploads\/2025\/08\/logo_LCV.svg","caption":"LCV"},"image":{"@id":"https:\/\/www.lcv-hotels.com\/#\/schema\/logo\/image\/"}}]}},"post_mailing_queue_ids":[],"_links":{"self":[{"href":"https:\/\/www.lcv-hotels.com\/es\/wp-json\/wp\/v2\/pages\/9","targetHints":{"allow":["GET"]}}],"collection":[{"href":"https:\/\/www.lcv-hotels.com\/es\/wp-json\/wp\/v2\/pages"}],"about":[{"href":"https:\/\/www.lcv-hotels.com\/es\/wp-json\/wp\/v2\/types\/page"}],"author":[{"embeddable":true,"href":"https:\/\/www.lcv-hotels.com\/es\/wp-json\/wp\/v2\/users\/2"}],"replies":[{"embeddable":true,"href":"https:\/\/www.lcv-hotels.com\/es\/wp-json\/wp\/v2\/comments?post=9"}],"version-history":[{"count":200,"href":"https:\/\/www.lcv-hotels.com\/es\/wp-json\/wp\/v2\/pages\/9\/revisions"}],"predecessor-version":[{"id":70544,"href":"https:\/\/www.lcv-hotels.com\/es\/wp-json\/wp\/v2\/pages\/9\/revisions\/70544"}],"wp:attachment":[{"href":"https:\/\/www.lcv-hotels.com\/es\/wp-json\/wp\/v2\/media?parent=9"}],"curies":[{"name":"wp","href":"https:\/\/api.w.org\/{rel}","templated":true}]}}