{"id":3808,"date":"2020-02-28T11:45:43","date_gmt":"2020-02-28T10:45:43","guid":{"rendered":"https:\/\/lcv-hotels.com\/?page_id=3808"},"modified":"2025-08-01T15:43:44","modified_gmt":"2025-08-01T13:43:44","slug":"condizioni-di-vendita","status":"publish","type":"page","link":"https:\/\/www.lcv-hotels.com\/it\/condizioni-di-vendita\/","title":{"rendered":"Condizioni generali di vendita"},"content":{"rendered":"<div class=\"wpb-content-wrapper\"><div class=\"vc_row wpb_row vc_row-fluid\"><div class=\"wpb_column vc_column_container vc_col-sm-12\"><div class=\"vc_column-inner\"><div class=\"wpb_wrapper\">\n\t<div class=\"wpb_text_column wpb_content_element\" >\n\t\t<div class=\"wpb_wrapper\">\n\t\t\t<h3>Condizioni generali di vendita<\/h3>\n<p><strong><b>\u00a0<\/b><\/strong><\/p>\n<p><strong><b>Articolo 1 \u2013 Ambito di applicazione \u2013 Scopo<\/b><\/strong><\/p>\n<p>Le presenti condizioni generali di vendita definiscono i rapporti contrattuali tra LOISIRS COTE VACANCES e i clienti dei nostri hotel e residence, a meno che non vi sia un\u2019eccezione scritta specifica. Si applicano anche a tutte le prenotazioni effettuate tramite il nostro centro prenotazioni, direttamente con i nostri hotel e residence o via Internet. La registrazione della prenotazione e l\u2019invio della conferma costituiranno prova della transazione e accettazione delle operazioni effettuate. Qualsiasi prenotazione convalidata comporta l\u2019accettazione espressa e completa delle nostre condizioni generali di vendita, il riconoscimento di una perfetta conoscenza di essa e la rinuncia a avvalerci delle proprie condizioni di acquisto o di altre condizioni.<\/p>\n<p><strong><b>Articolo 2 \u2013 Modalit\u00e0 di prenotazione e pagamento<\/b><\/strong><\/p>\n<p>La prenotazione di un appartamento \u00e8 valida solo dopo l\u2019accettazione da parte del dipartimento prenotazioni o del gestore della residenza. e il pagamento di un acconto del 30% dell\u2019importo totale del soggiorno per le residenze e la fornitura di un numero di carta di credito garantito per gli hotel. In caso di pagamento anticipato, il saldo dovr\u00e0 essere versato 30 giorni prima della data di arrivo senza sollecito da parte nostra. In caso contrario, ci riserviamo il diritto di considerare la tua registrazione annullata e di applicare le spese di cancellazione fornite.<\/p>\n<p>Per la prenotazione online, il cliente \u00e8 pienamente informato che un mese prima della partenza, il saldo del prezzo del soggiorno e, se applicabile, i servizi associati saranno addebitati automaticamente e senza preavviso sul conto bancario utilizzato al momento della prenotazione.<\/p>\n<p>Per le prenotazioni effettuate meno di 1 mese prima dell\u2019inizio del soggiorno, il pagamento completo deve essere effettuato al momento della prenotazione.<\/p>\n<p>Per i clienti di passaggio e soggiorni mensili, il pagamento verr\u00e0 effettuato al momento della presentazione della fattura all\u2019arrivo.<\/p>\n<p>Le fatture saranno redatte a nome del residente o della persona giuridica responsabile del soggiorno. Il residente deve giustificare l\u2019assunzione da parte di detta persona giuridica delle proprie spese di soggiorno, in mancanza della quale la fattura verr\u00e0 compilata a suo nome.<\/p>\n<p><strong><b>Article 3 \u2013 Annullamento<\/b><\/strong><\/p>\n<p>Qualsiasi annullamento del soggiorno deve essere notificato con lettera raccomandata con ricevuta di ritorno indirizzata al nostro ufficio prenotazioni e sar\u00e0 presa in considerazione alla data di ricezione.<\/p>\n<p><strong><b>R\u00e9sidenze LCV :<\/b><\/strong><\/p>\n<p>Le indennit\u00e0 di annullamento saranno ricevute di diritto e senza formalit\u00e0 nei seguenti casi e condizioni:<\/p>\n<ul>\n<li>Cancellazione oltre 7 giorni prima della data di arrivo, le spese di prenotazione verranno trattenute.<\/li>\n<li>La cancellazione tra il 7 \u00b0 e il 3 \u00b0 giorno prima della data di arrivo, sar\u00e0 trattenuto il 50% dell\u2019importo totale del soggiorno e le spese di prenotazione.<\/li>\n<li>Cancellazione 3 giorni o meno prima della data di arrivo o no show, verr\u00e0 trattenuto il 100% del soggiorno e le spese di prenotazione.<\/li>\n<\/ul>\n<p><strong><b>Hotel LCV e residenze alberghiere :<\/b><\/strong><\/p>\n<p>Le indennit\u00e0 di annullamento saranno ricevute di diritto e senza formalit\u00e0 nei seguenti casi e condizioni:<\/p>\n<ul>\n<li>Cacellazione 2 giorni o meno prima della data di arrivo o no show, la prima notte del soggiorno verr\u00e0 addebitata sulla tua carta di credito. Per ottenere un eventuale rimborso, ti consigliamo di stipulare la cancellazione \u2013 interruzione dell\u2019assicurazione di soggiorno.<\/li>\n<\/ul>\n<p><strong><b>Articolo 4 \u2013 Durata del soggiorno<\/b><\/strong><\/p>\n<p>Ad eccezione di specifici contratti con i nostri partner (\u201cassegnazione\u201d), nessun contratto di noleggio pu\u00f2 essere firmato per un periodo superiore a 1 mese.<\/p>\n<p><strong><b>Estensione<\/b><\/strong><\/p>\n<p>In base alla disponibilit\u00e0 ea discrezione del gestore della residenza, la durata del soggiorno pu\u00f2 essere estesa. In caso di proroga, verr\u00e0 firmato un nuovo contratto di noleggio. Qualsiasi estensione richiede che tutti gli importi dovuti dal cliente per il soggiorno precedente siano saldati in anticipo.<\/p>\n<p><strong><b>Partenza anticipata<\/b><\/strong><\/p>\n<p>Il soggiorno pu\u00f2 essere interrotto prima della scadenza concordata, informando il gestore della residenza entro i seguenti termini:<\/p>\n<ul>\n<li>Pi\u00f9 di 48 ore di anticipo nel caso di un soggiorno inferiore a 7 notti.<\/li>\n<li>Pi\u00f9 di 7 giorni di anticipo per un soggiorno da 7 a 29 notti. In caso di partenza anticipata, il prezzo applicabile sar\u00e0 quello corrispondente alla durata cos\u00ec abbreviata. Qualsiasi modifica del prezzo collegata a una partenza si applica retroattivamente al conto del cliente dalla data del suo arrivo.<\/li>\n<\/ul>\n<p>In caso di partenza anticipata, il prezzo applicabile sar\u00e0 quello corrispondente alla durata cos\u00ec abbreviata. Qualsiasi modifica del prezzo collegata a una partenza si applica retroattivamente al conto del cliente dalla data del suo arrivo.<\/p>\n<p><strong><b>Article 5 \u2013 Arrivo \/ Partenza<\/b><\/strong><\/p>\n<p>R\u00e9sidenze LCV :<br \/>\nIn alta stagione, se non espressamente concordato dal dipartimento prenotazioni o dal gestore della residenza, il soggiorno minimo \u00e8 di 7 notti con un arrivo previsto il sabato, tra le 17:00 e le 20:00, e una partenza il sabato successivo entro le 10:00.<\/p>\n<p>In bassa stagione, i giorni di arrivo sono gratuiti, il soggiorno minimo \u00e8 di 2 notti, con arrivo dalle 17:00 e partenza entro le 10:00.<\/p>\n<p><strong><b>Article 6 \u2013 Prezzo<\/b><\/strong><\/p>\n<p>I nostri prezzi sono comprensivi di tutte le tasse e includono, se non diversamente stabilito nel contratto di noleggio, la fornitura di alloggio e spese (elettricit\u00e0 extra per affitti mensili). La tassa di soggiorno \u00e8 per persona e giorno a partire da 13 anni ed \u00e8 regolabile in loco.<\/p>\n\n\t\t<\/div>\n\t<\/div>\n<\/div><\/div><\/div><\/div>\n<\/div>","protected":false},"excerpt":{"rendered":"Conditions G\u00e9n\u00e9rales de Vente \u00a0 Article 1 - Champ d\u2019application \u2013 Objet Les pr\u00e9sentes conditions g\u00e9n\u00e9rales de vente d\u00e9finissent les [...]","protected":false},"author":2,"featured_media":0,"parent":0,"menu_order":0,"comment_status":"closed","ping_status":"closed","template":"template-default.php","meta":{"_acf_changed":false,"om_disable_all_campaigns":false,"footnotes":""},"class_list":["post-3808","page","type-page","status-publish","hentry"],"acf":[],"yoast_head":"<!-- This site is optimized with the Yoast SEO plugin v26.8 - https:\/\/yoast.com\/product\/yoast-seo-wordpress\/ -->\n<title>Conditions G\u00e9n\u00e9rales de Vente - LCV<\/title>\n<meta name=\"robots\" content=\"index, nofollow, max-snippet:-1, max-image-preview:large, max-video-preview:-1\" \/>\n<link rel=\"canonical\" href=\"https:\/\/www.lcv-hotels.com\/it\/condizioni-di-vendita\/\" \/>\n<meta property=\"og:locale\" content=\"it_IT\" \/>\n<meta property=\"og:type\" content=\"article\" \/>\n<meta property=\"og:title\" content=\"Conditions G\u00e9n\u00e9rales de Vente - LCV\" \/>\n<meta property=\"og:url\" content=\"https:\/\/www.lcv-hotels.com\/it\/condizioni-di-vendita\/\" \/>\n<meta property=\"og:site_name\" content=\"LCV\" \/>\n<meta property=\"article:modified_time\" content=\"2025-08-01T13:43:44+00:00\" \/>\n<meta name=\"twitter:card\" content=\"summary_large_image\" \/>\n<meta name=\"twitter:label1\" content=\"Tempo di lettura stimato\" \/>\n\t<meta name=\"twitter:data1\" content=\"5 minuti\" \/>\n<script type=\"application\/ld+json\" class=\"yoast-schema-graph\">{\"@context\":\"https:\/\/schema.org\",\"@graph\":[{\"@type\":\"WebPage\",\"@id\":\"https:\/\/www.lcv-hotels.com\/conditions-generales-de-vente\/\",\"url\":\"https:\/\/www.lcv-hotels.com\/conditions-generales-de-vente\/\",\"name\":\"Conditions G\u00e9n\u00e9rales de Vente - LCV\",\"isPartOf\":{\"@id\":\"https:\/\/www.lcv-hotels.com\/#website\"},\"datePublished\":\"2020-02-28T10:45:43+00:00\",\"dateModified\":\"2025-08-01T13:43:44+00:00\",\"breadcrumb\":{\"@id\":\"https:\/\/www.lcv-hotels.com\/conditions-generales-de-vente\/#breadcrumb\"},\"inLanguage\":\"it-IT\",\"potentialAction\":[{\"@type\":\"ReadAction\",\"target\":[\"https:\/\/www.lcv-hotels.com\/conditions-generales-de-vente\/\"]}]},{\"@type\":\"BreadcrumbList\",\"@id\":\"https:\/\/www.lcv-hotels.com\/conditions-generales-de-vente\/#breadcrumb\",\"itemListElement\":[{\"@type\":\"ListItem\",\"position\":1,\"name\":\"Accueil\",\"item\":\"https:\/\/www.lcv-hotels.com\/\"},{\"@type\":\"ListItem\",\"position\":2,\"name\":\"Conditions G\u00e9n\u00e9rales de Vente\"}]},{\"@type\":\"WebSite\",\"@id\":\"https:\/\/www.lcv-hotels.com\/#website\",\"url\":\"https:\/\/www.lcv-hotels.com\/\",\"name\":\"LCV\",\"description\":\"Vos vacances en France et en Suisse \u00e0 petit prix\",\"publisher\":{\"@id\":\"https:\/\/www.lcv-hotels.com\/#organization\"},\"potentialAction\":[{\"@type\":\"SearchAction\",\"target\":{\"@type\":\"EntryPoint\",\"urlTemplate\":\"https:\/\/www.lcv-hotels.com\/?s={search_term_string}\"},\"query-input\":{\"@type\":\"PropertyValueSpecification\",\"valueRequired\":true,\"valueName\":\"search_term_string\"}}],\"inLanguage\":\"it-IT\"},{\"@type\":\"Organization\",\"@id\":\"https:\/\/www.lcv-hotels.com\/#organization\",\"name\":\"LCV\",\"url\":\"https:\/\/www.lcv-hotels.com\/\",\"logo\":{\"@type\":\"ImageObject\",\"inLanguage\":\"it-IT\",\"@id\":\"https:\/\/www.lcv-hotels.com\/#\/schema\/logo\/image\/\",\"url\":\"https:\/\/www.lcv-hotels.com\/wp-content\/uploads\/2025\/08\/logo_LCV.svg\",\"contentUrl\":\"https:\/\/www.lcv-hotels.com\/wp-content\/uploads\/2025\/08\/logo_LCV.svg\",\"caption\":\"LCV\"},\"image\":{\"@id\":\"https:\/\/www.lcv-hotels.com\/#\/schema\/logo\/image\/\"}}]}<\/script>\n<!-- \/ Yoast SEO plugin. -->","yoast_head_json":{"title":"Conditions G\u00e9n\u00e9rales de Vente - LCV","robots":{"index":"index","follow":"nofollow","max-snippet":"max-snippet:-1","max-image-preview":"max-image-preview:large","max-video-preview":"max-video-preview:-1"},"canonical":"https:\/\/www.lcv-hotels.com\/it\/condizioni-di-vendita\/","og_locale":"it_IT","og_type":"article","og_title":"Conditions G\u00e9n\u00e9rales de Vente - LCV","og_url":"https:\/\/www.lcv-hotels.com\/it\/condizioni-di-vendita\/","og_site_name":"LCV","article_modified_time":"2025-08-01T13:43:44+00:00","twitter_card":"summary_large_image","twitter_misc":{"Tempo di lettura stimato":"5 minuti"},"schema":{"@context":"https:\/\/schema.org","@graph":[{"@type":"WebPage","@id":"https:\/\/www.lcv-hotels.com\/conditions-generales-de-vente\/","url":"https:\/\/www.lcv-hotels.com\/conditions-generales-de-vente\/","name":"Conditions G\u00e9n\u00e9rales de Vente - LCV","isPartOf":{"@id":"https:\/\/www.lcv-hotels.com\/#website"},"datePublished":"2020-02-28T10:45:43+00:00","dateModified":"2025-08-01T13:43:44+00:00","breadcrumb":{"@id":"https:\/\/www.lcv-hotels.com\/conditions-generales-de-vente\/#breadcrumb"},"inLanguage":"it-IT","potentialAction":[{"@type":"ReadAction","target":["https:\/\/www.lcv-hotels.com\/conditions-generales-de-vente\/"]}]},{"@type":"BreadcrumbList","@id":"https:\/\/www.lcv-hotels.com\/conditions-generales-de-vente\/#breadcrumb","itemListElement":[{"@type":"ListItem","position":1,"name":"Accueil","item":"https:\/\/www.lcv-hotels.com\/"},{"@type":"ListItem","position":2,"name":"Conditions G\u00e9n\u00e9rales de Vente"}]},{"@type":"WebSite","@id":"https:\/\/www.lcv-hotels.com\/#website","url":"https:\/\/www.lcv-hotels.com\/","name":"LCV","description":"Le vostre vacanze in Francia e Svizzera a prezzi bassi","publisher":{"@id":"https:\/\/www.lcv-hotels.com\/#organization"},"potentialAction":[{"@type":"SearchAction","target":{"@type":"EntryPoint","urlTemplate":"https:\/\/www.lcv-hotels.com\/?s={search_term_string}"},"query-input":{"@type":"PropertyValueSpecification","valueRequired":true,"valueName":"search_term_string"}}],"inLanguage":"it-IT"},{"@type":"Organization","@id":"https:\/\/www.lcv-hotels.com\/#organization","name":"LCV","url":"https:\/\/www.lcv-hotels.com\/","logo":{"@type":"ImageObject","inLanguage":"it-IT","@id":"https:\/\/www.lcv-hotels.com\/#\/schema\/logo\/image\/","url":"https:\/\/www.lcv-hotels.com\/wp-content\/uploads\/2025\/08\/logo_LCV.svg","contentUrl":"https:\/\/www.lcv-hotels.com\/wp-content\/uploads\/2025\/08\/logo_LCV.svg","caption":"LCV"},"image":{"@id":"https:\/\/www.lcv-hotels.com\/#\/schema\/logo\/image\/"}}]}},"post_mailing_queue_ids":[],"_links":{"self":[{"href":"https:\/\/www.lcv-hotels.com\/it\/wp-json\/wp\/v2\/pages\/3808","targetHints":{"allow":["GET"]}}],"collection":[{"href":"https:\/\/www.lcv-hotels.com\/it\/wp-json\/wp\/v2\/pages"}],"about":[{"href":"https:\/\/www.lcv-hotels.com\/it\/wp-json\/wp\/v2\/types\/page"}],"author":[{"embeddable":true,"href":"https:\/\/www.lcv-hotels.com\/it\/wp-json\/wp\/v2\/users\/2"}],"replies":[{"embeddable":true,"href":"https:\/\/www.lcv-hotels.com\/it\/wp-json\/wp\/v2\/comments?post=3808"}],"version-history":[{"count":3,"href":"https:\/\/www.lcv-hotels.com\/it\/wp-json\/wp\/v2\/pages\/3808\/revisions"}],"predecessor-version":[{"id":5110,"href":"https:\/\/www.lcv-hotels.com\/it\/wp-json\/wp\/v2\/pages\/3808\/revisions\/5110"}],"wp:attachment":[{"href":"https:\/\/www.lcv-hotels.com\/it\/wp-json\/wp\/v2\/media?parent=3808"}],"curies":[{"name":"wp","href":"https:\/\/api.w.org\/{rel}","templated":true}]}}