{"id":41348,"date":"2023-03-30T10:43:03","date_gmt":"2023-03-30T08:43:03","guid":{"rendered":"https:\/\/lcv-hotels.com\/?page_id=41348"},"modified":"2025-08-01T15:43:44","modified_gmt":"2025-08-01T13:43:44","slug":"aix-en-provence-ville-dart-et-de-culture","status":"publish","type":"page","link":"https:\/\/www.lcv-hotels.com\/it\/aix-en-provence-ville-dart-et-de-culture\/","title":{"rendered":"Aix-en-Provence, ville d&rsquo;art et de culture"},"content":{"rendered":"<figure class=\"wp-block-image size-large\"><img loading=\"lazy\" decoding=\"async\" width=\"576\" height=\"1024\" src=\"https:\/\/lcv-hotels.com\/wp-content\/uploads\/2023\/02\/aix-en-provence-article-576x1024.png\" alt=\"r\u00e9sidence aixoise\" class=\"wp-image-40585\"\/><\/figure>\n\n\n\n<p>Proche de la Sainte-Victoire, ville du peintre Paul C\u00e9zanne, Aix-en-Provence regorge de mille et un tr\u00e9sors.<\/p>\n\n\n\n<p>Dans le prolongement du cours Mirabeau, admirez la sublime fontaine de la Rotonde, puis, enfoncez-vous dans la vieille ville pour aller sur la place de la poste installez-vous en terrasse \u00e0 l\u2019ombre des platanes, un verre \u00e0 la main et profitez de la douce ambiance de la Provence.<\/p>\n\n\n\n<p>Depuis cette place, vous pouvez rejoindre la typique place des cardeurs et au d\u00e9tour d\u2019une ruelle pav\u00e9e, d\u00e9couvrez les boutiques de savons de Marseille et offrez-vous quelques calissons et navettes au doux parfum de fleur d\u2019oranger.<\/p>\n\n\n\n<p>Vous pourrez \u00e9galement y visiter de nombreux mus\u00e9es tels que l\u2019Atelier de C\u00e9zanne, la Fondation Saint-John Perse, la fondation Vasarely ou le mus\u00e9e du Calisson-Confiserie du Roi Ren\u00e9 et bien d\u2019autres.<\/p>\n\n\n\n<p>Rendez-vous le site de l\u2019office du tourisme d\u2019Aix pour plus renseignements.<\/p>\n\n\n\n<p><a href=\"https:\/\/www.aixenprovencetourism.com\/\">https:\/\/www.aixenprovencetourism.com\/<\/a><\/p>","protected":false},"excerpt":{"rendered":"<p>Proche de la Sainte-Victoire, ville du peintre Paul C\u00e9zanne, Aix-en-Provence regorge de mille et un tr\u00e9sors. Dans le prolongement du [&hellip;]<\/p>","protected":false},"author":8,"featured_media":0,"parent":0,"menu_order":0,"comment_status":"closed","ping_status":"closed","template":"","meta":{"_acf_changed":false,"om_disable_all_campaigns":false,"footnotes":""},"class_list":["post-41348","page","type-page","status-publish","hentry"],"acf":[],"yoast_head":"<!-- This site is optimized with the Yoast SEO plugin v26.8 - https:\/\/yoast.com\/product\/yoast-seo-wordpress\/ -->\n<title>Aix-en-Provence, ville d&#039;art et de culture - LCV<\/title>\n<meta name=\"description\" content=\"R\u00e9servez votre appart&#039;h\u00f4tel de la R\u00e9sidence Aixoise et profitez de votre s\u00e9jour en famille ou en amoureux \u00e0 Aix-en-Provence\" \/>\n<meta name=\"robots\" content=\"index, follow, max-snippet:-1, max-image-preview:large, max-video-preview:-1\" \/>\n<link rel=\"canonical\" href=\"https:\/\/www.lcv-hotels.com\/it\/aix-en-provence-ville-dart-et-de-culture\/\" \/>\n<meta property=\"og:locale\" content=\"it_IT\" \/>\n<meta property=\"og:type\" content=\"article\" \/>\n<meta property=\"og:title\" content=\"Aix-en-Provence, ville d&#039;art et de culture - LCV\" \/>\n<meta property=\"og:description\" content=\"R\u00e9servez votre appart&#039;h\u00f4tel de la R\u00e9sidence Aixoise et profitez de votre s\u00e9jour en famille ou en amoureux \u00e0 Aix-en-Provence\" \/>\n<meta property=\"og:url\" content=\"https:\/\/www.lcv-hotels.com\/it\/aix-en-provence-ville-dart-et-de-culture\/\" \/>\n<meta property=\"og:site_name\" content=\"LCV\" \/>\n<meta property=\"article:modified_time\" content=\"2025-08-01T13:43:44+00:00\" \/>\n<meta property=\"og:image\" content=\"https:\/\/lcv-hotels.com\/wp-content\/uploads\/2023\/02\/aix-en-provence-article-576x1024.png\" \/>\n<meta name=\"twitter:card\" content=\"summary_large_image\" \/>\n<meta name=\"twitter:label1\" content=\"Tempo di lettura stimato\" \/>\n\t<meta name=\"twitter:data1\" content=\"1 minuto\" \/>\n<script type=\"application\/ld+json\" class=\"yoast-schema-graph\">{\"@context\":\"https:\/\/schema.org\",\"@graph\":[{\"@type\":\"WebPage\",\"@id\":\"https:\/\/www.lcv-hotels.com\/aix-en-provence-ville-dart-et-de-culture\/\",\"url\":\"https:\/\/www.lcv-hotels.com\/aix-en-provence-ville-dart-et-de-culture\/\",\"name\":\"Aix-en-Provence, ville d'art et de culture - LCV\",\"isPartOf\":{\"@id\":\"https:\/\/www.lcv-hotels.com\/#website\"},\"primaryImageOfPage\":{\"@id\":\"https:\/\/www.lcv-hotels.com\/aix-en-provence-ville-dart-et-de-culture\/#primaryimage\"},\"image\":{\"@id\":\"https:\/\/www.lcv-hotels.com\/aix-en-provence-ville-dart-et-de-culture\/#primaryimage\"},\"thumbnailUrl\":\"https:\/\/lcv-hotels.com\/wp-content\/uploads\/2023\/02\/aix-en-provence-article-576x1024.png\",\"datePublished\":\"2023-03-30T08:43:03+00:00\",\"dateModified\":\"2025-08-01T13:43:44+00:00\",\"description\":\"R\u00e9servez votre appart'h\u00f4tel de la R\u00e9sidence Aixoise et profitez de votre s\u00e9jour en famille ou en amoureux \u00e0 Aix-en-Provence\",\"breadcrumb\":{\"@id\":\"https:\/\/www.lcv-hotels.com\/aix-en-provence-ville-dart-et-de-culture\/#breadcrumb\"},\"inLanguage\":\"it-IT\",\"potentialAction\":[{\"@type\":\"ReadAction\",\"target\":[\"https:\/\/www.lcv-hotels.com\/aix-en-provence-ville-dart-et-de-culture\/\"]}]},{\"@type\":\"ImageObject\",\"inLanguage\":\"it-IT\",\"@id\":\"https:\/\/www.lcv-hotels.com\/aix-en-provence-ville-dart-et-de-culture\/#primaryimage\",\"url\":\"https:\/\/lcv-hotels.com\/wp-content\/uploads\/2023\/02\/aix-en-provence-article-576x1024.png\",\"contentUrl\":\"https:\/\/lcv-hotels.com\/wp-content\/uploads\/2023\/02\/aix-en-provence-article-576x1024.png\"},{\"@type\":\"BreadcrumbList\",\"@id\":\"https:\/\/www.lcv-hotels.com\/aix-en-provence-ville-dart-et-de-culture\/#breadcrumb\",\"itemListElement\":[{\"@type\":\"ListItem\",\"position\":1,\"name\":\"Accueil\",\"item\":\"https:\/\/www.lcv-hotels.com\/\"},{\"@type\":\"ListItem\",\"position\":2,\"name\":\"Aix-en-Provence, ville d&rsquo;art et de culture\"}]},{\"@type\":\"WebSite\",\"@id\":\"https:\/\/www.lcv-hotels.com\/#website\",\"url\":\"https:\/\/www.lcv-hotels.com\/\",\"name\":\"LCV\",\"description\":\"Vos vacances en France et en Suisse \u00e0 petit prix\",\"publisher\":{\"@id\":\"https:\/\/www.lcv-hotels.com\/#organization\"},\"potentialAction\":[{\"@type\":\"SearchAction\",\"target\":{\"@type\":\"EntryPoint\",\"urlTemplate\":\"https:\/\/www.lcv-hotels.com\/?s={search_term_string}\"},\"query-input\":{\"@type\":\"PropertyValueSpecification\",\"valueRequired\":true,\"valueName\":\"search_term_string\"}}],\"inLanguage\":\"it-IT\"},{\"@type\":\"Organization\",\"@id\":\"https:\/\/www.lcv-hotels.com\/#organization\",\"name\":\"LCV\",\"url\":\"https:\/\/www.lcv-hotels.com\/\",\"logo\":{\"@type\":\"ImageObject\",\"inLanguage\":\"it-IT\",\"@id\":\"https:\/\/www.lcv-hotels.com\/#\/schema\/logo\/image\/\",\"url\":\"https:\/\/www.lcv-hotels.com\/wp-content\/uploads\/2025\/08\/logo_LCV.svg\",\"contentUrl\":\"https:\/\/www.lcv-hotels.com\/wp-content\/uploads\/2025\/08\/logo_LCV.svg\",\"caption\":\"LCV\"},\"image\":{\"@id\":\"https:\/\/www.lcv-hotels.com\/#\/schema\/logo\/image\/\"}}]}<\/script>\n<!-- \/ Yoast SEO plugin. -->","yoast_head_json":{"title":"Aix-en-Provence, ville d'art et de culture - LCV","description":"R\u00e9servez votre appart'h\u00f4tel de la R\u00e9sidence Aixoise et profitez de votre s\u00e9jour en famille ou en amoureux \u00e0 Aix-en-Provence","robots":{"index":"index","follow":"follow","max-snippet":"max-snippet:-1","max-image-preview":"max-image-preview:large","max-video-preview":"max-video-preview:-1"},"canonical":"https:\/\/www.lcv-hotels.com\/it\/aix-en-provence-ville-dart-et-de-culture\/","og_locale":"it_IT","og_type":"article","og_title":"Aix-en-Provence, ville d'art et de culture - LCV","og_description":"R\u00e9servez votre appart'h\u00f4tel de la R\u00e9sidence Aixoise et profitez de votre s\u00e9jour en famille ou en amoureux \u00e0 Aix-en-Provence","og_url":"https:\/\/www.lcv-hotels.com\/it\/aix-en-provence-ville-dart-et-de-culture\/","og_site_name":"LCV","article_modified_time":"2025-08-01T13:43:44+00:00","og_image":[{"url":"https:\/\/lcv-hotels.com\/wp-content\/uploads\/2023\/02\/aix-en-provence-article-576x1024.png","type":"","width":"","height":""}],"twitter_card":"summary_large_image","twitter_misc":{"Tempo di lettura stimato":"1 minuto"},"schema":{"@context":"https:\/\/schema.org","@graph":[{"@type":"WebPage","@id":"https:\/\/www.lcv-hotels.com\/aix-en-provence-ville-dart-et-de-culture\/","url":"https:\/\/www.lcv-hotels.com\/aix-en-provence-ville-dart-et-de-culture\/","name":"Aix-en-Provence, ville d'art et de culture - LCV","isPartOf":{"@id":"https:\/\/www.lcv-hotels.com\/#website"},"primaryImageOfPage":{"@id":"https:\/\/www.lcv-hotels.com\/aix-en-provence-ville-dart-et-de-culture\/#primaryimage"},"image":{"@id":"https:\/\/www.lcv-hotels.com\/aix-en-provence-ville-dart-et-de-culture\/#primaryimage"},"thumbnailUrl":"https:\/\/lcv-hotels.com\/wp-content\/uploads\/2023\/02\/aix-en-provence-article-576x1024.png","datePublished":"2023-03-30T08:43:03+00:00","dateModified":"2025-08-01T13:43:44+00:00","description":"R\u00e9servez votre appart'h\u00f4tel de la R\u00e9sidence Aixoise et profitez de votre s\u00e9jour en famille ou en amoureux \u00e0 Aix-en-Provence","breadcrumb":{"@id":"https:\/\/www.lcv-hotels.com\/aix-en-provence-ville-dart-et-de-culture\/#breadcrumb"},"inLanguage":"it-IT","potentialAction":[{"@type":"ReadAction","target":["https:\/\/www.lcv-hotels.com\/aix-en-provence-ville-dart-et-de-culture\/"]}]},{"@type":"ImageObject","inLanguage":"it-IT","@id":"https:\/\/www.lcv-hotels.com\/aix-en-provence-ville-dart-et-de-culture\/#primaryimage","url":"https:\/\/lcv-hotels.com\/wp-content\/uploads\/2023\/02\/aix-en-provence-article-576x1024.png","contentUrl":"https:\/\/lcv-hotels.com\/wp-content\/uploads\/2023\/02\/aix-en-provence-article-576x1024.png"},{"@type":"BreadcrumbList","@id":"https:\/\/www.lcv-hotels.com\/aix-en-provence-ville-dart-et-de-culture\/#breadcrumb","itemListElement":[{"@type":"ListItem","position":1,"name":"Accueil","item":"https:\/\/www.lcv-hotels.com\/"},{"@type":"ListItem","position":2,"name":"Aix-en-Provence, ville d&rsquo;art et de culture"}]},{"@type":"WebSite","@id":"https:\/\/www.lcv-hotels.com\/#website","url":"https:\/\/www.lcv-hotels.com\/","name":"LCV","description":"Le vostre vacanze in Francia e Svizzera a prezzi bassi","publisher":{"@id":"https:\/\/www.lcv-hotels.com\/#organization"},"potentialAction":[{"@type":"SearchAction","target":{"@type":"EntryPoint","urlTemplate":"https:\/\/www.lcv-hotels.com\/?s={search_term_string}"},"query-input":{"@type":"PropertyValueSpecification","valueRequired":true,"valueName":"search_term_string"}}],"inLanguage":"it-IT"},{"@type":"Organization","@id":"https:\/\/www.lcv-hotels.com\/#organization","name":"LCV","url":"https:\/\/www.lcv-hotels.com\/","logo":{"@type":"ImageObject","inLanguage":"it-IT","@id":"https:\/\/www.lcv-hotels.com\/#\/schema\/logo\/image\/","url":"https:\/\/www.lcv-hotels.com\/wp-content\/uploads\/2025\/08\/logo_LCV.svg","contentUrl":"https:\/\/www.lcv-hotels.com\/wp-content\/uploads\/2025\/08\/logo_LCV.svg","caption":"LCV"},"image":{"@id":"https:\/\/www.lcv-hotels.com\/#\/schema\/logo\/image\/"}}]}},"post_mailing_queue_ids":[],"_links":{"self":[{"href":"https:\/\/www.lcv-hotels.com\/it\/wp-json\/wp\/v2\/pages\/41348","targetHints":{"allow":["GET"]}}],"collection":[{"href":"https:\/\/www.lcv-hotels.com\/it\/wp-json\/wp\/v2\/pages"}],"about":[{"href":"https:\/\/www.lcv-hotels.com\/it\/wp-json\/wp\/v2\/types\/page"}],"author":[{"embeddable":true,"href":"https:\/\/www.lcv-hotels.com\/it\/wp-json\/wp\/v2\/users\/8"}],"replies":[{"embeddable":true,"href":"https:\/\/www.lcv-hotels.com\/it\/wp-json\/wp\/v2\/comments?post=41348"}],"version-history":[{"count":1,"href":"https:\/\/www.lcv-hotels.com\/it\/wp-json\/wp\/v2\/pages\/41348\/revisions"}],"predecessor-version":[{"id":41349,"href":"https:\/\/www.lcv-hotels.com\/it\/wp-json\/wp\/v2\/pages\/41348\/revisions\/41349"}],"wp:attachment":[{"href":"https:\/\/www.lcv-hotels.com\/it\/wp-json\/wp\/v2\/media?parent=41348"}],"curies":[{"name":"wp","href":"https:\/\/api.w.org\/{rel}","templated":true}]}}